{"id":15618,"date":"2025-04-11T15:52:44","date_gmt":"2025-04-11T13:52:44","guid":{"rendered":"https:\/\/www.lumist.si\/?post_type=product&#038;p=15618"},"modified":"2026-03-19T10:09:17","modified_gmt":"2026-03-19T09:09:17","slug":"papircki-za-muffine-tulip-rjavi-50-kos","status":"publish","type":"product","link":"https:\/\/www.lumist.si\/hr\/proizvod\/papircki-za-muffine-tulip-rjavi-50-kos\/","title":{"rendered":"Papir\u010dki za muffine Tulip rjavi, 50 kos"},"content":{"rendered":"","protected":false},"excerpt":{"rendered":"<p>Papir\u010dki za muffine<\/p>\n<p>Dimenzije:\u00a0 dno 5 cm vi\u0161ina 8 cm<br \/>\nBarva: rjava<br \/>\nMaterial: Med peko ohrani obliko in ne prepu\u0161\u010dajo ma\u0161\u010dobo<\/p>\n<p>&nbsp;<\/p>","protected":false},"featured_media":15619,"comment_status":"open","ping_status":"closed","template":"","meta":{"om_disable_all_campaigns":false,"inline_featured_image":false,"_monsterinsights_skip_tracking":false,"_monsterinsights_sitenote_active":false,"_monsterinsights_sitenote_note":"","_monsterinsights_sitenote_category":0},"product_brand":[],"product_cat":[415],"product_tag":[152],"class_list":{"0":"post-15618","1":"product","2":"type-product","3":"status-publish","4":"has-post-thumbnail","6":"product_cat-pripomocki","7":"product_tag-novosti","8":"pa_kolicina-50-kos","10":"first","11":"instock","12":"taxable","13":"shipping-taxable","14":"purchasable","15":"product-type-simple"},"aioseo_notices":[],"_links":{"self":[{"href":"https:\/\/www.lumist.si\/hr\/wp-json\/wp\/v2\/product\/15618","targetHints":{"allow":["GET"]}}],"collection":[{"href":"https:\/\/www.lumist.si\/hr\/wp-json\/wp\/v2\/product"}],"about":[{"href":"https:\/\/www.lumist.si\/hr\/wp-json\/wp\/v2\/types\/product"}],"replies":[{"embeddable":true,"href":"https:\/\/www.lumist.si\/hr\/wp-json\/wp\/v2\/comments?post=15618"}],"wp:featuredmedia":[{"embeddable":true,"href":"https:\/\/www.lumist.si\/hr\/wp-json\/wp\/v2\/media\/15619"}],"wp:attachment":[{"href":"https:\/\/www.lumist.si\/hr\/wp-json\/wp\/v2\/media?parent=15618"}],"wp:term":[{"taxonomy":"product_brand","embeddable":true,"href":"https:\/\/www.lumist.si\/hr\/wp-json\/wp\/v2\/product_brand?post=15618"},{"taxonomy":"product_cat","embeddable":true,"href":"https:\/\/www.lumist.si\/hr\/wp-json\/wp\/v2\/product_cat?post=15618"},{"taxonomy":"product_tag","embeddable":true,"href":"https:\/\/www.lumist.si\/hr\/wp-json\/wp\/v2\/product_tag?post=15618"}],"curies":[{"name":"wp","href":"https:\/\/api.w.org\/{rel}","templated":true}]}}