{"id":15661,"date":"2025-04-18T16:33:11","date_gmt":"2025-04-18T14:33:11","guid":{"rendered":"https:\/\/www.lumist.si\/?post_type=product&#038;p=15661"},"modified":"2026-04-23T15:37:35","modified_gmt":"2026-04-23T13:37:35","slug":"aroma-z-barvilom-cokolada","status":"publish","type":"product","link":"https:\/\/www.lumist.si\/hr\/proizvod\/aroma-z-barvilom-cokolada\/","title":{"rendered":"Aroma z barvilom, \u010cokolada 50 g"},"content":{"rendered":"<p><strong>Aroma z barvilom \u010cokolada<\/strong><\/p>\n<p><strong>Bogata \u010dokoladna aroma<\/strong><\/p>\n<p>Aroma z barvilom \u010cokolada Classic je univerzalna pekovska aroma za pekovske izdelke, torte in sladoled. Zagotavlja \u010dudovit okus in barvo, ki je enaka naravnemu. Ne vsebuje konzervansov. Izdelek je zelo u\u010dinkovit in primeren za vse aplikacije: torte, nemle\u010dne kreme, sladolede, kreme za peciva, sladice, mle\u010dne pene, glazure, \u017eeleje. Sla\u0161\u010di\u010darski polizdelek za profesionalno uporabo. Je toplotno odporna in primerna za peko. Poleg intenzivne arome doda izdelku tudi barvo. V obliki polteko\u010de paste, v priro\u010dni beli stekleni\u010dki.<\/p>\n<p><strong>Prednosti izdelka:<\/strong><br \/>\n\u2013 Intenzivna, vsestransko uporabna aroma<br \/>\n\u2013 Primerna za vse vrste sla\u0161\u010di\u010darskih in pekovskih izdelkov<br \/>\n\u2013 Toplotno obstojna<br \/>\n\u2013 Brez glutena, Brez palmovega olja, Halal certifikat, Brez alkohola, Veganska.<\/p>\n<p>Izdelane so posebej za profesionalne uporabnike, ki \u017eelijo izbolj\u0161ati okus in izgled svojih izdelkov \u2013 \u0161e posebej pri sadnih sladicah ali drugih kompleksnih recepturah.<\/p>\n<p><strong>PASTAROM<\/strong> je linija visoko koncentriranih dodatkov za sla\u0161\u010di\u010darstvo v obliki polteko\u010dih (ali teko\u010dih) past. Odlikuje jih izjemno ekonomi\u010dno doziranje in izredno intenziven okus (identi\u010den naravnemu), bogata aroma ter \u017eivahna barva. Ker gre za koncentrate, je za dosego \u017eelenega u\u010dinka potrebna manj\u0161a koli\u010dina izdelka. Paste so nepogre\u0161ljive v vsaki sodobni sla\u0161\u010di\u010darski delavnici, saj zagotavljajo konzistentno visoko kakovost kon\u010dnih izdelkov. Izdelek je primeren za vegetarijance, vegane.Aroma \u010dokolada je Brez glutena. Halal certifikat.<\/p>\n<p>Ti aromati\u010dni koncentrati so primerni za uporabo v:<br \/>\n\u2013 Sla\u0161\u010di\u010darstvu (torte, kreme, mousse, sladoledi, \u017eeleji ipd.)<br \/>\n\u2013 Gastronomiji (sladice v gostinskih obratih)<br \/>\n\u2013 Pekovskih izdelkih (za peko in aromatiziranje).<\/p>\n<p><strong><br \/>\nPomembno ob uporabi<\/strong><br \/>\n\u2013 Gre za polizdelek v obliki polteko\u010de paste.<br \/>\n\u2013 Uporabljajte izklju\u010dno suhe in \u010diste pripomo\u010dke.<br \/>\n\u2013 Po vsaki uporabi embala\u017eo tesno zaprite, odstranite morebitne ostanke izdelka.<\/p>\n<p><strong>Doziranje<\/strong><br \/>\n|Splo\u0161na uporaba| 5\u201310 g na 1000 g mase |<\/p>\n<p>Shranjujte v temnem in suhem prostoru.<\/p>","protected":false},"excerpt":{"rendered":"<p><strong>Aroma z barvilom \u010cokolada<\/strong><\/p>\n<p><strong>Bogata \u010dokoladna aroma<\/strong><br \/>\nPastarom \u010cokolada Classic je univerzalna pekovska aroma za pekovske izdelke, torte in sladoled. Zagotavlja \u010dudovit okus in barvo, ki je enaka naravnemu. Ne vsebuje konzervansov. Izdelek je zelo u\u010dinkovit in primeren za vse aplikacije: torte, nemle\u010dne kreme, sladolede, kreme za peciva, sladice, mle\u010dne pene, glazure, \u017eeleje. Sla\u0161\u010di\u010darski polizdelek za profesionalno uporabo. Je toplotno odporna in primerna za peko. Poleg intenzivne arome doda izdelku tudi barvo. V obliki polteko\u010de paste, v priro\u010dni beli stekleni\u010dki.<\/p>\n<p><strong>Prednosti izdelka:<\/strong><br \/>\n\u2013 Intenzivna, vsestransko uporabna aroma<br \/>\n\u2013 Primerna za vse vrste sla\u0161\u010di\u010darskih in pekovskih izdelkov<br \/>\n\u2013 Toplotno obstojna<br \/>\n\u2013 Brez glutena, Brez palmovega olja, Halal certifikat, Brez alkohola, Veganska.<\/p>\n<p>Izdelane so posebej za profesionalne uporabnike, ki \u017eelijo izbolj\u0161ati okus in izgled svojih izdelkov \u2013 \u0161e posebej pri sadnih sladicah ali drugih kompleksnih recepturah.<\/p>","protected":false},"featured_media":15795,"comment_status":"open","ping_status":"closed","template":"","meta":{"om_disable_all_campaigns":false,"inline_featured_image":false,"_monsterinsights_skip_tracking":false,"_monsterinsights_sitenote_active":false,"_monsterinsights_sitenote_note":"","_monsterinsights_sitenote_category":0},"product_brand":[],"product_cat":[418,333],"product_tag":[152],"class_list":{"0":"post-15661","1":"product","2":"type-product","3":"status-publish","4":"has-post-thumbnail","6":"product_cat-arome-z-barvilom","7":"product_cat-vegan","8":"product_tag-novosti","9":"pa_teza-1-kg","10":"pa_teza-50-g","12":"first","13":"instock","14":"taxable","15":"shipping-taxable","16":"purchasable","17":"product-type-variable","18":"has-default-attributes"},"aioseo_notices":[],"_links":{"self":[{"href":"https:\/\/www.lumist.si\/hr\/wp-json\/wp\/v2\/product\/15661","targetHints":{"allow":["GET"]}}],"collection":[{"href":"https:\/\/www.lumist.si\/hr\/wp-json\/wp\/v2\/product"}],"about":[{"href":"https:\/\/www.lumist.si\/hr\/wp-json\/wp\/v2\/types\/product"}],"replies":[{"embeddable":true,"href":"https:\/\/www.lumist.si\/hr\/wp-json\/wp\/v2\/comments?post=15661"}],"wp:featuredmedia":[{"embeddable":true,"href":"https:\/\/www.lumist.si\/hr\/wp-json\/wp\/v2\/media\/15795"}],"wp:attachment":[{"href":"https:\/\/www.lumist.si\/hr\/wp-json\/wp\/v2\/media?parent=15661"}],"wp:term":[{"taxonomy":"product_brand","embeddable":true,"href":"https:\/\/www.lumist.si\/hr\/wp-json\/wp\/v2\/product_brand?post=15661"},{"taxonomy":"product_cat","embeddable":true,"href":"https:\/\/www.lumist.si\/hr\/wp-json\/wp\/v2\/product_cat?post=15661"},{"taxonomy":"product_tag","embeddable":true,"href":"https:\/\/www.lumist.si\/hr\/wp-json\/wp\/v2\/product_tag?post=15661"}],"curies":[{"name":"wp","href":"https:\/\/api.w.org\/{rel}","templated":true}]}}