{"id":15783,"date":"2025-04-28T09:45:16","date_gmt":"2025-04-28T07:45:16","guid":{"rendered":"https:\/\/www.lumist.si\/?post_type=product&#038;p=15783"},"modified":"2026-02-20T13:36:58","modified_gmt":"2026-02-20T12:36:58","slug":"krema-pistacija-vegan-55","status":"publish","type":"product","link":"https:\/\/www.lumist.si\/hr\/proizvod\/krema-pistacija-vegan-55\/","title":{"rendered":"Krema pistacija vegan 55 %"},"content":{"rendered":"<p><strong>Krema pistacija vegan 55 %<\/strong><br \/>\n-Kremni namaz svilnato mehke konsistence, pripravljen za takoj\u0161njo uporabo. Izdelek vsebuje kar <strong>55 % pristnih pistacij Bronte<\/strong> z obronkov Sicilije, kar mu daje prefinjen in intenziven okus.<\/p>\n<p>Gre za izjemno vsestranski namaz, popoln za polnjenje \u010dokoladnih izdelkov, peciva, tort, kola\u010dkov in drugih sla\u0161\u010dic. Odli\u010dno se obnese tudi pri aromatiziranju razli\u010dnih krem, sladkih namazov ter stepene smetane, kjer zagotavlja vrhunski rezultat in neprimerljivo bogato teksturo.<\/p>\n<p>Brez umetnih arom, naravno bogat z vlakninami, brez glutena in brez dodanega palminega olja ter brez glutena!<\/p>\n<p>Proizvedeno u Italiji (Sicilija).<\/p>\n<p>\u010cuvati na suhom i tamnom mjestu, dalje od izvora topline.<\/p>","protected":false},"excerpt":{"rendered":"<p><strong>Krema pistacija vegan 55 %<\/strong><br \/>\nKremni namaz svilnato mehke konsistence, pripravljen za takoj\u0161njo uporabo. Izdelek vsebuje kar <strong>55 % pristnih pistacij Bronte<\/strong> z obronkov Sicilije, kar mu daje prefinjen in intenziven okus.<\/p>\n<p>Gre za izjemno vsestranski namaz, popoln za polnjenje \u010dokoladnih izdelkov, peciva, tort, kola\u010dkov in drugih sla\u0161\u010dic. Odli\u010dno se obnese tudi pri aromatiziranju razli\u010dnih krem, sladkih namazov ter stepene smetane, kjer zagotavlja vrhunski rezultat in neprimerljivo bogato teksturo.<\/p>\n<p>Brez umetnih arom, naravno bogat z vlakninami, brez glutena in brez dodanega palminega olja ter brez glutena!<\/p>\n<p>Proizvedeno u Italiji (Sicilija).<\/p>\n<p>\u010cuvati na suhom i tamnom mjestu, dalje od izvora topline.<\/p>","protected":false},"featured_media":15792,"comment_status":"open","ping_status":"closed","template":"","meta":{"om_disable_all_campaigns":false,"inline_featured_image":false,"_monsterinsights_skip_tracking":false,"_monsterinsights_sitenote_active":false,"_monsterinsights_sitenote_note":"","_monsterinsights_sitenote_category":0},"product_brand":[],"product_cat":[121,262,333],"product_tag":[152,356],"class_list":{"0":"post-15783","1":"product","2":"type-product","3":"status-publish","4":"has-post-thumbnail","6":"product_cat-kreme-polnila","7":"product_cat-kreme-polnila-in-namazi","8":"product_cat-vegan","9":"product_tag-novosti","10":"product_tag-priljubljeni","11":"pa_teza-200-g","13":"first","14":"outofstock","15":"taxable","16":"shipping-taxable","17":"purchasable","18":"product-type-variable","19":"has-default-attributes"},"aioseo_notices":[],"_links":{"self":[{"href":"https:\/\/www.lumist.si\/hr\/wp-json\/wp\/v2\/product\/15783","targetHints":{"allow":["GET"]}}],"collection":[{"href":"https:\/\/www.lumist.si\/hr\/wp-json\/wp\/v2\/product"}],"about":[{"href":"https:\/\/www.lumist.si\/hr\/wp-json\/wp\/v2\/types\/product"}],"replies":[{"embeddable":true,"href":"https:\/\/www.lumist.si\/hr\/wp-json\/wp\/v2\/comments?post=15783"}],"wp:featuredmedia":[{"embeddable":true,"href":"https:\/\/www.lumist.si\/hr\/wp-json\/wp\/v2\/media\/15792"}],"wp:attachment":[{"href":"https:\/\/www.lumist.si\/hr\/wp-json\/wp\/v2\/media?parent=15783"}],"wp:term":[{"taxonomy":"product_brand","embeddable":true,"href":"https:\/\/www.lumist.si\/hr\/wp-json\/wp\/v2\/product_brand?post=15783"},{"taxonomy":"product_cat","embeddable":true,"href":"https:\/\/www.lumist.si\/hr\/wp-json\/wp\/v2\/product_cat?post=15783"},{"taxonomy":"product_tag","embeddable":true,"href":"https:\/\/www.lumist.si\/hr\/wp-json\/wp\/v2\/product_tag?post=15783"}],"curies":[{"name":"wp","href":"https:\/\/api.w.org\/{rel}","templated":true}]}}