{"id":15831,"date":"2025-05-03T17:16:32","date_gmt":"2025-05-03T15:16:32","guid":{"rendered":"https:\/\/www.lumist.si\/?post_type=product&#038;p=15831"},"modified":"2026-01-20T20:26:53","modified_gmt":"2026-01-20T19:26:53","slug":"popki-mini-vrtnice-25g","status":"publish","type":"product","link":"https:\/\/www.lumist.si\/hr\/proizvod\/popki-mini-vrtnice-25g\/","title":{"rendered":"Popki mini vrtnice, 25 g"},"content":{"rendered":"<p><strong>Popki mini vrtnice<\/strong><\/p>\n<p>U\u017eitno cvetje lahko na zanimiv na\u010din popestri jedi, jim doda barvo, zanimiv okus in dolo\u010deno dozo ekstravagance. Nekateri imajo oster okus, drugi pa zna\u010dilen cvetli\u010dni in aromati\u010dni okus. Visokokakovostni posu\u0161eni popki mini vrtnice. Popolno za pripravo \u010daja in \u010dajev, vre\u010dk, kopeli, napitkov in zeli\u0161\u010dne nege telesa.<\/p>\n<p><span dir=\"auto\" style=\"vertical-align: inherit;\">Popki mini vrtnic so bili tiso\u010dletja cenjeni zaradi svoje lepote in di\u0161ave. Ker se ro\u017eno olje na soncu in vetru hitro kvari, je vsebnost najve\u010dja prvo jutro, ko se cvet odpre. Cvetni listi vrtnic, nabrani za destilacijo, se obirajo ro\u010dno, dan za dnem, ob son\u010dnem vzhodu ali tik pred njim.<\/span><\/p>\n<p>\u2713 <strong>Sastav<\/strong>: popki mini rde\u010de vrtnice 100%<br \/>\n\u2713 <strong>Botani\u010dki naziv<\/strong>: Rosa centifolia.<br \/>\n\u2713 <strong>100% prirodna kvaliteta<\/strong>, bez \u0161tetnih tvari\/kemikalija\/te\u0161kih metala.<br \/>\n\u2713 <strong>Pakiranje<\/strong>: 25 g.<\/p>\n<p><strong>Mogu\u0107nosti kori\u0161tenja jestivog cvije\u0107a<\/strong>:<br \/>\n\u2013 Dekoracija torti, slastica, koktela, salata i suhih jela<br \/>\n\u2013 Prirodne prehrambene boje<br \/>\n\u2013 Za\u010dini za salate, umake<br \/>\n\u2013 \u010cajni naparak<br \/>\n\u2013 Pribor za svije\u0107e<br \/>\n\u2013 Mogu se zamrznuti u kockama leda ili dodati u \u017eele<br \/>\n- Mljevene latice dodajte u namaze i maslac, pala\u010dinke i vafle.<\/p>\n<p><em>Iako su pakirani pa\u017eljivo, imajte na umu da su latice i \u010da\u0161ice nevjerojatno krhke zbog su\u0161enja i da \u0107e do\u0107i do prirodnog odvajanja latica.<\/em><\/p>\n<p><strong>\u010cuvati na suhom i tamnom mjestu, daleko od izvora topline i jakih mirisa<\/strong>.<\/p>\n<p>&nbsp;<\/p>","protected":false},"excerpt":{"rendered":"<p><strong><span dir=\"auto\" style=\"vertical-align: inherit;\"><span dir=\"auto\" style=\"vertical-align: inherit;\"><span dir=\"auto\" style=\"vertical-align: inherit;\"><span dir=\"auto\" style=\"vertical-align: inherit;\">Popki mini vrtnice<\/span><\/span><\/span><\/span><\/strong><\/p>\n<p><span dir=\"auto\" style=\"vertical-align: inherit;\"><span dir=\"auto\" style=\"vertical-align: inherit;\"><span dir=\"auto\" style=\"vertical-align: inherit;\"><span dir=\"auto\" style=\"vertical-align: inherit;\">U\u017eitno cvetje lahko na zanimiv na\u010din popestri jedi, jim doda barvo, zanimiv okus in dolo\u010deno dozo ekstravagance. Nekateri imajo oster okus, drugi pa zna\u010dilen cvetli\u010dni in aromati\u010dni okus. Visokokakovostni posu\u0161eni, popki mini vrtnice. Popolno za pripravo \u010daja in \u010dajev, vre\u010dk, kopeli, napitkov in zeli\u0161\u010dne nege teles.<\/span><\/span><\/span><\/span><\/p>\n<p>&nbsp;<\/p>","protected":false},"featured_media":15864,"comment_status":"open","ping_status":"closed","template":"","meta":{"om_disable_all_campaigns":false,"inline_featured_image":false,"_monsterinsights_skip_tracking":false,"_monsterinsights_sitenote_active":false,"_monsterinsights_sitenote_note":"","_monsterinsights_sitenote_category":0},"product_brand":[],"product_cat":[193],"product_tag":[152],"class_list":{"0":"post-15831","1":"product","2":"type-product","3":"status-publish","4":"has-post-thumbnail","6":"product_cat-jedilno-cvetje","7":"product_tag-novosti","8":"pa_teza-25-g","10":"first","11":"instock","12":"taxable","13":"shipping-taxable","14":"purchasable","15":"product-type-simple"},"aioseo_notices":[],"_links":{"self":[{"href":"https:\/\/www.lumist.si\/hr\/wp-json\/wp\/v2\/product\/15831","targetHints":{"allow":["GET"]}}],"collection":[{"href":"https:\/\/www.lumist.si\/hr\/wp-json\/wp\/v2\/product"}],"about":[{"href":"https:\/\/www.lumist.si\/hr\/wp-json\/wp\/v2\/types\/product"}],"replies":[{"embeddable":true,"href":"https:\/\/www.lumist.si\/hr\/wp-json\/wp\/v2\/comments?post=15831"}],"wp:featuredmedia":[{"embeddable":true,"href":"https:\/\/www.lumist.si\/hr\/wp-json\/wp\/v2\/media\/15864"}],"wp:attachment":[{"href":"https:\/\/www.lumist.si\/hr\/wp-json\/wp\/v2\/media?parent=15831"}],"wp:term":[{"taxonomy":"product_brand","embeddable":true,"href":"https:\/\/www.lumist.si\/hr\/wp-json\/wp\/v2\/product_brand?post=15831"},{"taxonomy":"product_cat","embeddable":true,"href":"https:\/\/www.lumist.si\/hr\/wp-json\/wp\/v2\/product_cat?post=15831"},{"taxonomy":"product_tag","embeddable":true,"href":"https:\/\/www.lumist.si\/hr\/wp-json\/wp\/v2\/product_tag?post=15831"}],"curies":[{"name":"wp","href":"https:\/\/api.w.org\/{rel}","templated":true}]}}