{"id":15986,"date":"2025-05-27T13:14:29","date_gmt":"2025-05-27T11:14:29","guid":{"rendered":"https:\/\/www.lumist.si\/?post_type=product&#038;p=15986"},"modified":"2025-10-09T07:50:53","modified_gmt":"2025-10-09T05:50:53","slug":"rozica-magnolia-bela","status":"publish","type":"product","link":"https:\/\/www.lumist.si\/hr\/proizvod\/rozica-magnolia-bela\/","title":{"rendered":"Ro\u017eica Magnolia bela,15 kos."},"content":{"rendered":"<p><strong>Ro\u017eica Magnolia Bela<\/strong><\/p>\n<p>je elegantna dekoracija iz bele \u010dokolade, z dimenzijami 30 x 34 mm. Njena ne\u017ena in prefinjena oblika, navdihnjena z lepoto narave, je popolna za ustvarjanje subtilnih sla\u0161\u010di\u010darskih kreacij.<\/p>\n<p><strong>Pakiranje:<\/strong> 15 komada<br \/>\n<strong>Dimenzije:<\/strong> 30 x 34 mm<br \/>\n<strong>Ukus:<\/strong>Bela \u010cokolada<br \/>\n<strong>Format:<\/strong> Cvijet<br \/>\n<strong>Tema:<\/strong> Univerzalno, prolje\u0107e, ljeto<\/p>\n<p><strong>Skladi\u0161tenje:<\/strong> \u010cuvati na tamnom i suhom mjestu pri temperaturi izme\u0111u 18\u00b0C i 20\u00b0C, pri relativnoj vla\u017enosti zraka ispod 70%. Za\u0161tititi od izravnog izlaganja svjetlu i stranim mirisima.<\/p>","protected":false},"excerpt":{"rendered":"<p><strong>Ro\u017eica Magnolia Bela<\/strong><\/p>\n<p>je elegantna dekoracija iz bele \u010dokolade, z dimenzijami 30 x 34 mm. Njena ne\u017ena in prefinjena oblika, navdihnjena z lepoto narave, je popolna za ustvarjanje subtilnih sla\u0161\u010di\u010darskih kreacij.<\/p>\n<p><strong>Pakiranje:<\/strong> 15 komada<br \/>\n<strong>Dimenzije:<\/strong> 30 x 34 mm<br \/>\n<strong>Ukus:<\/strong>Bela \u010cokolada<br \/>\n<strong>Format:<\/strong> Cvijet<br \/>\n<strong>Tema:<\/strong> Univerzalno, prolje\u0107e, ljeto<\/p>\n<p><strong>Skladi\u0161tenje:<\/strong> \u010cuvati na tamnom i suhom mjestu pri temperaturi izme\u0111u 18\u00b0C i 20\u00b0C, pri relativnoj vla\u017enosti zraka ispod 70%. Za\u0161tititi od izravnog izlaganja svjetlu i stranim mirisima.<\/p>","protected":false},"featured_media":15983,"comment_status":"open","ping_status":"closed","template":"","meta":{"om_disable_all_campaigns":false,"inline_featured_image":false,"_monsterinsights_skip_tracking":false,"_monsterinsights_sitenote_active":false,"_monsterinsights_sitenote_note":"","_monsterinsights_sitenote_category":0},"product_brand":[],"product_cat":[117,27,100],"product_tag":[152],"class_list":{"0":"post-15986","1":"product","2":"type-product","3":"status-publish","4":"has-post-thumbnail","6":"product_cat-dekoracija-sladic","7":"product_cat-cokoladni-okraski","8":"product_cat-listici-roze-metulji","9":"product_tag-novosti","11":"first","12":"instock","13":"taxable","14":"shipping-taxable","15":"purchasable","16":"product-type-simple"},"aioseo_notices":[],"_links":{"self":[{"href":"https:\/\/www.lumist.si\/hr\/wp-json\/wp\/v2\/product\/15986","targetHints":{"allow":["GET"]}}],"collection":[{"href":"https:\/\/www.lumist.si\/hr\/wp-json\/wp\/v2\/product"}],"about":[{"href":"https:\/\/www.lumist.si\/hr\/wp-json\/wp\/v2\/types\/product"}],"replies":[{"embeddable":true,"href":"https:\/\/www.lumist.si\/hr\/wp-json\/wp\/v2\/comments?post=15986"}],"wp:featuredmedia":[{"embeddable":true,"href":"https:\/\/www.lumist.si\/hr\/wp-json\/wp\/v2\/media\/15983"}],"wp:attachment":[{"href":"https:\/\/www.lumist.si\/hr\/wp-json\/wp\/v2\/media?parent=15986"}],"wp:term":[{"taxonomy":"product_brand","embeddable":true,"href":"https:\/\/www.lumist.si\/hr\/wp-json\/wp\/v2\/product_brand?post=15986"},{"taxonomy":"product_cat","embeddable":true,"href":"https:\/\/www.lumist.si\/hr\/wp-json\/wp\/v2\/product_cat?post=15986"},{"taxonomy":"product_tag","embeddable":true,"href":"https:\/\/www.lumist.si\/hr\/wp-json\/wp\/v2\/product_tag?post=15986"}],"curies":[{"name":"wp","href":"https:\/\/api.w.org\/{rel}","templated":true}]}}