{"id":16015,"date":"2025-05-30T20:06:58","date_gmt":"2025-05-30T18:06:58","guid":{"rendered":"https:\/\/www.lumist.si\/?post_type=product&#038;p=16015"},"modified":"2026-03-21T08:20:44","modified_gmt":"2026-03-21T07:20:44","slug":"krema-pistacija-45-s-kadaifom","status":"publish","type":"product","link":"https:\/\/www.lumist.si\/hr\/proizvod\/krema-pistacija-45-s-kadaifom\/","title":{"rendered":"Krema pistacija 45% s kadaifom"},"content":{"rendered":"<p><strong>Krema pistacija 45 % s kadaifom\u00a0<\/strong><\/p>\n<p>Krema pistacija je mehke konsistence, pripravljen za uporabo. Izdelek vsebuje<strong> 45 % Bronte pistacije, sa Sicilije<\/strong>. Vrlo svestran krem namaz, savr\u0161en za punjenje \u010dokoladnih proizvoda, kola\u010da, kola\u010da, kola\u010da i drugih slastica. Izvrstan rezultat zajam\u010den je i kod aromatiziranja ostalih krema, krem namaza i slatkog vrhnja.<\/p>\n<p>Bez umjetnih aroma, bogato vlaknima, idealno za recepte ili kao namaz. Ne sadr\u017ei palmino ulje. <strong>Bez glutena!<\/strong><\/p>\n<p>Proizvedeno u Italiji (Sicilija).<\/p>\n<p>\u010cuvati na suhom i tamnom mjestu, dalje od izvora topline.<\/p>\n<p><strong>BRONTE PISTACIO<\/strong> Bronte pistacija je sicilijanska sorta koja se uzgaja u istoimenom gradu. Ove smaragdne ljepotice tamnoljubi\u010daste ko\u017ee su manje, sla\u0111e i bogatije od ostalih pistacija. Tajna je u tlu: Bronte pistacije uzgajaju se u vulkanskom tlu Etne prema strogim pravilima. Stabla se nikada ne gnoje niti navodnjavaju, a ora\u0161asti plodovi se beru ru\u010dno svake dvije godine. Osim toga, stabla se orezuju izvan sezone kako bi se koncentrirao okus. Bilo da je svje\u017ea ili osu\u0161ena, mo\u017eda je najdragocjeniji sastojak sicilijanske kuhinje i simbolizira svoje mjesto porijekla, Bronte, u pokrajini Catania. Doista, pistacija je toliko va\u017ena za gospodarstvo Bronte da je dugo dobila nadimak &quot;zeleno zlato&quot;.<\/p>\n<p>Sicilijanske pistacije nije lako prona\u0107i!<\/p>","protected":false},"excerpt":{"rendered":"<p><strong>Krema pistacija 45 % s kadaifom\u00a0<\/strong><\/p>\n<p>Krema pistacija s kadaifom namaz mehke konsistence, pripravljen za uporabo. Izdelek vsebuje<strong> 45 % Bronte pistacije, sa Sicilije<\/strong>. Vrlo svestran krem namaz, savr\u0161en za punjenje \u010dokoladnih proizvoda, kola\u010da, kola\u010da, kola\u010da i drugih slastica. Izvrstan rezultat zajam\u010den je i kod aromatiziranja ostalih krema, krem namaza i slatkog vrhnja.<\/p>\n<p>&nbsp;<\/p>","protected":false},"featured_media":14708,"comment_status":"open","ping_status":"closed","template":"","meta":{"om_disable_all_campaigns":false,"inline_featured_image":false,"_monsterinsights_skip_tracking":false,"_monsterinsights_sitenote_active":false,"_monsterinsights_sitenote_note":"","_monsterinsights_sitenote_category":0},"product_brand":[],"product_cat":[412,121,262],"product_tag":[152,356],"class_list":{"0":"post-16015","1":"product","2":"type-product","3":"status-publish","4":"has-post-thumbnail","6":"product_cat-dubai-cokolada","7":"product_cat-kreme-polnila","8":"product_cat-kreme-polnila-in-namazi","9":"product_tag-novosti","10":"product_tag-priljubljeni","11":"pa_teza-250-g","13":"first","14":"instock","15":"taxable","16":"shipping-taxable","17":"purchasable","18":"product-type-variable","19":"has-default-attributes"},"aioseo_notices":[],"_links":{"self":[{"href":"https:\/\/www.lumist.si\/hr\/wp-json\/wp\/v2\/product\/16015","targetHints":{"allow":["GET"]}}],"collection":[{"href":"https:\/\/www.lumist.si\/hr\/wp-json\/wp\/v2\/product"}],"about":[{"href":"https:\/\/www.lumist.si\/hr\/wp-json\/wp\/v2\/types\/product"}],"replies":[{"embeddable":true,"href":"https:\/\/www.lumist.si\/hr\/wp-json\/wp\/v2\/comments?post=16015"}],"wp:featuredmedia":[{"embeddable":true,"href":"https:\/\/www.lumist.si\/hr\/wp-json\/wp\/v2\/media\/14708"}],"wp:attachment":[{"href":"https:\/\/www.lumist.si\/hr\/wp-json\/wp\/v2\/media?parent=16015"}],"wp:term":[{"taxonomy":"product_brand","embeddable":true,"href":"https:\/\/www.lumist.si\/hr\/wp-json\/wp\/v2\/product_brand?post=16015"},{"taxonomy":"product_cat","embeddable":true,"href":"https:\/\/www.lumist.si\/hr\/wp-json\/wp\/v2\/product_cat?post=16015"},{"taxonomy":"product_tag","embeddable":true,"href":"https:\/\/www.lumist.si\/hr\/wp-json\/wp\/v2\/product_tag?post=16015"}],"curies":[{"name":"wp","href":"https:\/\/api.w.org\/{rel}","templated":true}]}}