{"id":16700,"date":"2025-09-05T21:35:52","date_gmt":"2025-09-05T19:35:52","guid":{"rendered":"https:\/\/www.lumist.si\/?post_type=product&#038;p=16700"},"modified":"2025-10-20T15:54:19","modified_gmt":"2025-10-20T13:54:19","slug":"sugarflair-radiant-gold-blescice-v-prahu","status":"publish","type":"product","link":"https:\/\/www.lumist.si\/hr\/proizvod\/sugarflair-radiant-gold-blescice-v-prahu\/","title":{"rendered":"Sugarflair, Radiant Gold, ble\u0161\u010dice v prahu"},"content":{"rendered":"<p data-start=\"51\" data-end=\"417\">Sugarflair, Radiant Gold, ble\u0161\u010dice v prahu<\/p>\n<p data-start=\"51\" data-end=\"417\"><strong data-start=\"51\" data-end=\"101\">Sugarflair jedilni lesk v odtenku Radiant Gold<\/strong> je visokokakovosten, vsestranski in varen izdelek, ki va\u0161im stvaritvam doda \u010dudovit sijaj. Popoln dodatek, s katerim boste svojim izdelkom dodali tisti poseben zaklju\u010dni pridih! Ta jedilni lesk lahko nana\u0161ate neposredno s \u010dopi\u010dem, pri \u010demer va\u0161im pekovskim izdelkom podari \u010dudovit lesk, ki bo pritegnil vsak pogled.<\/p>\n<ul data-start=\"419\" data-end=\"532\">\n<li data-start=\"419\" data-end=\"461\">\n<p data-start=\"421\" data-end=\"461\">Narejen iz najkakovostnej\u0161ih sestavin.<\/p>\n<\/li>\n<li data-start=\"462\" data-end=\"512\">\n<p data-start=\"464\" data-end=\"512\">Ta jedilni lesk ne sme manjkati v va\u0161i zbirki.<\/p>\n<\/li>\n<li data-start=\"513\" data-end=\"532\">\n<p data-start=\"515\" data-end=\"532\">Vsebina: 4 grame.<\/p>\n<\/li>\n<\/ul>\n<p data-start=\"534\" data-end=\"599\"><strong data-start=\"534\" data-end=\"548\">Sastojci:<\/strong> barvilo: E172; sredstvo proti sprijemanju: E551.<\/p>\n<p data-start=\"601\" data-end=\"701\">Vsebuje zanemarljive koli\u010dine energije, ma\u0161\u010dob, ogljikovih hidratov, sladkorjev, beljakovin in soli.<\/p>\n<p data-start=\"703\" data-end=\"803\"><strong data-start=\"703\" data-end=\"718\">Proizvod je:<\/strong> kosher certificiran, primeren za vegetarijance in vegane.<br \/>\n<br data-start=\"776\" data-end=\"779\" \/>Hranite v\u00a0 temnem prostoru.<\/p>\n<p>&nbsp;<\/p>","protected":false},"excerpt":{"rendered":"<p data-start=\"51\" data-end=\"417\">Sugarflair, Radiant Gold, ble\u0161\u010dice v prahu<\/p>\n<p data-start=\"51\" data-end=\"417\"><strong data-start=\"51\" data-end=\"101\">Sugarflair jedilni lesk v odtenku Radiant Gold<\/strong> je visokokakovosten, vsestranski in varen izdelek, ki va\u0161im stvaritvam doda \u010dudovit sijaj. Popoln dodatek, s katerim boste svojim izdelkom dodali tisti poseben zaklju\u010dni pridih! Ta jedilni lesk lahko nana\u0161ate neposredno s \u010dopi\u010dem, pri \u010demer va\u0161im pekovskim izdelkom podari \u010dudovit lesk, ki bo pritegnil vsak pogled.<\/p>\n<p data-start=\"421\" data-end=\"461\">\n<p>&nbsp;<\/p>\n<hr data-start=\"893\" data-end=\"896\" \/>","protected":false},"featured_media":16701,"comment_status":"open","ping_status":"closed","template":"","meta":{"om_disable_all_campaigns":false,"inline_featured_image":false,"_monsterinsights_skip_tracking":false,"_monsterinsights_sitenote_active":false,"_monsterinsights_sitenote_note":"","_monsterinsights_sitenote_category":0},"product_brand":[],"product_cat":[124,131],"product_tag":[152],"class_list":{"0":"post-16700","1":"product","2":"type-product","3":"status-publish","4":"has-post-thumbnail","6":"product_cat-jedilne-barve-in-blescice","7":"product_cat-jedilni-listici-blescice","8":"product_tag-novosti","10":"first","11":"instock","12":"taxable","13":"shipping-taxable","14":"purchasable","15":"product-type-simple"},"aioseo_notices":[],"_links":{"self":[{"href":"https:\/\/www.lumist.si\/hr\/wp-json\/wp\/v2\/product\/16700","targetHints":{"allow":["GET"]}}],"collection":[{"href":"https:\/\/www.lumist.si\/hr\/wp-json\/wp\/v2\/product"}],"about":[{"href":"https:\/\/www.lumist.si\/hr\/wp-json\/wp\/v2\/types\/product"}],"replies":[{"embeddable":true,"href":"https:\/\/www.lumist.si\/hr\/wp-json\/wp\/v2\/comments?post=16700"}],"wp:featuredmedia":[{"embeddable":true,"href":"https:\/\/www.lumist.si\/hr\/wp-json\/wp\/v2\/media\/16701"}],"wp:attachment":[{"href":"https:\/\/www.lumist.si\/hr\/wp-json\/wp\/v2\/media?parent=16700"}],"wp:term":[{"taxonomy":"product_brand","embeddable":true,"href":"https:\/\/www.lumist.si\/hr\/wp-json\/wp\/v2\/product_brand?post=16700"},{"taxonomy":"product_cat","embeddable":true,"href":"https:\/\/www.lumist.si\/hr\/wp-json\/wp\/v2\/product_cat?post=16700"},{"taxonomy":"product_tag","embeddable":true,"href":"https:\/\/www.lumist.si\/hr\/wp-json\/wp\/v2\/product_tag?post=16700"}],"curies":[{"name":"wp","href":"https:\/\/api.w.org\/{rel}","templated":true}]}}