{"id":16714,"date":"2025-09-06T07:34:43","date_gmt":"2025-09-06T05:34:43","guid":{"rendered":"https:\/\/www.lumist.si\/?post_type=product&#038;p=16714"},"modified":"2025-10-20T15:54:19","modified_gmt":"2025-10-20T13:54:19","slug":"sugarflair-gold-sparkle-blescice-v-prahu","status":"publish","type":"product","link":"https:\/\/www.lumist.si\/hr\/proizvod\/sugarflair-gold-sparkle-blescice-v-prahu\/","title":{"rendered":"Sugarflair, Gold Sparkle, ble\u0161\u010dice v prahu"},"content":{"rendered":"<p data-start=\"45\" data-end=\"411\"><strong>Sugarflair, Gold Sparkle, ble\u0161\u010dice v prahu<\/strong><\/p>\n<p data-start=\"45\" data-end=\"411\"><strong data-start=\"45\" data-end=\"95\">Sugarflair jedilni lesk v odtenku Gold Sparkle<\/strong> je visokokakovosten, vsestranski in varen izdelek, ki va\u0161im stvaritvam doda \u010dudovit sijaj. Popoln dodatek, s katerim boste svojim izdelkom dodali tisti poseben zaklju\u010dni pridih! Ta jedilni lesk lahko nana\u0161ate neposredno s \u010dopi\u010dem, pri \u010demer va\u0161im pekovskim izdelkom podari \u010dudovit lesk, ki bo pritegnil vsak pogled.<\/p>\n<ul data-start=\"413\" data-end=\"526\">\n<li data-start=\"413\" data-end=\"455\">\n<p data-start=\"415\" data-end=\"455\">Narejen iz najkakovostnej\u0161ih sestavin.<\/p>\n<\/li>\n<li data-start=\"456\" data-end=\"506\">\n<p data-start=\"458\" data-end=\"506\">Ta jedilni lesk ne sme manjkati v va\u0161i zbirki.<\/p>\n<\/li>\n<li data-start=\"507\" data-end=\"526\">\n<p data-start=\"509\" data-end=\"526\">Vsebina: 4 grame.<\/p>\n<\/li>\n<\/ul>\n<p data-start=\"528\" data-end=\"681\"><strong data-start=\"528\" data-end=\"542\">Sastojci:<\/strong> barvilo: E172, E102; sredstvo proti sprijemanju: E551.<br data-start=\"597\" data-end=\"600\" \/><strong data-start=\"600\" data-end=\"614\">Upozorenje:<\/strong> E102 lahko \u0161kodljivo vpliva na dejavnost in pozornost pri otrocih.<\/p>\n<p data-start=\"683\" data-end=\"783\">Vsebuje zanemarljive koli\u010dine energije, ma\u0161\u010dob, ogljikovih hidratov, sladkorjev, beljakovin in soli.<\/p>\n<p data-start=\"785\" data-end=\"885\"><strong data-start=\"785\" data-end=\"800\">Proizvod je:<\/strong> kosher certificiran, primeren za vegetarijance in vegane.<\/p>\n<p data-start=\"785\" data-end=\"885\">Hranite v temnem prostoru.<\/p>","protected":false},"excerpt":{"rendered":"<p data-start=\"45\" data-end=\"411\"><strong>Sugarflair, Gold Sparkle, ble\u0161\u010dice v prahu<\/strong><\/p>\n<p data-start=\"45\" data-end=\"411\"><strong data-start=\"45\" data-end=\"95\">Sugarflair jedilni lesk v odtenku Gold Sparkle<\/strong> je visokokakovosten, vsestranski in varen izdelek, ki va\u0161im stvaritvam doda \u010dudovit sijaj. Popoln dodatek, s katerim boste svojim izdelkom dodali tisti poseben zaklju\u010dni pridih! Ta jedilni lesk lahko nana\u0161ate neposredno s \u010dopi\u010dem, pri \u010demer va\u0161im pekovskim izdelkom podari \u010dudovit lesk, ki bo pritegnil vsak pogled.<\/p>\n<p data-start=\"785\" data-end=\"885\">\n<hr data-start=\"887\" data-end=\"890\" \/>","protected":false},"featured_media":16715,"comment_status":"open","ping_status":"closed","template":"","meta":{"om_disable_all_campaigns":false,"inline_featured_image":false,"_monsterinsights_skip_tracking":false,"_monsterinsights_sitenote_active":false,"_monsterinsights_sitenote_note":"","_monsterinsights_sitenote_category":0},"product_brand":[],"product_cat":[124,131],"product_tag":[152],"class_list":{"0":"post-16714","1":"product","2":"type-product","3":"status-publish","4":"has-post-thumbnail","6":"product_cat-jedilne-barve-in-blescice","7":"product_cat-jedilni-listici-blescice","8":"product_tag-novosti","10":"first","11":"instock","12":"taxable","13":"shipping-taxable","14":"purchasable","15":"product-type-simple"},"aioseo_notices":[],"_links":{"self":[{"href":"https:\/\/www.lumist.si\/hr\/wp-json\/wp\/v2\/product\/16714","targetHints":{"allow":["GET"]}}],"collection":[{"href":"https:\/\/www.lumist.si\/hr\/wp-json\/wp\/v2\/product"}],"about":[{"href":"https:\/\/www.lumist.si\/hr\/wp-json\/wp\/v2\/types\/product"}],"replies":[{"embeddable":true,"href":"https:\/\/www.lumist.si\/hr\/wp-json\/wp\/v2\/comments?post=16714"}],"wp:featuredmedia":[{"embeddable":true,"href":"https:\/\/www.lumist.si\/hr\/wp-json\/wp\/v2\/media\/16715"}],"wp:attachment":[{"href":"https:\/\/www.lumist.si\/hr\/wp-json\/wp\/v2\/media?parent=16714"}],"wp:term":[{"taxonomy":"product_brand","embeddable":true,"href":"https:\/\/www.lumist.si\/hr\/wp-json\/wp\/v2\/product_brand?post=16714"},{"taxonomy":"product_cat","embeddable":true,"href":"https:\/\/www.lumist.si\/hr\/wp-json\/wp\/v2\/product_cat?post=16714"},{"taxonomy":"product_tag","embeddable":true,"href":"https:\/\/www.lumist.si\/hr\/wp-json\/wp\/v2\/product_tag?post=16714"}],"curies":[{"name":"wp","href":"https:\/\/api.w.org\/{rel}","templated":true}]}}