{"id":16771,"date":"2025-09-15T12:57:10","date_gmt":"2025-09-15T10:57:10","guid":{"rendered":"https:\/\/www.lumist.si\/?post_type=product&#038;p=16771"},"modified":"2026-01-22T22:10:37","modified_gmt":"2026-01-22T21:10:37","slug":"jedilna-barva-v-prahu-sprej-rose-gold","status":"publish","type":"product","link":"https:\/\/www.lumist.si\/hr\/proizvod\/jedilna-barva-v-prahu-sprej-rose-gold\/","title":{"rendered":"Jedilna barva v prahu, sprej Rose gold"},"content":{"rendered":"<p><strong>Jedilna barva v prahu, sprej Rose Gold<\/strong><\/p>\n<p><strong>Rose gold ble\u0161\u010dice v spreju, z <\/strong>u\u010dinkom mo\u010dnega sijaja. Barve lahko nana\u0161ate tako suhe kot mokre \u2013 po me\u0161anju z alkoholom. Barvila so v obliki finih prahov z razli\u010dnimi debelinami delcev.<\/p>\n<p><strong>Kori\u0161tenje<\/strong>: Zlatni metalni prah mo\u017ee se koristiti na mnogo na\u010dina. Mo\u017eete ga nanijeti iz pumpice ili otresti s kista, stvaraju\u0107i blistav sjaj. Mo\u017eete ga pomije\u0161ati i s malo alkohola, \u010dime \u0107ete dobiti prekrasnu, metalik boju za ru\u010dno slikanje kistom. Za fondant, marcipan, royal icing, vafel papir; ukra\u0161avanje povr\u0161ina i masa - torte, kreme, \u017eelei i gelovi, kalupi za praline, \u010dokoladne i \u0161e\u0107erne dekoracije. Pigmenti su netopljivi u vodi. Zahvaljuju\u0107i tome, prikladni su za mije\u0161anje s proizvodima koji sadr\u017ee vodu ili ulje.<\/p>\n<p>Boja je tako\u0111er odli\u010dna za stvaranje gaziranih pi\u0107a.<\/p>\n<p><strong>Doziranje<\/strong>: prema principu quantum satis \u2013 za postizanje \u017eeljenog tehnolo\u0161kog u\u010dinka.<\/p>\n<p>\u010cuvati na suhom i hladnom mjestu.<\/p>","protected":false},"excerpt":{"rendered":"<p><strong>Jedilna barva v prahu, sprej Rose Gold<\/strong><\/p>\n<p><strong>Rose gold ble\u0161\u010dice v spreju, z <\/strong>u\u010dinkom mo\u010dnega sijaja. Barve lahko nana\u0161ate tako suhe kot mokre \u2013 po me\u0161anju z alkoholom. Barvila so v obliki finih prahov z razli\u010dnimi debelinami delcev.<\/p>\n<p>&nbsp;<\/p>","protected":false},"featured_media":16772,"comment_status":"open","ping_status":"closed","template":"","meta":{"om_disable_all_campaigns":false,"inline_featured_image":false,"_monsterinsights_skip_tracking":false,"_monsterinsights_sitenote_active":false,"_monsterinsights_sitenote_note":"","_monsterinsights_sitenote_category":0},"product_brand":[],"product_cat":[124,131],"product_tag":[152],"class_list":{"0":"post-16771","1":"product","2":"type-product","3":"status-publish","4":"has-post-thumbnail","6":"product_cat-jedilne-barve-in-blescice","7":"product_cat-jedilni-listici-blescice","8":"product_tag-novosti","10":"first","11":"instock","12":"taxable","13":"shipping-taxable","14":"purchasable","15":"product-type-simple"},"aioseo_notices":[],"_links":{"self":[{"href":"https:\/\/www.lumist.si\/hr\/wp-json\/wp\/v2\/product\/16771","targetHints":{"allow":["GET"]}}],"collection":[{"href":"https:\/\/www.lumist.si\/hr\/wp-json\/wp\/v2\/product"}],"about":[{"href":"https:\/\/www.lumist.si\/hr\/wp-json\/wp\/v2\/types\/product"}],"replies":[{"embeddable":true,"href":"https:\/\/www.lumist.si\/hr\/wp-json\/wp\/v2\/comments?post=16771"}],"wp:featuredmedia":[{"embeddable":true,"href":"https:\/\/www.lumist.si\/hr\/wp-json\/wp\/v2\/media\/16772"}],"wp:attachment":[{"href":"https:\/\/www.lumist.si\/hr\/wp-json\/wp\/v2\/media?parent=16771"}],"wp:term":[{"taxonomy":"product_brand","embeddable":true,"href":"https:\/\/www.lumist.si\/hr\/wp-json\/wp\/v2\/product_brand?post=16771"},{"taxonomy":"product_cat","embeddable":true,"href":"https:\/\/www.lumist.si\/hr\/wp-json\/wp\/v2\/product_cat?post=16771"},{"taxonomy":"product_tag","embeddable":true,"href":"https:\/\/www.lumist.si\/hr\/wp-json\/wp\/v2\/product_tag?post=16771"}],"curies":[{"name":"wp","href":"https:\/\/api.w.org\/{rel}","templated":true}]}}