{"id":1710,"date":"2020-12-11T16:30:45","date_gmt":"2020-12-11T15:30:45","guid":{"rendered":"http:\/\/www.lumist.si\/?post_type=product&#038;p=1710"},"modified":"2026-03-12T22:53:01","modified_gmt":"2026-03-12T21:53:01","slug":"kakav-v-prahu","status":"publish","type":"product","link":"https:\/\/www.lumist.si\/hr\/proizvod\/kakav-v-prahu\/","title":{"rendered":"Kakav v prahu,100%"},"content":{"rendered":"<p><strong>Kakav v prahu, 22 % kakavovega masla<\/strong><\/p>\n<p>100 % bogat, tamnocrveni kakao prah dobiven mljevenjem i pre\u0161anjem finih zrna kakaovca.<br \/>\nDuboka, intenzivna \u010dokoladna eksplozija okusa. Dodatak za pe\u010denje, sladoled i ostale slastice. 22% sadr\u017eaj kakao maslaca.<\/p>\n<p>Kakao prah za izradu i ukra\u0161avanje slastica.<\/p>","protected":false},"excerpt":{"rendered":"<p><strong>Kakav v prahu, 100 %<\/strong><\/p>\n<p><strong>22 % kakavovega masla <\/strong>\u00a0bogat, temno rde\u010d , narejen z mletjem in stiskanjem drobnih kakavovih zrn.<\/p>\n<p>Globoka, intenzivna \u010dokoladna eksplozija okusa.<\/p>","protected":false},"featured_media":1781,"comment_status":"open","ping_status":"closed","template":"","meta":{"om_disable_all_campaigns":false,"inline_featured_image":false,"_monsterinsights_skip_tracking":false,"_monsterinsights_sitenote_active":false,"_monsterinsights_sitenote_note":"","_monsterinsights_sitenote_category":0},"product_brand":[],"product_cat":[138],"product_tag":[],"class_list":{"0":"post-1710","1":"product","2":"type-product","3":"status-publish","4":"has-post-thumbnail","6":"product_cat-kakav-kakavovo-maslo","7":"pa_teza-250-g","8":"pa_teza-500-g","9":"pa_znamka-ireks","11":"first","12":"instock","13":"taxable","14":"shipping-taxable","15":"purchasable","16":"product-type-variable","17":"has-default-attributes"},"aioseo_notices":[],"_links":{"self":[{"href":"https:\/\/www.lumist.si\/hr\/wp-json\/wp\/v2\/product\/1710","targetHints":{"allow":["GET"]}}],"collection":[{"href":"https:\/\/www.lumist.si\/hr\/wp-json\/wp\/v2\/product"}],"about":[{"href":"https:\/\/www.lumist.si\/hr\/wp-json\/wp\/v2\/types\/product"}],"replies":[{"embeddable":true,"href":"https:\/\/www.lumist.si\/hr\/wp-json\/wp\/v2\/comments?post=1710"}],"wp:featuredmedia":[{"embeddable":true,"href":"https:\/\/www.lumist.si\/hr\/wp-json\/wp\/v2\/media\/1781"}],"wp:attachment":[{"href":"https:\/\/www.lumist.si\/hr\/wp-json\/wp\/v2\/media?parent=1710"}],"wp:term":[{"taxonomy":"product_brand","embeddable":true,"href":"https:\/\/www.lumist.si\/hr\/wp-json\/wp\/v2\/product_brand?post=1710"},{"taxonomy":"product_cat","embeddable":true,"href":"https:\/\/www.lumist.si\/hr\/wp-json\/wp\/v2\/product_cat?post=1710"},{"taxonomy":"product_tag","embeddable":true,"href":"https:\/\/www.lumist.si\/hr\/wp-json\/wp\/v2\/product_tag?post=1710"}],"curies":[{"name":"wp","href":"https:\/\/api.w.org\/{rel}","templated":true}]}}