{"id":17388,"date":"2026-02-03T21:24:05","date_gmt":"2026-02-03T20:24:05","guid":{"rendered":"https:\/\/www.lumist.si\/?post_type=product&#038;p=17388"},"modified":"2026-03-11T07:35:56","modified_gmt":"2026-03-11T06:35:56","slug":"temna-cokolada-berry-callebaut-400-g","status":"publish","type":"product","link":"https:\/\/www.lumist.si\/hr\/proizvod\/temna-cokolada-berry-callebaut-400-g\/","title":{"rendered":"Temna \u010dokolada, Berry Callebaut, 400 g"},"content":{"rendered":"<h3><strong>Temna \u010dokolada, Berry Callebaut &#8211; Callets<br \/>\n<\/strong><\/h3>\n<p><strong>Namen uporabe:<\/strong><br \/>\n&#8211; idealna za <strong>temperiranje<\/strong><br \/>\n&#8211; primerna za <strong>vlivanje<\/strong> v modele, pralineje in bonbone<br \/>\n&#8211; odli\u010dna za <strong>glazure, ganache, mousse <\/strong>i<strong> kreme<\/strong><br \/>\n&#8211; primerna tudi za<strong> peko<\/strong> i <strong>dekoracijo sladic<\/strong>.<\/p>\n<p><strong>Temperiranje \u010dokolade (priporo\u010dilo):<br \/>\n<\/strong>Temperiranje je postopek nadzorovanega segrevanja in ohlajanja \u010dokolade, s katerim dose\u017eemo:<br \/>\n&#8211; lep sijaj<br \/>\n&#8211; gladko teksturo<br \/>\n&#8211; \u010dvrsto strukturo in prijeten lom<br \/>\n&#8211; prepre\u010devanje sivkastega videza (ma\u0161\u010dobni cvet).<\/p>\n<p>Priporo\u010dene temperature temperiranja<strong> (<\/strong><strong data-start=\"566\" data-end=\"586\">temna \u010dokolada):<br \/>\n&#8211; <\/strong>segrevanje do <strong data-start=\"603\" data-end=\"615\">45\u201350 \u00b0C<br \/>\n<\/strong>&#8211; ohlajanje na <strong data-start=\"631\" data-end=\"643\">26\u201327 \u00b0C<br \/>\n<\/strong>&#8211; delovna temperatura <strong data-start=\"666\" data-end=\"678\">29\u201330 \u00b0C<\/strong><\/p>\n<p data-start=\"792\" data-end=\"898\">Za najbolj\u0161e rezultate priporo\u010damo uporabo <strong data-start=\"835\" data-end=\"861\">termometra za \u010dokolado<\/strong> in upo\u0161tevanje navodil proizvajalca. Izdelano iz <strong data-start=\"1011\" data-end=\"1044\">skrbno izbranih kakavovih zrn<\/strong> in proizvedeno v Belgiji po tradicionalnih \u010dokoladarskih standardih blagovne znamke Callebaut.<\/p>","protected":false},"excerpt":{"rendered":"<p data-start=\"171\" data-end=\"487\"><strong>Temna \u010dokolada, Berry Callabeut<\/strong><\/p>\n<p data-start=\"171\" data-end=\"487\">Temne \u010dokoladne kapljice <strong data-start=\"195\" data-end=\"208\">Callebaut<\/strong> so izdelane iz vrhunske belgijske \u010dokolade in vsebujejo <strong data-start=\"265\" data-end=\"282\">53,8 % kakava<\/strong>. Za najbolj\u0161e rezultate priporo\u010damo uporabo <strong data-start=\"835\" data-end=\"861\">termometra za \u010dokolado<\/strong> in upo\u0161tevanje navodil proizvajalca.<\/p>","protected":false},"featured_media":17385,"comment_status":"open","ping_status":"closed","template":"","meta":{"om_disable_all_campaigns":false,"inline_featured_image":false,"_monsterinsights_skip_tracking":false,"_monsterinsights_sitenote_active":false,"_monsterinsights_sitenote_note":"","_monsterinsights_sitenote_category":0},"product_brand":[],"product_cat":[109,382],"product_tag":[152],"class_list":{"0":"post-17388","1":"product","2":"type-product","3":"status-publish","4":"has-post-thumbnail","6":"product_cat-cokolada-in-kakav","7":"product_cat-cokolade-za-peko","8":"product_tag-novosti","10":"first","11":"instock","12":"taxable","13":"shipping-taxable","14":"purchasable","15":"product-type-simple"},"aioseo_notices":[],"_links":{"self":[{"href":"https:\/\/www.lumist.si\/hr\/wp-json\/wp\/v2\/product\/17388","targetHints":{"allow":["GET"]}}],"collection":[{"href":"https:\/\/www.lumist.si\/hr\/wp-json\/wp\/v2\/product"}],"about":[{"href":"https:\/\/www.lumist.si\/hr\/wp-json\/wp\/v2\/types\/product"}],"replies":[{"embeddable":true,"href":"https:\/\/www.lumist.si\/hr\/wp-json\/wp\/v2\/comments?post=17388"}],"wp:featuredmedia":[{"embeddable":true,"href":"https:\/\/www.lumist.si\/hr\/wp-json\/wp\/v2\/media\/17385"}],"wp:attachment":[{"href":"https:\/\/www.lumist.si\/hr\/wp-json\/wp\/v2\/media?parent=17388"}],"wp:term":[{"taxonomy":"product_brand","embeddable":true,"href":"https:\/\/www.lumist.si\/hr\/wp-json\/wp\/v2\/product_brand?post=17388"},{"taxonomy":"product_cat","embeddable":true,"href":"https:\/\/www.lumist.si\/hr\/wp-json\/wp\/v2\/product_cat?post=17388"},{"taxonomy":"product_tag","embeddable":true,"href":"https:\/\/www.lumist.si\/hr\/wp-json\/wp\/v2\/product_tag?post=17388"}],"curies":[{"name":"wp","href":"https:\/\/api.w.org\/{rel}","templated":true}]}}