{"id":17461,"date":"2026-02-20T21:01:05","date_gmt":"2026-02-20T20:01:05","guid":{"rendered":"https:\/\/www.lumist.si\/?post_type=product&#038;p=17461"},"modified":"2026-04-21T07:58:40","modified_gmt":"2026-04-21T05:58:40","slug":"roze-metulji-ombre-roza-oblatne-dekoracije-30-kos","status":"publish","type":"product","link":"https:\/\/www.lumist.si\/hr\/proizvod\/roze-metulji-ombre-roza-oblatne-dekoracije-30-kos\/","title":{"rendered":"Ro\u017ee &#038; Metulji, ombre roza, oblatne dekoracije (30 kos)"},"content":{"rendered":"<p>Ro\u017ee &amp; Metulji, ombre roza, oblatne dekoracije (30 kos)<\/p>\n<p>S kompletom Wilton jedilnih oblatnih dekoracij Ro\u017ee &amp; Metulji \u2013 ombre roza (30 kos) dodajte svojim sladicam igriv in ne\u017een pridih. \u010cudovite u\u017eitne dekoracije zdru\u017eujejo drobne ro\u017eice in metulje v ne\u017enih ombre roza odtenkih. Pripravljene so za takoj\u0161njo uporabo \u2013 preprosto jih polo\u017eite na torto, mafine ali pi\u0161kote in ustvarite prazni\u010den videz. Trpe\u017ena embala\u017ea zagotavlja varno shranjevanje ter ohranja dekoracije lepe in nepo\u0161kodovane.<\/p>\n<p>\u2013 Set vsebuje 30 jedilnih oblatnih dekoracij<br \/>\n\u2013 Kombinacija ro\u017e in metuljev v oran\u017enih in roza odtenkih<br \/>\n\u2013 Pripravljene za uporabo \u2013 polo\u017eite jih neposredno na sladico.<\/p>\n<p>Shranjujte v temnem prostoru pri sobni temperaturi.<\/p>","protected":false},"excerpt":{"rendered":"<p>Ro\u017ee &amp; Metulji, ombre roza, oblatne dekoracije (30 kos)<\/p>\n<p>S kompletom Wilton jedilnih oblatnih dekoracij Ro\u017ee &amp; Metulji \u2013 ombre roza (30 kos) dodajte svojim sladicam igriv in ne\u017een pridih.<\/p>\n<p>\u2013 Set vsebuje 30 jedilnih oblatnih dekoracij<br \/>\n\u2013 Kombinacija ro\u017e in metuljev v oran\u017enih in roza odtenkih<br \/>\n\u2013 Pripravljene za uporabo \u2013 polo\u017eite jih neposredno na sladico.<\/p>\n<p>Shranjujte v temnem prostoru pri sobni temperaturi.<\/p>","protected":false},"featured_media":17465,"comment_status":"open","ping_status":"closed","template":"","meta":{"om_disable_all_campaigns":false,"inline_featured_image":false,"_monsterinsights_skip_tracking":false,"_monsterinsights_sitenote_active":false,"_monsterinsights_sitenote_note":"","_monsterinsights_sitenote_category":0},"product_brand":[],"product_cat":[117,100],"product_tag":[152],"class_list":{"0":"post-17461","1":"product","2":"type-product","3":"status-publish","4":"has-post-thumbnail","6":"product_cat-dekoracija-sladic","7":"product_cat-listici-roze-metulji","8":"product_tag-novosti","10":"first","11":"instock","12":"taxable","13":"shipping-taxable","14":"purchasable","15":"product-type-simple"},"aioseo_notices":[],"_links":{"self":[{"href":"https:\/\/www.lumist.si\/hr\/wp-json\/wp\/v2\/product\/17461","targetHints":{"allow":["GET"]}}],"collection":[{"href":"https:\/\/www.lumist.si\/hr\/wp-json\/wp\/v2\/product"}],"about":[{"href":"https:\/\/www.lumist.si\/hr\/wp-json\/wp\/v2\/types\/product"}],"replies":[{"embeddable":true,"href":"https:\/\/www.lumist.si\/hr\/wp-json\/wp\/v2\/comments?post=17461"}],"wp:featuredmedia":[{"embeddable":true,"href":"https:\/\/www.lumist.si\/hr\/wp-json\/wp\/v2\/media\/17465"}],"wp:attachment":[{"href":"https:\/\/www.lumist.si\/hr\/wp-json\/wp\/v2\/media?parent=17461"}],"wp:term":[{"taxonomy":"product_brand","embeddable":true,"href":"https:\/\/www.lumist.si\/hr\/wp-json\/wp\/v2\/product_brand?post=17461"},{"taxonomy":"product_cat","embeddable":true,"href":"https:\/\/www.lumist.si\/hr\/wp-json\/wp\/v2\/product_cat?post=17461"},{"taxonomy":"product_tag","embeddable":true,"href":"https:\/\/www.lumist.si\/hr\/wp-json\/wp\/v2\/product_tag?post=17461"}],"curies":[{"name":"wp","href":"https:\/\/api.w.org\/{rel}","templated":true}]}}