{"id":2041,"date":"2021-02-23T20:47:23","date_gmt":"2021-02-23T19:47:23","guid":{"rendered":"http:\/\/www.lumist.si\/?post_type=product&#038;p=2041"},"modified":"2026-01-22T20:54:34","modified_gmt":"2026-01-22T19:54:34","slug":"srcek-mlecna-temna-cokolada","status":"publish","type":"product","link":"https:\/\/www.lumist.si\/hr\/proizvod\/srcek-mlecna-temna-cokolada\/","title":{"rendered":"Srce \u2013 mlije\u010dna\/crna \u010dokolada"},"content":{"rendered":"","protected":false},"excerpt":{"rendered":"<p>\u010cOKOLADNO SRCE MLIJE\u010cNO\/TAMNA \u010cOKOLADA<br \/>\nVRSTA PROIZVODA: \u010dokoladno srce<br \/>\nDIMENZIJE: 34 mm<br \/>\nOKUS: tamna \u010dokolada, mlije\u010dna \u010dokolada<br \/>\nOBLIK: srce<br \/>\nPREDMET: Valentinovo, univerzalno<\/p>\n<p>\u010cuvati na temperaturi od 18\u00b0C do 22\u00b0C, dalje od izvora sun\u010deve svjetlosti.<\/p>","protected":false},"featured_media":7664,"comment_status":"open","ping_status":"closed","template":"","meta":{"om_disable_all_campaigns":false,"inline_featured_image":false,"_monsterinsights_skip_tracking":false,"_monsterinsights_sitenote_active":false,"_monsterinsights_sitenote_note":"","_monsterinsights_sitenote_category":0},"product_brand":[],"product_cat":[117,27],"product_tag":[],"class_list":{"0":"post-2041","1":"product","2":"type-product","3":"status-publish","4":"has-post-thumbnail","6":"product_cat-dekoracija-sladic","7":"product_cat-cokoladni-okraski","8":"pa_kolicina-20-kos","10":"first","11":"instock","12":"taxable","13":"shipping-taxable","14":"purchasable","15":"product-type-variable","16":"has-default-attributes"},"aioseo_notices":[],"_links":{"self":[{"href":"https:\/\/www.lumist.si\/hr\/wp-json\/wp\/v2\/product\/2041","targetHints":{"allow":["GET"]}}],"collection":[{"href":"https:\/\/www.lumist.si\/hr\/wp-json\/wp\/v2\/product"}],"about":[{"href":"https:\/\/www.lumist.si\/hr\/wp-json\/wp\/v2\/types\/product"}],"replies":[{"embeddable":true,"href":"https:\/\/www.lumist.si\/hr\/wp-json\/wp\/v2\/comments?post=2041"}],"wp:featuredmedia":[{"embeddable":true,"href":"https:\/\/www.lumist.si\/hr\/wp-json\/wp\/v2\/media\/7664"}],"wp:attachment":[{"href":"https:\/\/www.lumist.si\/hr\/wp-json\/wp\/v2\/media?parent=2041"}],"wp:term":[{"taxonomy":"product_brand","embeddable":true,"href":"https:\/\/www.lumist.si\/hr\/wp-json\/wp\/v2\/product_brand?post=2041"},{"taxonomy":"product_cat","embeddable":true,"href":"https:\/\/www.lumist.si\/hr\/wp-json\/wp\/v2\/product_cat?post=2041"},{"taxonomy":"product_tag","embeddable":true,"href":"https:\/\/www.lumist.si\/hr\/wp-json\/wp\/v2\/product_tag?post=2041"}],"curies":[{"name":"wp","href":"https:\/\/api.w.org\/{rel}","templated":true}]}}