{"id":2090,"date":"2021-02-25T18:46:47","date_gmt":"2021-02-25T17:46:47","guid":{"rendered":"http:\/\/www.lumist.si\/?post_type=product&#038;p=2090"},"modified":"2026-04-10T16:26:42","modified_gmt":"2026-04-10T14:26:42","slug":"cokoladna-krogla-lici","status":"publish","type":"product","link":"https:\/\/www.lumist.si\/hr\/proizvod\/cokoladna-krogla-lici\/","title":{"rendered":"\u010cokoladna krogla Li\u010di, \u00d8 2,7 cm"},"content":{"rendered":"<p><strong>\u010cokoladna krogla Li\u010di<\/strong><\/p>\n<p>\u0160uplja, vrlo svijetla \u010dokoladna kugla u intenzivnom <strong>roza barvi<\/strong>. Je iz odli\u010dne bele \u010dokolade in je zaradi svoje lahkotnosti primerna za okra\u0161evanje tudi najbolj ob\u010dutljivih sladic. Univerzalna \u010dokoladna dekoracija.<\/p>\n<p><strong>Koli\u010dina<\/strong>: 12 kom<br \/>\n<strong>Veli\u010dina<\/strong>: \u00d8 27 mm<br \/>\n<strong>Ukus<\/strong>: bijela \u010dokolada<br \/>\n<strong>Boja<\/strong>: intezivno roza<br \/>\n<strong>Oblik<\/strong>: sfera<\/p>\n<p>\u010cuvati na temperaturi od 18\u00b0C do 22\u00b0C, dalje od izvora sun\u010deve svjetlosti.<\/p>","protected":false},"excerpt":{"rendered":"<p><strong>\u010cokoladna krogla Li\u010di<\/strong><\/p>\n<p>\u0160uplja, vrlo svijetla \u010dokoladna kugla u intenzivnom <strong>roza barvi<\/strong>. Je iz odli\u010dne bele \u010dokolade in je zaradi svoje lahkotnosti primerna za okra\u0161evanje tudi najbolj ob\u010dutljivih sladic. Univerzalna \u010dokoladna dekoracija.<\/p>\n<p>&nbsp;<\/p>","protected":false},"featured_media":9309,"comment_status":"open","ping_status":"closed","template":"","meta":{"om_disable_all_campaigns":false,"inline_featured_image":false,"_monsterinsights_skip_tracking":false,"_monsterinsights_sitenote_active":false,"_monsterinsights_sitenote_note":"","_monsterinsights_sitenote_category":0},"product_brand":[],"product_cat":[117,118],"product_tag":[],"class_list":{"0":"post-2090","1":"product","2":"type-product","3":"status-publish","4":"has-post-thumbnail","6":"product_cat-dekoracija-sladic","7":"product_cat-cokoladne-krogle","8":"pa_kolicina-12-kom","10":"first","11":"instock","12":"taxable","13":"shipping-taxable","14":"purchasable","15":"product-type-variable","16":"has-default-attributes"},"aioseo_notices":[],"_links":{"self":[{"href":"https:\/\/www.lumist.si\/hr\/wp-json\/wp\/v2\/product\/2090","targetHints":{"allow":["GET"]}}],"collection":[{"href":"https:\/\/www.lumist.si\/hr\/wp-json\/wp\/v2\/product"}],"about":[{"href":"https:\/\/www.lumist.si\/hr\/wp-json\/wp\/v2\/types\/product"}],"replies":[{"embeddable":true,"href":"https:\/\/www.lumist.si\/hr\/wp-json\/wp\/v2\/comments?post=2090"}],"wp:featuredmedia":[{"embeddable":true,"href":"https:\/\/www.lumist.si\/hr\/wp-json\/wp\/v2\/media\/9309"}],"wp:attachment":[{"href":"https:\/\/www.lumist.si\/hr\/wp-json\/wp\/v2\/media?parent=2090"}],"wp:term":[{"taxonomy":"product_brand","embeddable":true,"href":"https:\/\/www.lumist.si\/hr\/wp-json\/wp\/v2\/product_brand?post=2090"},{"taxonomy":"product_cat","embeddable":true,"href":"https:\/\/www.lumist.si\/hr\/wp-json\/wp\/v2\/product_cat?post=2090"},{"taxonomy":"product_tag","embeddable":true,"href":"https:\/\/www.lumist.si\/hr\/wp-json\/wp\/v2\/product_tag?post=2090"}],"curies":[{"name":"wp","href":"https:\/\/api.w.org\/{rel}","templated":true}]}}