{"id":2096,"date":"2021-02-25T19:15:50","date_gmt":"2021-02-25T18:15:50","guid":{"rendered":"http:\/\/www.lumist.si\/?post_type=product&#038;p=2096"},"modified":"2026-04-10T16:27:45","modified_gmt":"2026-04-10T14:27:45","slug":"cokoladna-krogla-limeta","status":"publish","type":"product","link":"https:\/\/www.lumist.si\/hr\/proizvod\/cokoladna-krogla-limeta\/","title":{"rendered":"\u010cokoladna krogla Limeta, \u00d8 2,7 cm"},"content":{"rendered":"<p><strong>\u010cokoladna krogla Limeta<\/strong><\/p>\n<p>\u0160uplja, vrlo svijetla \u010dokoladna kugla unutra <strong>\u010dudovitem intenzivnem odtenku limete<\/strong>. Izra\u0111ena je od izvrsne bijele \u010dokolade i upravo zbog svoje lako\u0107e pogodna je za ukra\u0161avanje finih slastica, a lako stoji i na kremama i pjenama. Univerzalni \u010dokoladni ukras.<\/p>\n<p>Koli\u010dina: 12 kom<br \/>\nVeli\u010dina: \u00d8 27 mm<br \/>\nOkus: Bela \u010dokolada<br \/>\nBarva: Limeta zelena<br \/>\nOblika: Krogla<br \/>\nUporaba: Univerzalno<\/p>\n<p>\u010cuvati na temperaturi od 18\u00b0C do 22\u00b0C, dalje od izvora sun\u010deve svjetlosti.<\/p>","protected":false},"excerpt":{"rendered":"<p><strong>\u010cokoladna krogla Limeta<\/strong><\/p>\n<p>\u0160uplja, vrlo svijetla \u010dokoladna kugla unutra <strong>\u010dudovitem intenzivnem odtenku limete<\/strong>. Izra\u0111ena je od izvrsne bijele \u010dokolade i upravo zbog svoje lako\u0107e pogodna je za ukra\u0161avanje finih slastica, a lako stoji i na kremama i pjenama. Univerzalni \u010dokoladni ukras.<\/p>\n<p>&nbsp;<\/p>","protected":false},"featured_media":9310,"comment_status":"open","ping_status":"closed","template":"","meta":{"om_disable_all_campaigns":false,"inline_featured_image":false,"_monsterinsights_skip_tracking":false,"_monsterinsights_sitenote_active":false,"_monsterinsights_sitenote_note":"","_monsterinsights_sitenote_category":0},"product_brand":[],"product_cat":[117,118],"product_tag":[],"class_list":{"0":"post-2096","1":"product","2":"type-product","3":"status-publish","4":"has-post-thumbnail","6":"product_cat-dekoracija-sladic","7":"product_cat-cokoladne-krogle","8":"pa_kolicina-12-kos","10":"first","11":"instock","12":"taxable","13":"shipping-taxable","14":"purchasable","15":"product-type-variable","16":"has-default-attributes"},"aioseo_notices":[],"_links":{"self":[{"href":"https:\/\/www.lumist.si\/hr\/wp-json\/wp\/v2\/product\/2096","targetHints":{"allow":["GET"]}}],"collection":[{"href":"https:\/\/www.lumist.si\/hr\/wp-json\/wp\/v2\/product"}],"about":[{"href":"https:\/\/www.lumist.si\/hr\/wp-json\/wp\/v2\/types\/product"}],"replies":[{"embeddable":true,"href":"https:\/\/www.lumist.si\/hr\/wp-json\/wp\/v2\/comments?post=2096"}],"wp:featuredmedia":[{"embeddable":true,"href":"https:\/\/www.lumist.si\/hr\/wp-json\/wp\/v2\/media\/9310"}],"wp:attachment":[{"href":"https:\/\/www.lumist.si\/hr\/wp-json\/wp\/v2\/media?parent=2096"}],"wp:term":[{"taxonomy":"product_brand","embeddable":true,"href":"https:\/\/www.lumist.si\/hr\/wp-json\/wp\/v2\/product_brand?post=2096"},{"taxonomy":"product_cat","embeddable":true,"href":"https:\/\/www.lumist.si\/hr\/wp-json\/wp\/v2\/product_cat?post=2096"},{"taxonomy":"product_tag","embeddable":true,"href":"https:\/\/www.lumist.si\/hr\/wp-json\/wp\/v2\/product_tag?post=2096"}],"curies":[{"name":"wp","href":"https:\/\/api.w.org\/{rel}","templated":true}]}}