{"id":2107,"date":"2021-02-26T19:31:39","date_gmt":"2021-02-26T18:31:39","guid":{"rendered":"http:\/\/www.lumist.si\/?post_type=product&#038;p=2107"},"modified":"2026-04-10T16:39:21","modified_gmt":"2026-04-10T14:39:21","slug":"cokoladna-krogla-uran","status":"publish","type":"product","link":"https:\/\/www.lumist.si\/hr\/proizvod\/cokoladna-krogla-uran\/","title":{"rendered":"\u010cokoladna krogla Uran, \u00d8 2,7 cm"},"content":{"rendered":"<p><strong>\u010cokoladna krogla Uran<\/strong><\/p>\n<p>\u0160uplja, vrlo svijetla \u010dokoladna kugla u intenzivnom <strong>oran\u017eni<\/strong>. Izra\u0111ena je od izvrsne bijele \u010dokolade i zbog svoje lako\u0107e pogodna je za ukra\u0161avanje i najfinijih slastica.<\/p>\n<p><strong>Koli\u010dina<\/strong>: 12 kom<br \/>\n<strong>Veli\u010dina<\/strong>: \u00d8 27 mm<br \/>\n<strong>Ukus<\/strong>: bijela \u010dokolada<br \/>\n<strong>Boja<\/strong>:intenzivna oran\u017ena<br \/>\n<strong>Oblik<\/strong>: sfera<\/p>\n<p>\u010cuvati na temperaturi od 18\u00b0C do 22\u00b0C, dalje od izvora sun\u010deve svjetlosti.<\/p>","protected":false},"excerpt":{"rendered":"<p><strong>\u010cokoladna krogla Uran<\/strong><\/p>\n<p>\u0160uplja, vrlo svijetla \u010dokoladna kugla u intenzivnom <strong>oran\u017eni<\/strong>. Izra\u0111ena je od izvrsne bijele \u010dokolade i zbog svoje lako\u0107e pogodna je za ukra\u0161avanje i najfinijih slastica.<\/p>\n<p>&nbsp;<\/p>","protected":false},"featured_media":12153,"comment_status":"open","ping_status":"closed","template":"","meta":{"om_disable_all_campaigns":false,"inline_featured_image":false,"_monsterinsights_skip_tracking":false,"_monsterinsights_sitenote_active":false,"_monsterinsights_sitenote_note":"","_monsterinsights_sitenote_category":0},"product_brand":[],"product_cat":[117,118],"product_tag":[],"class_list":{"0":"post-2107","1":"product","2":"type-product","3":"status-publish","4":"has-post-thumbnail","6":"product_cat-dekoracija-sladic","7":"product_cat-cokoladne-krogle","8":"pa_kolicina-12-kom","10":"first","11":"instock","12":"taxable","13":"shipping-taxable","14":"purchasable","15":"product-type-variable","16":"has-default-attributes"},"aioseo_notices":[],"_links":{"self":[{"href":"https:\/\/www.lumist.si\/hr\/wp-json\/wp\/v2\/product\/2107","targetHints":{"allow":["GET"]}}],"collection":[{"href":"https:\/\/www.lumist.si\/hr\/wp-json\/wp\/v2\/product"}],"about":[{"href":"https:\/\/www.lumist.si\/hr\/wp-json\/wp\/v2\/types\/product"}],"replies":[{"embeddable":true,"href":"https:\/\/www.lumist.si\/hr\/wp-json\/wp\/v2\/comments?post=2107"}],"wp:featuredmedia":[{"embeddable":true,"href":"https:\/\/www.lumist.si\/hr\/wp-json\/wp\/v2\/media\/12153"}],"wp:attachment":[{"href":"https:\/\/www.lumist.si\/hr\/wp-json\/wp\/v2\/media?parent=2107"}],"wp:term":[{"taxonomy":"product_brand","embeddable":true,"href":"https:\/\/www.lumist.si\/hr\/wp-json\/wp\/v2\/product_brand?post=2107"},{"taxonomy":"product_cat","embeddable":true,"href":"https:\/\/www.lumist.si\/hr\/wp-json\/wp\/v2\/product_cat?post=2107"},{"taxonomy":"product_tag","embeddable":true,"href":"https:\/\/www.lumist.si\/hr\/wp-json\/wp\/v2\/product_tag?post=2107"}],"curies":[{"name":"wp","href":"https:\/\/api.w.org\/{rel}","templated":true}]}}