{"id":2215,"date":"2021-03-09T16:29:35","date_gmt":"2021-03-09T15:29:35","guid":{"rendered":"http:\/\/www.lumist.si\/?post_type=product&#038;p=2215"},"modified":"2026-03-04T09:41:06","modified_gmt":"2026-03-04T08:41:06","slug":"mlecna-cokolada-karamela-33-lubeca","status":"publish","type":"product","link":"https:\/\/www.lumist.si\/hr\/proizvod\/mlecna-cokolada-karamela-33-lubeca\/","title":{"rendered":"Mle\u010dna \u010dokolada, karamela 33% Lubeca"},"content":{"rendered":"","protected":false},"excerpt":{"rendered":"<p><strong>Mlije\u010dna karamela 33%<\/strong> Kombinira bogatstvo mlije\u010dne \u010dokolade s \u010distom karamelom. Krajnji rezultat je dekadentno ukusna mlije\u010dna \u010dokolada s bogatom nijansom zlatno sme\u0111e karamele.<br \/>\nObradite karamel kapljice kao \u0161to biste to u\u010dinili s obi\u010dnom mlije\u010dnom \u010dokoladom: topljenje i hla\u0111enje rade na potpuno isti na\u010din kao i sa svim drugim \u010dokoladama.<\/p>\n<p>\u010cokolada se mo\u017ee koristiti za oblikovanje, premazivanje, punjenje, aromatiziranje pjena ili krema te izradu ukrasa.<br \/>\nRenomirani slasti\u010dari predla\u017eu kombiniranje karamel \u010dokolade s kompatibilnim okusima kao \u0161to su fleur de sel, lje\u0161njak \u2013 ili kontrastnim okusima kao \u0161to su marakuje, limeta, zelena jabuka itd.<\/p>\n<p>\u2022 <strong>33% kakao u zrnu<\/strong>,<br \/>\n\u2022 <strong>35% kakao maslaca<\/strong> i<br \/>\n\u2022 <strong>15% mlijeka<\/strong> i <strong>profinjen pravom Bourbon vanilijom.<\/strong><\/p>\n<p><strong>Primjena<\/strong>:<br \/>\n\u2022 Kreme \u2022 Mousseovi \u2022 Ganache \u2022 Deserti \u2022 Preljevi \u2022 Sladoled \u2022 Peciva \u2022 Praline<\/p>\n<p><strong>Mlije\u010dna karamela, Lubeca je<\/strong>:<br \/>\n\u2713 Vrhunska kvaliteta<br \/>\n\u2713 Bez glutena<br \/>\n\u2713 Bez palminog ulja<br \/>\n\u2713 UTZ i Fair Trade certifikat<\/p>\n<p><strong>Skladi\u0161tenje<\/strong>: \u010cuvati na suhom i hladnom mjestu na 15-20 \u00b0C, daleko od izvora topline, za\u0161ti\u0107eno od izravne sun\u010deve svjetlosti i neugodnih mirisa. Sobna temperatura ne smije prelaziti 25 \u00b0C. Nakon upotrebe vre\u0107icu dobro zatvoriti.<\/p>","protected":false},"featured_media":8056,"comment_status":"open","ping_status":"closed","template":"","meta":{"om_disable_all_campaigns":false,"inline_featured_image":false,"_monsterinsights_skip_tracking":false,"_monsterinsights_sitenote_active":false,"_monsterinsights_sitenote_note":"","_monsterinsights_sitenote_category":0},"product_brand":[],"product_cat":[382],"product_tag":[],"class_list":{"0":"post-2215","1":"product","2":"type-product","3":"status-publish","4":"has-post-thumbnail","6":"product_cat-cokolade-za-peko","7":"pa_teza-500-g","8":"pa_znamka-lubeca","10":"first","11":"instock","12":"taxable","13":"shipping-taxable","14":"purchasable","15":"product-type-variable","16":"has-default-attributes"},"aioseo_notices":[],"_links":{"self":[{"href":"https:\/\/www.lumist.si\/hr\/wp-json\/wp\/v2\/product\/2215","targetHints":{"allow":["GET"]}}],"collection":[{"href":"https:\/\/www.lumist.si\/hr\/wp-json\/wp\/v2\/product"}],"about":[{"href":"https:\/\/www.lumist.si\/hr\/wp-json\/wp\/v2\/types\/product"}],"replies":[{"embeddable":true,"href":"https:\/\/www.lumist.si\/hr\/wp-json\/wp\/v2\/comments?post=2215"}],"wp:featuredmedia":[{"embeddable":true,"href":"https:\/\/www.lumist.si\/hr\/wp-json\/wp\/v2\/media\/8056"}],"wp:attachment":[{"href":"https:\/\/www.lumist.si\/hr\/wp-json\/wp\/v2\/media?parent=2215"}],"wp:term":[{"taxonomy":"product_brand","embeddable":true,"href":"https:\/\/www.lumist.si\/hr\/wp-json\/wp\/v2\/product_brand?post=2215"},{"taxonomy":"product_cat","embeddable":true,"href":"https:\/\/www.lumist.si\/hr\/wp-json\/wp\/v2\/product_cat?post=2215"},{"taxonomy":"product_tag","embeddable":true,"href":"https:\/\/www.lumist.si\/hr\/wp-json\/wp\/v2\/product_tag?post=2215"}],"curies":[{"name":"wp","href":"https:\/\/api.w.org\/{rel}","templated":true}]}}