{"id":2301,"date":"2021-03-18T20:01:32","date_gmt":"2021-03-18T19:01:32","guid":{"rendered":"http:\/\/www.lumist.si\/?post_type=product&#038;p=2301"},"modified":"2026-05-01T18:40:36","modified_gmt":"2026-05-01T16:40:36","slug":"lesnikova-pasta-praline-pasta-temna-50","status":"publish","type":"product","link":"https:\/\/www.lumist.si\/hr\/proizvod\/lesnikova-pasta-praline-pasta-temna-50\/","title":{"rendered":"Le\u0161nikova pralin\u00e9 pasta- temna 50 %"},"content":{"rendered":"<h3 data-start=\"175\" data-end=\"210\">Le\u0161nikova pralin\u00e9 pasta \u2013 temna<\/h3>\n<p data-start=\"212\" data-end=\"529\">Vrhunska le\u0161nikova pralin\u00e9 pasta, izdelana iz <strong data-start=\"254\" data-end=\"294\">naravnih sestavin najvi\u0161je kakovosti<\/strong>. Le\u0161niki so najprej <strong data-start=\"315\" data-end=\"332\">mo\u010dno pra\u017eeni<\/strong>, nato <strong data-start=\"339\" data-end=\"384\">kuhani v karameliziranem trsnim sladkorju<\/strong> in zmleti v <strong data-start=\"397\" data-end=\"429\">gladko, gosto kremasto pasto<\/strong>. Odlikujejo jo <strong data-start=\"445\" data-end=\"465\">lepa rjava barva<\/strong> i <strong data-start=\"470\" data-end=\"504\">intenziven, poln le\u0161nikov okus<\/strong> z izrazito pralin\u00e9 noto.<\/p>\n<p data-start=\"531\" data-end=\"822\">Zaradi bogate strukture je idealna kot <strong data-start=\"570\" data-end=\"579\">nadev<\/strong> ali dodatek osnovnim kremam, ki jih aromatizira in obogati s harmoni\u010dnim okusom po le\u0161nikih. Odli\u010dno se poda tudi k <strong data-start=\"696\" data-end=\"708\">\u010dokoladi<\/strong>, kjer ustvari vrhunske polnitve za <strong data-start=\"744\" data-end=\"785\">pralineje, torte, kola\u010de, kreme, pene<\/strong> ter druge sla\u0161\u010di\u010darske specialitete.<\/p>\n<p data-start=\"824\" data-end=\"934\">\u2714 Premium kvaliteta<br data-start=\"843\" data-end=\"846\" \/>\u2714 Veganska<br data-start=\"856\" data-end=\"859\" \/>\u2714 Brez glutena<br data-start=\"873\" data-end=\"876\" \/>\u2714 Brez palminega olja<br data-start=\"897\" data-end=\"900\" \/>\u2714 Brez umetnih snovi in aditivov<\/p>\n<p data-start=\"936\" data-end=\"987\"><strong data-start=\"936\" data-end=\"948\">Sastav:<\/strong> 52 % pra\u017eenih le\u0161nikov, trsni sladkor.<\/p>\n<p data-start=\"989\" data-end=\"1067\"><strong data-start=\"989\" data-end=\"1006\">Skladi\u0161tenje:<\/strong> hraniti v suhem in hladnem prostoru, stran od virov toplote.<\/p>","protected":false},"excerpt":{"rendered":"<h3 data-start=\"175\" data-end=\"210\">Le\u0161nikova pralin\u00e9 pasta \u2013 temna<\/h3>\n<p data-start=\"212\" data-end=\"529\">Vrhunska le\u0161nikova pralin\u00e9 pasta, izdelana iz <strong data-start=\"254\" data-end=\"294\">naravnih sestavin najvi\u0161je kakovosti<\/strong>. Le\u0161niki so najprej <strong data-start=\"315\" data-end=\"332\">mo\u010dno pra\u017eeni<\/strong>, nato <strong data-start=\"339\" data-end=\"384\">kuhani v karameliziranem trsnim sladkorju<\/strong> in zmleti v <strong data-start=\"397\" data-end=\"429\">gladko, gosto kremasto pasto<\/strong>. Odlikujejo jo <strong data-start=\"445\" data-end=\"465\">lepa rjava barva<\/strong> i <strong data-start=\"470\" data-end=\"504\">intenziven, poln le\u0161nikov okus<\/strong> z izrazito pralin\u00e9 noto.<\/p>\n<p data-start=\"989\" data-end=\"1067\">","protected":false},"featured_media":7476,"comment_status":"open","ping_status":"closed","template":"","meta":{"om_disable_all_campaigns":false,"inline_featured_image":false,"_monsterinsights_skip_tracking":false,"_monsterinsights_sitenote_active":false,"_monsterinsights_sitenote_note":"","_monsterinsights_sitenote_category":0},"product_brand":[],"product_cat":[345,192,333],"product_tag":[],"class_list":{"0":"post-2301","1":"product","2":"type-product","3":"status-publish","4":"has-post-thumbnail","6":"product_cat-paste-in-arome","7":"product_cat-praline-paste-in-nugati","8":"product_cat-vegan","9":"pa_okus-lesnik","10":"pa_teza-1-kg","11":"pa_teza-200-g","12":"pa_znamka-lubeca","14":"first","15":"instock","16":"taxable","17":"shipping-taxable","18":"purchasable","19":"product-type-variable","20":"has-default-attributes"},"aioseo_notices":[],"_links":{"self":[{"href":"https:\/\/www.lumist.si\/hr\/wp-json\/wp\/v2\/product\/2301","targetHints":{"allow":["GET"]}}],"collection":[{"href":"https:\/\/www.lumist.si\/hr\/wp-json\/wp\/v2\/product"}],"about":[{"href":"https:\/\/www.lumist.si\/hr\/wp-json\/wp\/v2\/types\/product"}],"replies":[{"embeddable":true,"href":"https:\/\/www.lumist.si\/hr\/wp-json\/wp\/v2\/comments?post=2301"}],"wp:featuredmedia":[{"embeddable":true,"href":"https:\/\/www.lumist.si\/hr\/wp-json\/wp\/v2\/media\/7476"}],"wp:attachment":[{"href":"https:\/\/www.lumist.si\/hr\/wp-json\/wp\/v2\/media?parent=2301"}],"wp:term":[{"taxonomy":"product_brand","embeddable":true,"href":"https:\/\/www.lumist.si\/hr\/wp-json\/wp\/v2\/product_brand?post=2301"},{"taxonomy":"product_cat","embeddable":true,"href":"https:\/\/www.lumist.si\/hr\/wp-json\/wp\/v2\/product_cat?post=2301"},{"taxonomy":"product_tag","embeddable":true,"href":"https:\/\/www.lumist.si\/hr\/wp-json\/wp\/v2\/product_tag?post=2301"}],"curies":[{"name":"wp","href":"https:\/\/api.w.org\/{rel}","templated":true}]}}