{"id":2345,"date":"2021-04-16T18:18:57","date_gmt":"2021-04-16T16:18:57","guid":{"rendered":"http:\/\/www.lumist.si\/?post_type=product&#038;p=2345"},"modified":"2026-01-05T21:00:57","modified_gmt":"2026-01-05T20:00:57","slug":"kakavovo-maslo-100","status":"publish","type":"product","link":"https:\/\/www.lumist.si\/hr\/proizvod\/kakavovo-maslo-100\/","title":{"rendered":"Kakao maslac 100%"},"content":{"rendered":"<p>Kakavovo maslo<\/p>\n<p>100% nerafinirani kakao maslac, dobiven pre\u0161anjem organski uzgojenih fermentiranih zrna kakaovca u Gani Postoji mnogo na\u010dina za kori\u0161tenje nerafiniranog kakao maslaca u prehrambene i kozmeti\u010dke svrhe. Naj\u010de\u0161\u0107e se koristi za izradu \u010dokolada, doma\u0107ih sapuna te hranjivih i hidratantnih krema za tijelo. Savr\u0161eno vla\u017ei, hrani i regenerira ko\u017eu. Topiv je na tjelesnoj temperaturi pa se lako nanosi na ko\u017eu i brzo upija. Kakao tako\u0111er pozitivno utje\u010de na raspolo\u017eenje i vitalnost.<\/p>\n<p>Ovaj nerafinirani kakao maslac proizvode mali poljoprivrednici, a kakao predstavlja glavni izvor prihoda za njihove obitelji. Kakao prodaju zadruge koje djeluju kao posrednici i prodava\u010di kakao maslaca na strana tr\u017ei\u0161ta.<\/p>\n<p>Sastojci: 100% nerafinirani kakao maslac iz zrna kakaovca (Theobroma Cacao).<br \/>\nPodrijetlo: Gana<br \/>\nNa\u010din \u010duvanja: Proizvod \u010duvati u zatvorenoj posudi na hladnom, suhom i tamnom mjestu.<\/p>","protected":false},"excerpt":{"rendered":"<p>100% nerafinirani kakao maslac, dobiven pre\u0161anjem organski uzgojenih fermentiranih zrna kakaovca u Gani. Postoji mnogo na\u010dina za kori\u0161tenje nerafiniranog kakao maslaca u prehrambene i kozmeti\u010dke svrhe. <strong>Naj\u010de\u0161\u0107e se koristi za izradu \u010dokolada, \u0161to vam omogu\u0107uje pode\u0161avanje fluidnosti \u010dokolade: dodajte izme\u0111u 1% i 8% kakao maslaca va\u0161oj gustoj \u010dokoladi i ona \u0107e postati rje\u0111a i teku\u0107inija. Idealan za tanko do vrlo tanko oblikovanje i lijevanje. Osim toga, pove\u0107ava sjaj va\u0161e \u010dokolade u plo\u010dicama i pralinama.<\/strong><br \/>\nSavr\u0161eno vla\u017ei, hrani i regenerira ko\u017eu. Topiv je na tjelesnoj temperaturi pa se lako nanosi na ko\u017eu i brzo upija. Kakao tako\u0111er pozitivno utje\u010de na raspolo\u017eenje i vitalnost.<\/p>","protected":false},"featured_media":11262,"comment_status":"open","ping_status":"closed","template":"","meta":{"om_disable_all_campaigns":false,"inline_featured_image":false,"_monsterinsights_skip_tracking":false,"_monsterinsights_sitenote_active":false,"_monsterinsights_sitenote_note":"","_monsterinsights_sitenote_category":0},"product_brand":[],"product_cat":[138],"product_tag":[],"class_list":{"0":"post-2345","1":"product","2":"type-product","3":"status-publish","4":"has-post-thumbnail","6":"product_cat-kakav-kakavovo-maslo","7":"pa_teza-500-g","9":"first","10":"outofstock","11":"taxable","12":"shipping-taxable","13":"product-type-variable","14":"has-default-attributes"},"aioseo_notices":[],"_links":{"self":[{"href":"https:\/\/www.lumist.si\/hr\/wp-json\/wp\/v2\/product\/2345","targetHints":{"allow":["GET"]}}],"collection":[{"href":"https:\/\/www.lumist.si\/hr\/wp-json\/wp\/v2\/product"}],"about":[{"href":"https:\/\/www.lumist.si\/hr\/wp-json\/wp\/v2\/types\/product"}],"replies":[{"embeddable":true,"href":"https:\/\/www.lumist.si\/hr\/wp-json\/wp\/v2\/comments?post=2345"}],"wp:featuredmedia":[{"embeddable":true,"href":"https:\/\/www.lumist.si\/hr\/wp-json\/wp\/v2\/media\/11262"}],"wp:attachment":[{"href":"https:\/\/www.lumist.si\/hr\/wp-json\/wp\/v2\/media?parent=2345"}],"wp:term":[{"taxonomy":"product_brand","embeddable":true,"href":"https:\/\/www.lumist.si\/hr\/wp-json\/wp\/v2\/product_brand?post=2345"},{"taxonomy":"product_cat","embeddable":true,"href":"https:\/\/www.lumist.si\/hr\/wp-json\/wp\/v2\/product_cat?post=2345"},{"taxonomy":"product_tag","embeddable":true,"href":"https:\/\/www.lumist.si\/hr\/wp-json\/wp\/v2\/product_tag?post=2345"}],"curies":[{"name":"wp","href":"https:\/\/api.w.org\/{rel}","templated":true}]}}