{"id":2444,"date":"2021-04-08T08:02:48","date_gmt":"2021-04-08T06:02:48","guid":{"rendered":"http:\/\/www.lumist.si\/?post_type=product&#038;p=2444"},"modified":"2026-03-29T22:42:53","modified_gmt":"2026-03-29T20:42:53","slug":"pasta-mango-200-gr","status":"publish","type":"product","link":"https:\/\/www.lumist.si\/hr\/proizvod\/pasta-mango-200-gr\/","title":{"rendered":"Pasta od manga"},"content":{"rendered":"<div class=\"flex max-w-full flex-col gap-4 grow\">\n<div class=\"min-h-8 text-message relative flex w-full flex-col items-end gap-2 text-start break-words whitespace-normal outline-none keyboard-focused:focus-ring [.text-message+&amp;]:mt-1\" dir=\"auto\" tabindex=\"0\" data-message-author-role=\"assistant\" data-message-id=\"5bcb2efb-4b47-4231-8112-82024c7b89cd\" data-message-model-slug=\"gpt-5-mini\" data-turn-start-message=\"true\">\n<div class=\"flex w-full flex-col gap-1 empty:hidden\">\n<div class=\"markdown prose dark:prose-invert w-full wrap-break-word light markdown-new-styling\">\n<p data-start=\"0\" data-end=\"324\"><strong>Pasta mango \u2013 mangova pasta za sla\u0161\u010di\u010darstvo<\/strong><br data-start=\"44\" data-end=\"47\" \/>Koncentrirana pasta z izrazito tropsko sadno noto, ki prina\u0161a avtenti\u010den okus zrelega manga in naravno barvo. Primerna je za profesionalno in doma\u010do uporabo, saj zagotavlja intenziven okus ter stabilnost tudi pri peki in zamrzovanju. Idealna za ustvarjanje eksoti\u010dnih sladic.<\/p>\n<p data-start=\"326\" data-end=\"477\"><strong>Prednosti:<\/strong><br data-start=\"336\" data-end=\"339\" \/>\u2013 intenziven, avtenti\u010den okus manga<br data-start=\"374\" data-end=\"377\" \/>\u2013 izrazita tropska aroma<br data-start=\"401\" data-end=\"404\" \/>\u2013 stabilna pri peki in zamrzovanju<br data-start=\"438\" data-end=\"441\" data-is-only-node=\"\" \/>\u2013 enostavna in vsestranska uporaba<\/p>\n<p data-start=\"479\" data-end=\"690\"><strong>Upotreba:<\/strong><br data-start=\"487\" data-end=\"490\" \/>Za aromatiziranje krem, stepene smetane, nadevov, maslenih krem, biskvitov, tort, ganachev, glazur, \u010dokolade, sladoleda in drugih sladic. Primerna tudi za sadne nadeve, prelive in eksoti\u010dne sladice.<\/p>\n<p data-start=\"692\" data-end=\"911\">Od leta 2016 imajo vse paste \u201c\u010disto etiketo\u201d v skladu z naslednjimi merili: brez konzervansov, brez umetnih barvil, brez drugih dodatkov (razen citronske kisline E 330 *), samo naravni okusi in kratek seznam sestavin.<\/p>\n<p data-start=\"913\" data-end=\"999\"><strong>Priporo\u010deno doziranje:<\/strong><br data-start=\"935\" data-end=\"938\" \/>30\u201350 g na 1 kg osnove (glede na \u017eeleno intenzivnost okusa)<\/p>\n<p data-start=\"0\" data-end=\"370\">Pasta mango \u2013 mangova pasta za sla\u0161\u010di\u010darstvo<br data-start=\"44\" data-end=\"47\" \/>Pasta mango je intenzivno sadna pasta z izrazito tropsko aromo zrelega manga. Namenjena je profesionalni in doma\u010di uporabi v sla\u0161\u010di\u010darstvu. Zagotavlja avtenti\u010den okus manga ter naravno barvo in stabilnost tudi pri peki in zamrzovanju, zato je idealna za \u0161irok spekter sladic in pekovskih izdelkov. Profesionalna kakovost.<\/p>\n<p data-start=\"372\" data-end=\"482\">Priporo\u010deno doziranje:<br data-start=\"394\" data-end=\"397\" \/>30\u201350 g \u2248 1\u20132 jedilni \u017elici<br data-start=\"424\" data-end=\"427\" data-is-only-node=\"\" \/>1 kg osnove = tipi\u010dna koli\u010dina kreme\/testa v receptih<\/p>\n<p data-start=\"484\" data-end=\"608\" data-is-last-node=\"\" data-is-only-node=\"\">Skladi\u0161tenje:<br data-start=\"497\" data-end=\"500\" \/>Pred uporabo pasto dobro preme\u0161ajte. Hranite v suhem in hladnem prostoru pri temperaturi med 15 \u00b0C in 20 \u00b0C.<\/p>\n<p data-start=\"1001\" data-end=\"1115\" data-is-last-node=\"\" data-is-only-node=\"\"><br data-start=\"1014\" data-end=\"1017\" \/>Pred uporabo pasto dobro preme\u0161ajte. Hranite v suhem in hladnem prostoru pri temperaturi 15\u201320 \u00b0C.<\/p>\n<\/div>\n<\/div>\n<\/div>\n<\/div>\n<div class=\"z-0 flex min-h-[46px] justify-start\"><\/div>","protected":false},"excerpt":{"rendered":"<p data-start=\"0\" data-end=\"370\"><strong>Pasta mango \u2013 mangova pasta za sla\u0161\u010di\u010darstvo<\/strong><br data-start=\"44\" data-end=\"47\" \/>Pasta mango je intenzivno sadna pasta z izrazito tropsko aromo zrelega manga. Namenjena je profesionalni in doma\u010di uporabi v sla\u0161\u010di\u010darstvu. Zagotavlja avtenti\u010den okus manga ter naravno barvo in stabilnost tudi pri peki in zamrzovanju, zato je idealna za \u0161irok spekter sladic in pekovskih izdelkov. Profesionalna kakovost.<\/p>\n<p data-start=\"372\" data-end=\"482\"><strong>Priporo\u010deno doziranje:<\/strong><br data-start=\"394\" data-end=\"397\" \/>30\u201350 g \u2248 1\u20132 jedilni \u017elici<br data-start=\"424\" data-end=\"427\" data-is-only-node=\"\" \/>1 kg osnove = tipi\u010dna koli\u010dina kreme\/testa v receptih<\/p>\n<p data-start=\"484\" data-end=\"608\" data-is-last-node=\"\" data-is-only-node=\"\"><strong>Skladi\u0161tenje:<\/strong><br data-start=\"497\" data-end=\"500\" \/>Pred uporabo pasto dobro preme\u0161ajte. Hranite v suhem in hladnem prostoru pri temperaturi med 15 \u00b0C in 20 \u00b0C.<\/p>\n<p>&nbsp;<\/p>\n<p>S etiketom<strong> \u201c\u010cISTA ETIKETA\u201d:<\/strong><br \/>\n- Bez glutena<br \/>\n\u2013 Veganski<br \/>\n\u2013 Bez umjetnih boja i aroma<br \/>\n\u2013 Bez aditiva<br \/>\n\u2013 Bez palminog ulja<br \/>\n\u2013 Halal, ko\u0161er<\/p>\n<p><strong>Doziranje i upotreba<\/strong>: 30 \u2013 50 g paste od manga : 1000 g temeljca.<\/p>\n<p>&nbsp;<\/p>","protected":false},"featured_media":13226,"comment_status":"open","ping_status":"closed","template":"","meta":{"om_disable_all_campaigns":false,"inline_featured_image":false,"_monsterinsights_skip_tracking":false,"_monsterinsights_sitenote_active":false,"_monsterinsights_sitenote_note":"","_monsterinsights_sitenote_category":0},"product_brand":[],"product_cat":[345,291,333],"product_tag":[],"class_list":{"0":"post-2444","1":"product","2":"type-product","3":"status-publish","4":"has-post-thumbnail","6":"product_cat-paste-in-arome","7":"product_cat-koncentrirane-paste","8":"product_cat-vegan","9":"pa_okus-mango","10":"pa_teza-1-kg","11":"pa_teza-200g","12":"pa_znamka-dreidoppel","14":"first","15":"instock","16":"taxable","17":"shipping-taxable","18":"purchasable","19":"product-type-variable","20":"has-default-attributes"},"aioseo_notices":[],"_links":{"self":[{"href":"https:\/\/www.lumist.si\/hr\/wp-json\/wp\/v2\/product\/2444","targetHints":{"allow":["GET"]}}],"collection":[{"href":"https:\/\/www.lumist.si\/hr\/wp-json\/wp\/v2\/product"}],"about":[{"href":"https:\/\/www.lumist.si\/hr\/wp-json\/wp\/v2\/types\/product"}],"replies":[{"embeddable":true,"href":"https:\/\/www.lumist.si\/hr\/wp-json\/wp\/v2\/comments?post=2444"}],"wp:featuredmedia":[{"embeddable":true,"href":"https:\/\/www.lumist.si\/hr\/wp-json\/wp\/v2\/media\/13226"}],"wp:attachment":[{"href":"https:\/\/www.lumist.si\/hr\/wp-json\/wp\/v2\/media?parent=2444"}],"wp:term":[{"taxonomy":"product_brand","embeddable":true,"href":"https:\/\/www.lumist.si\/hr\/wp-json\/wp\/v2\/product_brand?post=2444"},{"taxonomy":"product_cat","embeddable":true,"href":"https:\/\/www.lumist.si\/hr\/wp-json\/wp\/v2\/product_cat?post=2444"},{"taxonomy":"product_tag","embeddable":true,"href":"https:\/\/www.lumist.si\/hr\/wp-json\/wp\/v2\/product_tag?post=2444"}],"curies":[{"name":"wp","href":"https:\/\/api.w.org\/{rel}","templated":true}]}}