{"id":2446,"date":"2021-04-08T08:03:48","date_gmt":"2021-04-08T06:03:48","guid":{"rendered":"http:\/\/www.lumist.si\/?post_type=product&#038;p=2446"},"modified":"2026-03-30T17:56:45","modified_gmt":"2026-03-30T15:56:45","slug":"pasta-pomaranca-200-gr","status":"publish","type":"product","link":"https:\/\/www.lumist.si\/hr\/proizvod\/pasta-pomaranca-200-gr\/","title":{"rendered":"Pasta od naran\u010de"},"content":{"rendered":"<p><strong>PASTA POMARAN\u010cA<\/strong><\/p>\n<p>Pasta od naran\u010de s klasi\u010dnim, so\u010dnim i vo\u0107nim notama. Sadr\u017ei <strong>prirodni koncentrat soka od naran\u010de<\/strong>. Ta sadna pasta pomaran\u010da je naravni nadomestek sadja v koncentrirani obliki in brez delcev. Pasto uporabite tako, da jo v razmerju dodate izbrani kremi, \u010dokoladi, oblivu, glazuram, nadevom, testu in sladoledu. Izdelek obarva, mu doda okus in barvo.<\/p>\n<p><strong>Sadne\u00a0<\/strong><strong>paste znamk<\/strong><strong>e Dreidoppel<\/strong> koriste se za automatizaciju raznih pekarskih proizvoda:<\/p>\n<p>\u2013 \u0160lag, krem sirevi<br \/>\n\u2013 Punjenja, kreme od maslaca i pjene<br \/>\n\u2013 Tijesto za torte i kola\u010de<br \/>\n\u2013 Ganache, fondan i sladoled.<\/p>\n<p><strong>Prednosti kori\u0161tenja paste<\/strong>:<br \/>\n\u2713 Intenzivna aroma<br \/>\n\u2713 Izuzetan okus i postojana kvaliteta<br \/>\n\u2713 Termostabilan<br \/>\n\u2713 Uvijek dostupni<br \/>\n\u2713 Dugi rok trajanja<\/p>\n<p>Pastu jednostavno dodajte slatkom vrhnju, kremi, fondantu, biskvitu ili \u010dokoladi i upotrijebite je za izradu nadjeva, glazura, nadjeva, pralina, cupcakesa,...<\/p>\n<p>Od 2016. imaju sve paste <strong>&quot;\u010dista oznaka&quot;<\/strong> prema sljede\u0107im kriterijima: bez konzervansa, bez umjetnih boja, bez drugih aditiva (osim limunske kiseline E 330*), samo prirodne arome i kratki popis sastojaka.<\/p>\n<p>S etiketom<strong> \u201c\u010cISTA ETIKETA\u201d:<\/strong><br \/>\n- Bez glutena<br \/>\n\u2013 Veganski<br \/>\n\u2013 Bez umjetnih boja i aroma<br \/>\n\u2013 Bez aditiva<br \/>\n\u2013 Bez palminog ulja<br \/>\n\u2013 Halal, ko\u0161er<\/p>\n<p><strong>Doziranje i upotreba<\/strong>: 40 g paste : 1000 g baze.<\/p>\n<p>Prije upotrebe pastu dobro promije\u0161ajte!<\/p>\n<p>Neto te\u017eina: 200 g (prepakirano).<br \/>\nNeto te\u017eina: 1 kg (originalno pakiranje).<\/p>\n<p>\u010cuvati na suhom i hladnom mjestu na 15-20 C.<\/p>","protected":false},"excerpt":{"rendered":"<p><strong>Pasta od naran\u010de<\/strong><\/p>\n<p>Pasta od naran\u010de s klasi\u010dnim, so\u010dnim i vo\u0107nim notama. Sadr\u017ei <strong>prirodni koncentrat soka od naran\u010de<\/strong>. Ta sadna pasta\u00a0 pomaran\u010da je naravni nadomestek sadja v koncentrirani obliki in brez delcev. Pasto uporabite tako, da jo v razmerju dodate izbrani kremi, \u010dokoladi, oblivu, glazuram, nadevom, testu in sladoledu. Izdelek obarva, mu doda okus in barvo.<\/p>\n<p>Od 2016. imaju sve paste <strong>&quot;\u010dista oznaka&quot;<\/strong> prema sljede\u0107im kriterijima: bez konzervansa, bez umjetnih boja, bez drugih aditiva (osim limunske kiseline E 330*), samo prirodne arome i kratki popis sastojaka.<\/p>\n<p>S etiketom<strong> \u201c\u010cISTA ETIKETA\u201d:<\/strong><br \/>\n- Bez glutena<br \/>\n\u2013 Veganski<br \/>\n\u2013 Bez umjetnih boja i aroma<br \/>\n\u2013 Bez aditiva<br \/>\n\u2013 Bez palminog ulja<br \/>\n\u2013 Halal, ko\u0161er<\/p>\n<p><strong>Doziranje i upotreba<\/strong>: 40 g paste : 1000 g baze.<\/p>\n<p>&nbsp;<\/p>\n<p>&nbsp;<\/p>\n<p>&nbsp;<\/p>","protected":false},"featured_media":13205,"comment_status":"open","ping_status":"closed","template":"","meta":{"om_disable_all_campaigns":false,"inline_featured_image":false,"_monsterinsights_skip_tracking":false,"_monsterinsights_sitenote_active":false,"_monsterinsights_sitenote_note":"","_monsterinsights_sitenote_category":0},"product_brand":[],"product_cat":[345,291,333],"product_tag":[],"class_list":{"0":"post-2446","1":"product","2":"type-product","3":"status-publish","4":"has-post-thumbnail","6":"product_cat-paste-in-arome","7":"product_cat-koncentrirane-paste","8":"product_cat-vegan","9":"pa_okus-pomaranca","10":"pa_teza-1-kg","11":"pa_teza-200g","12":"pa_znamka-dreidoppel","14":"first","15":"instock","16":"taxable","17":"shipping-taxable","18":"purchasable","19":"product-type-variable","20":"has-default-attributes"},"aioseo_notices":[],"_links":{"self":[{"href":"https:\/\/www.lumist.si\/hr\/wp-json\/wp\/v2\/product\/2446","targetHints":{"allow":["GET"]}}],"collection":[{"href":"https:\/\/www.lumist.si\/hr\/wp-json\/wp\/v2\/product"}],"about":[{"href":"https:\/\/www.lumist.si\/hr\/wp-json\/wp\/v2\/types\/product"}],"replies":[{"embeddable":true,"href":"https:\/\/www.lumist.si\/hr\/wp-json\/wp\/v2\/comments?post=2446"}],"wp:featuredmedia":[{"embeddable":true,"href":"https:\/\/www.lumist.si\/hr\/wp-json\/wp\/v2\/media\/13205"}],"wp:attachment":[{"href":"https:\/\/www.lumist.si\/hr\/wp-json\/wp\/v2\/media?parent=2446"}],"wp:term":[{"taxonomy":"product_brand","embeddable":true,"href":"https:\/\/www.lumist.si\/hr\/wp-json\/wp\/v2\/product_brand?post=2446"},{"taxonomy":"product_cat","embeddable":true,"href":"https:\/\/www.lumist.si\/hr\/wp-json\/wp\/v2\/product_cat?post=2446"},{"taxonomy":"product_tag","embeddable":true,"href":"https:\/\/www.lumist.si\/hr\/wp-json\/wp\/v2\/product_tag?post=2446"}],"curies":[{"name":"wp","href":"https:\/\/api.w.org\/{rel}","templated":true}]}}