{"id":2668,"date":"2021-04-13T22:17:23","date_gmt":"2021-04-13T20:17:23","guid":{"rendered":"https:\/\/www.lumist.si\/?post_type=product&#038;p=2668"},"modified":"2026-03-29T22:02:59","modified_gmt":"2026-03-29T20:02:59","slug":"pasta-pistacija-200-gr","status":"publish","type":"product","link":"https:\/\/www.lumist.si\/hr\/proizvod\/pasta-pistacija-200-gr\/","title":{"rendered":"Pasta od pistacija"},"content":{"rendered":"<p data-start=\"0\" data-end=\"19\"><strong data-start=\"0\" data-end=\"19\">Pasta pistacija<br \/>\n<\/strong>Intenzivno aromati\u010dna pistacijeva pasta z ne\u017enim okusom po pistacijah (10 %) ter rahlim pridihom grenkih mandljev, ki poudari njeno polnost in avtenti\u010dnost. Namenjena je profesionalni in doma\u010di uporabi v sla\u0161\u010di\u010darstvu, kjer zagotavlja izrazit okus in naravno barvo ter stabilnost tudi pri toplotni obdelavi ali zamrzovanju.<\/p>\n<p data-start=\"346\" data-end=\"532\"><strong data-start=\"346\" data-end=\"360\">Prednosti:<\/strong><\/p>\n<ul>\n<li data-start=\"719\" data-end=\"740\">10 % pistacij<\/li>\n<li data-start=\"743\" data-end=\"774\">izrazit naraven okus in barva<\/li>\n<li data-start=\"743\" data-end=\"774\">prijetna aroma z notami grenkih mandljev<\/li>\n<li data-start=\"777\" data-end=\"811\">stabilna pri peki in zamrzovanju<\/li>\n<li data-start=\"814\" data-end=\"854\">dosledna kakovost in enostavna uporaba<\/li>\n<\/ul>\n<p data-start=\"534\" data-end=\"765\"><strong data-start=\"534\" data-end=\"546\">Upotreba:<\/strong><br data-start=\"546\" data-end=\"549\" \/>Za aromatiziranje krem, stepene smetane, nadevov, maslenih krem, biskvitov, tort, ganachev, glazur, \u010dokolade, sladoleda in semifredda. Primerna tudi za pripravo pralinejev, namazov in razli\u010dnih sla\u0161\u010di\u010darskih kreacij.<\/p>\n<p data-start=\"767\" data-end=\"993\">Paste znamke Dreidoppel se uporabljajo za aromatiziranje najrazli\u010dnej\u0161ih pekovskih izdelkov:<br data-start=\"859\" data-end=\"862\" \/>\u2013 stepena smetana in kremni siri<br data-start=\"894\" data-end=\"897\" \/>\u2013 nadevi, maslene kreme in pene<br data-start=\"928\" data-end=\"931\" \/>\u2013 testo za torte in peciva<br data-start=\"957\" data-end=\"960\" \/>\u2013 ganache, fondanti in sladoled<\/p>\n<p data-start=\"995\" data-end=\"1212\">Od leta 2016 imajo vse paste \u201c\u010disto etiketo\u201d v skladu z naslednjimi merili: brez konzervansov, brez umetnih barvil, brez drugih dodatkov (razen citronske kisline E 330 *), samo naravni okusi in kratek seznam sestavin.<\/p>\n<p data-start=\"1214\" data-end=\"1365\"><strong data-start=\"1214\" data-end=\"1241\">S oznakom &quot;CLEAN LABEL&quot;:<\/strong><br data-start=\"1241\" data-end=\"1244\" \/>- Bez glutena<br data-start=\"1258\" data-end=\"1261\" \/>\u2013 Veganski<br data-start=\"1271\" data-end=\"1274\" \/>\u2013 Bez umjetnih boja i aroma<br data-start=\"1303\" data-end=\"1306\" \/>\u2013 Bez aditiva<br data-start=\"1321\" data-end=\"1324\" \/>\u2013 Bez palminog ulja<br data-start=\"1345\" data-end=\"1348\" data-is-only-node=\"\" \/>\u2013 Halal, ko\u0161er<\/p>\n<p data-start=\"1367\" data-end=\"1421\"><strong data-start=\"1367\" data-end=\"1381\">Doziranje:<\/strong> 50 g paste pistacija : 1000 g osnove.<\/p>\n<p data-start=\"1423\" data-end=\"1539\" data-is-last-node=\"\" data-is-only-node=\"\"><strong data-start=\"1423\" data-end=\"1440\">Skladi\u0161tenje:<\/strong> Pred uporabo pasto dobro preme\u0161ajte. Hranite v suhem in hladnem prostoru pri temperaturi 15\u201320 \u00b0C.<\/p>","protected":false},"excerpt":{"rendered":"<p data-start=\"0\" data-end=\"486\"><strong data-start=\"0\" data-end=\"84\">Pasta pistacija Dreidoppel \u2013 pistacijeva pasta za sla\u0161\u010di\u010darstvo (10 % pistacije)<\/strong><br data-start=\"84\" data-end=\"87\" \/>Pistacijeva pasta Dreidoppel je intenzivno aromati\u010dna in kakovostna pasta z dele\u017eem pistacij (10 %), dopolnjena z ne\u017eno noto grenkih mandljev. Namenjena je profesionalni in doma\u010di uporabi v sla\u0161\u010di\u010darstvu. Zagotavlja izrazit, avtenti\u010den okus pistacije ter naravno barvo in stabilnost tudi pri peki in zamrzovanju, zato je idealna za \u0161irok spekter sladic in pekovskih izdelkov. Profesionalna kakovost.<\/p>\n<p data-start=\"488\" data-end=\"599\"><strong data-start=\"488\" data-end=\"514\">Priporo\u010deno doziranje:<\/strong><br data-start=\"514\" data-end=\"517\" \/>50 g \u2248 1\u20132 jedilni \u017elici<br data-start=\"541\" data-end=\"544\" data-is-only-node=\"\" \/>1 kg osnove = tipi\u010dna koli\u010dina kreme\/testa v receptih<\/p>\n<p data-start=\"601\" data-end=\"729\" data-is-last-node=\"\" data-is-only-node=\"\"><strong data-start=\"601\" data-end=\"618\">Skladi\u0161tenje:<\/strong><br data-start=\"618\" data-end=\"621\" \/>Pred uporabo pasto dobro preme\u0161ajte. Hranite v suhem in hladnem prostoru pri temperaturi med 15 \u00b0C in 20 \u00b0C.<\/p>","protected":false},"featured_media":13238,"comment_status":"open","ping_status":"closed","template":"","meta":{"om_disable_all_campaigns":false,"inline_featured_image":false,"_monsterinsights_skip_tracking":false,"_monsterinsights_sitenote_active":false,"_monsterinsights_sitenote_note":"","_monsterinsights_sitenote_category":0},"product_brand":[],"product_cat":[345,291,333],"product_tag":[],"class_list":{"0":"post-2668","1":"product","2":"type-product","3":"status-publish","4":"has-post-thumbnail","6":"product_cat-paste-in-arome","7":"product_cat-koncentrirane-paste","8":"product_cat-vegan","9":"pa_okus-pistacija","10":"pa_teza-1-kg","11":"pa_teza-200g","12":"pa_znamka-dreidoppel","14":"first","15":"instock","16":"taxable","17":"shipping-taxable","18":"purchasable","19":"product-type-variable","20":"has-default-attributes"},"aioseo_notices":[],"_links":{"self":[{"href":"https:\/\/www.lumist.si\/hr\/wp-json\/wp\/v2\/product\/2668","targetHints":{"allow":["GET"]}}],"collection":[{"href":"https:\/\/www.lumist.si\/hr\/wp-json\/wp\/v2\/product"}],"about":[{"href":"https:\/\/www.lumist.si\/hr\/wp-json\/wp\/v2\/types\/product"}],"replies":[{"embeddable":true,"href":"https:\/\/www.lumist.si\/hr\/wp-json\/wp\/v2\/comments?post=2668"}],"wp:featuredmedia":[{"embeddable":true,"href":"https:\/\/www.lumist.si\/hr\/wp-json\/wp\/v2\/media\/13238"}],"wp:attachment":[{"href":"https:\/\/www.lumist.si\/hr\/wp-json\/wp\/v2\/media?parent=2668"}],"wp:term":[{"taxonomy":"product_brand","embeddable":true,"href":"https:\/\/www.lumist.si\/hr\/wp-json\/wp\/v2\/product_brand?post=2668"},{"taxonomy":"product_cat","embeddable":true,"href":"https:\/\/www.lumist.si\/hr\/wp-json\/wp\/v2\/product_cat?post=2668"},{"taxonomy":"product_tag","embeddable":true,"href":"https:\/\/www.lumist.si\/hr\/wp-json\/wp\/v2\/product_tag?post=2668"}],"curies":[{"name":"wp","href":"https:\/\/api.w.org\/{rel}","templated":true}]}}