{"id":2669,"date":"2021-04-14T12:22:17","date_gmt":"2021-04-14T10:22:17","guid":{"rendered":"https:\/\/www.lumist.si\/?post_type=product&#038;p=2669"},"modified":"2026-04-12T19:26:49","modified_gmt":"2026-04-12T17:26:49","slug":"pasta-jagoda","status":"publish","type":"product","link":"https:\/\/www.lumist.si\/hr\/proizvod\/pasta-jagoda\/","title":{"rendered":"Pasta od jagoda"},"content":{"rendered":"<div class=\"flex max-w-full flex-col gap-4 grow\">\n<div class=\"min-h-8 text-message relative flex w-full flex-col items-end gap-2 text-start break-words whitespace-normal outline-none keyboard-focused:focus-ring [.text-message+&amp;]:mt-1\" dir=\"auto\" tabindex=\"0\" data-message-author-role=\"assistant\" data-message-id=\"2e89df57-3337-49a4-b55f-489c369ef275\" data-message-model-slug=\"gpt-5-mini\" data-turn-start-message=\"true\">\n<div class=\"flex w-full flex-col gap-1 empty:hidden\">\n<div class=\"markdown prose dark:prose-invert w-full wrap-break-word light markdown-new-styling\">\n<p data-start=\"0\" data-end=\"260\"><strong data-start=\"0\" data-end=\"49\">Pasta jagoda \u2013 jagodna pasta za sla\u0161\u010di\u010darstvo<\/strong><br data-start=\"49\" data-end=\"52\" \/>Intenzivno sadna jagodna pasta z zna\u010dilno sve\u017eo aromo zrelih jagod. Primerna je za profesionalno in doma\u010do uporabo, saj zagotavlja naraven okus ter lepo barvo, ki ostane stabilna tudi pri peki in zamrzovanju.<\/p>\n<p data-start=\"262\" data-end=\"416\"><strong data-start=\"262\" data-end=\"276\">Prednosti:<\/strong><\/p>\n<ul>\n<li data-start=\"719\" data-end=\"740\">intenziven, naraven okus jagod<\/li>\n<li data-start=\"743\" data-end=\"774\">zna\u010dilna sve\u017ea sadna aroma<\/li>\n<li data-start=\"777\" data-end=\"811\">stabilna pri peki in zamrzovanju<\/li>\n<li data-start=\"814\" data-end=\"854\">dosledna kakovost in enostavna uporaba<\/li>\n<\/ul>\n<p data-start=\"418\" data-end=\"570\"><strong data-start=\"418\" data-end=\"430\">Upotreba:<\/strong><br data-start=\"430\" data-end=\"433\" \/>Za aromatiziranje krem, stepene smetane, nadevov, maslenih krem, biskvitov, tort, ganachev, glazur, \u010dokolade, sladoleda in drugih sladic.<\/p>\n<p data-start=\"572\" data-end=\"789\">Od leta 2016 imajo vse paste \u201c\u010disto etiketo\u201d v skladu z naslednjimi merili: brez konzervansov, brez umetnih barvil, brez drugih dodatkov (razen citronske kisline E 330 *), samo naravni okusi in kratek seznam sestavin.<\/p>\n<p data-start=\"791\" data-end=\"942\"><strong data-start=\"791\" data-end=\"818\">S oznakom &quot;CLEAN LABEL&quot;:<\/strong><br data-start=\"818\" data-end=\"821\" \/>- bez glutena<br data-start=\"835\" data-end=\"838\" \/>\u2013 veganska<br data-start=\"848\" data-end=\"851\" \/>\u2013 brez umetnih barvil in arom<br data-start=\"880\" data-end=\"883\" \/>\u2013 brez aditivov<br data-start=\"898\" data-end=\"901\" \/>\u2013 brez palmovega olja<br data-start=\"922\" data-end=\"925\" \/>\u2013 halal, kosher<\/p>\n<p data-start=\"944\" data-end=\"1042\"><strong data-start=\"944\" data-end=\"958\">Doziranje:<\/strong><br data-start=\"958\" data-end=\"961\" \/>Pribli\u017eno 30\u201350 g na 1 kg osnove (\u2248 1\u20132 jedilni \u017elici na 1 kg kreme ali testa).<\/p>\n<p data-start=\"1044\" data-end=\"1162\" data-is-last-node=\"\" data-is-only-node=\"\"><strong data-start=\"1044\" data-end=\"1061\">Skladi\u0161tenje:<\/strong><br data-start=\"1061\" data-end=\"1064\" \/>Pred uporabo pasto dobro preme\u0161ajte. Hranite v suhem in hladnem prostoru pri temperaturi 15\u201320 \u00b0C.<\/p>\n<\/div>\n<\/div>\n<\/div>\n<\/div>\n<div class=\"z-0 flex min-h-[46px] justify-start\"><\/div>","protected":false},"excerpt":{"rendered":"<p data-start=\"0\" data-end=\"414\"><strong data-start=\"0\" data-end=\"80\">Pasta jagoda Dreidoppel \u2013 jagodna pasta za sla\u0161\u010di\u010darstvo (visok dele\u017e sadja)<\/strong><br data-start=\"80\" data-end=\"83\" \/>Jagodna pasta Dreidoppel je intenzivno sadna pasta z zna\u010dilno sve\u017eo aromo zrelih jagod. Namenjena je profesionalni in doma\u010di uporabi v sla\u0161\u010di\u010darstvu. Zagotavlja avtenti\u010den okus jagod ter naravno barvo in stabilnost tudi pri peki in zamrzovanju, zato je idealna za \u0161irok spekter sladic in pekovskih izdelkov. Profesionalna kakovost.<\/p>\n<p data-start=\"416\" data-end=\"527\"><strong data-start=\"416\" data-end=\"442\">Priporo\u010deno doziranje:<\/strong><br data-start=\"442\" data-end=\"445\" \/>30 &#8211; 50 g \u2248 1\u20132 jedilni \u017elici<br data-start=\"469\" data-end=\"472\" \/>1 kg osnove = tipi\u010dna koli\u010dina kreme\/testa v receptih<\/p>\n<p data-start=\"529\" data-end=\"659\"><strong data-start=\"529\" data-end=\"546\">Skladi\u0161tenje:<\/strong><br data-start=\"546\" data-end=\"549\" \/>Pred uporabo pasto dobro preme\u0161ajte. Hranite v suhem in hladnem prostoru pri temperaturi med 15 \u00b0C in 20 \u00b0C.<\/p>","protected":false},"featured_media":13475,"comment_status":"open","ping_status":"closed","template":"","meta":{"om_disable_all_campaigns":false,"inline_featured_image":false,"_monsterinsights_skip_tracking":false,"_monsterinsights_sitenote_active":false,"_monsterinsights_sitenote_note":"","_monsterinsights_sitenote_category":0},"product_brand":[],"product_cat":[345,291],"product_tag":[],"class_list":{"0":"post-2669","1":"product","2":"type-product","3":"status-publish","4":"has-post-thumbnail","6":"product_cat-paste-in-arome","7":"product_cat-koncentrirane-paste","8":"pa_teza-1-kg","9":"pa_teza-200g","10":"pa_znamka-dreidoppel","12":"first","13":"instock","14":"taxable","15":"shipping-taxable","16":"purchasable","17":"product-type-variable","18":"has-default-attributes"},"aioseo_notices":[],"_links":{"self":[{"href":"https:\/\/www.lumist.si\/hr\/wp-json\/wp\/v2\/product\/2669","targetHints":{"allow":["GET"]}}],"collection":[{"href":"https:\/\/www.lumist.si\/hr\/wp-json\/wp\/v2\/product"}],"about":[{"href":"https:\/\/www.lumist.si\/hr\/wp-json\/wp\/v2\/types\/product"}],"replies":[{"embeddable":true,"href":"https:\/\/www.lumist.si\/hr\/wp-json\/wp\/v2\/comments?post=2669"}],"wp:featuredmedia":[{"embeddable":true,"href":"https:\/\/www.lumist.si\/hr\/wp-json\/wp\/v2\/media\/13475"}],"wp:attachment":[{"href":"https:\/\/www.lumist.si\/hr\/wp-json\/wp\/v2\/media?parent=2669"}],"wp:term":[{"taxonomy":"product_brand","embeddable":true,"href":"https:\/\/www.lumist.si\/hr\/wp-json\/wp\/v2\/product_brand?post=2669"},{"taxonomy":"product_cat","embeddable":true,"href":"https:\/\/www.lumist.si\/hr\/wp-json\/wp\/v2\/product_cat?post=2669"},{"taxonomy":"product_tag","embeddable":true,"href":"https:\/\/www.lumist.si\/hr\/wp-json\/wp\/v2\/product_tag?post=2669"}],"curies":[{"name":"wp","href":"https:\/\/api.w.org\/{rel}","templated":true}]}}