{"id":2951,"date":"2021-05-16T17:33:52","date_gmt":"2021-05-16T15:33:52","guid":{"rendered":"https:\/\/www.lumist.si\/?post_type=product&#038;p=2951"},"modified":"2026-03-29T22:48:46","modified_gmt":"2026-03-29T20:48:46","slug":"pasta-mandarina-200-gr","status":"publish","type":"product","link":"https:\/\/www.lumist.si\/hr\/proizvod\/pasta-mandarina-200-gr\/","title":{"rendered":"Pasta od mandarina"},"content":{"rendered":"<p><strong>Pasta od mandarina<\/strong><\/p>\n<p><strong>Pasta s laganom za\u010dinskom notom mandarine.<\/strong> Za svje\u017ea i lagana peciva, idealna za ljetne dane. Koristite pastu za aromatiziranje tijesta, nadjeva, \u010dokolada, glazura i sladoleda. Otporan je na temperaturu prilikom pe\u010denja i osigurava autenti\u010dan okus i boju.<\/p>\n<p><strong>Dreidoppel vo\u0107ne paste<\/strong> koriste se za automatizaciju raznih pekarskih proizvoda:<br \/>\n\u2013 \u0160lag, krem sirevi<br \/>\n\u2013 Punjenja, kreme od maslaca i pjene<br \/>\n\u2013 Tijesto za torte i kola\u010de<br \/>\n\u2013 Ganache, fondan i sladoled.<\/p>\n<p><strong>Prednosti kori\u0161tenja paste<\/strong>:<br \/>\n\u2713 Intenzivna aroma<br \/>\n\u2713 Izuzetan okus i postojana kvaliteta<br \/>\n\u2713 Termostabilan<br \/>\n\u2713 Uvijek dostupni<br \/>\n\u2713 Dugi rok trajanja<\/p>\n<p>Pastu jednostavno dodajte slatkom vrhnju, kremi, fondantu, biskvitu ili \u010dokoladi i upotrijebite je za izradu nadjeva, glazura, nadjeva, pralina, cupcakesa,...<\/p>\n<p><strong>Doziranje i upotreba<\/strong>: 30 \u2013 50 g paste : 1000 g baze.<\/p>\n<p>Prije upotrebe pastu dobro promije\u0161ajte!<\/p>\n<p>Od 2016. imaju sve paste <strong>&quot;\u010dista oznaka&quot;<\/strong> prema sljede\u0107im kriterijima: bez konzervansa, bez umjetnih boja, bez drugih aditiva (osim limunske kiseline E 330*), samo prirodne arome i kratki popis sastojaka.<\/p>\n<p>S etiketom<strong> \u201c\u010cISTA ETIKETA\u201d:<\/strong><br \/>\n- Bez glutena<br \/>\n\u2013 Veganski<br \/>\n\u2013 Bez umjetnih boja i aroma<br \/>\n\u2013 Bez aditiva<br \/>\n\u2013 Bez palminog ulja<br \/>\n\u2013 Halal, ko\u0161er<\/p>\n<p>Neto te\u017eina: 200 g (prepakirano).<br \/>\nNeto te\u017eina: 1 kg (originalno pakiranje).<\/p>\n<p>\u010cuvati na suhom i hladnom mjestu na 15-20 C.<\/p>","protected":false},"excerpt":{"rendered":"<p><strong>Pasta od mandarina<\/strong><\/p>\n<p><strong>Pasta s laganom za\u010dinskom notom mandarine.<\/strong> Za svje\u017ea i lagana peciva, idealna za ljetne dane. Koristite pastu za aromatiziranje tijesta, nadjeva, \u010dokolada, glazura i sladoleda. Otporan je na temperaturu prilikom pe\u010denja i osigurava autenti\u010dan okus i boju.<\/p>\n<p>Od 2016. imaju sve paste <strong>&quot;\u010dista oznaka&quot;<\/strong> prema sljede\u0107im kriterijima: bez konzervansa, bez umjetnih boja, bez drugih aditiva (osim limunske kiseline E 330*), samo prirodne arome i kratki popis sastojaka.<\/p>\n<p>S etiketom<strong> \u201c\u010cISTA ETIKETA\u201d:<\/strong><br \/>\n- Bez glutena<br \/>\n\u2013 Veganski<br \/>\n\u2013 Bez umjetnih boja i aroma<br \/>\n\u2013 Bez aditiva<br \/>\n\u2013 Bez palminog ulja<br \/>\n\u2013 Halal, ko\u0161er<\/p>\n<p>&nbsp;<\/p>","protected":false},"featured_media":7464,"comment_status":"open","ping_status":"closed","template":"","meta":{"om_disable_all_campaigns":false,"inline_featured_image":false,"_monsterinsights_skip_tracking":false,"_monsterinsights_sitenote_active":false,"_monsterinsights_sitenote_note":"","_monsterinsights_sitenote_category":0},"product_brand":[],"product_cat":[345,291],"product_tag":[],"class_list":{"0":"post-2951","1":"product","2":"type-product","3":"status-publish","4":"has-post-thumbnail","6":"product_cat-paste-in-arome","7":"product_cat-koncentrirane-paste","8":"pa_teza-200-g","9":"pa_znamka-dreidoppel","11":"first","12":"instock","13":"taxable","14":"shipping-taxable","15":"purchasable","16":"product-type-variable","17":"has-default-attributes"},"aioseo_notices":[],"_links":{"self":[{"href":"https:\/\/www.lumist.si\/hr\/wp-json\/wp\/v2\/product\/2951","targetHints":{"allow":["GET"]}}],"collection":[{"href":"https:\/\/www.lumist.si\/hr\/wp-json\/wp\/v2\/product"}],"about":[{"href":"https:\/\/www.lumist.si\/hr\/wp-json\/wp\/v2\/types\/product"}],"replies":[{"embeddable":true,"href":"https:\/\/www.lumist.si\/hr\/wp-json\/wp\/v2\/comments?post=2951"}],"wp:featuredmedia":[{"embeddable":true,"href":"https:\/\/www.lumist.si\/hr\/wp-json\/wp\/v2\/media\/7464"}],"wp:attachment":[{"href":"https:\/\/www.lumist.si\/hr\/wp-json\/wp\/v2\/media?parent=2951"}],"wp:term":[{"taxonomy":"product_brand","embeddable":true,"href":"https:\/\/www.lumist.si\/hr\/wp-json\/wp\/v2\/product_brand?post=2951"},{"taxonomy":"product_cat","embeddable":true,"href":"https:\/\/www.lumist.si\/hr\/wp-json\/wp\/v2\/product_cat?post=2951"},{"taxonomy":"product_tag","embeddable":true,"href":"https:\/\/www.lumist.si\/hr\/wp-json\/wp\/v2\/product_tag?post=2951"}],"curies":[{"name":"wp","href":"https:\/\/api.w.org\/{rel}","templated":true}]}}