{"id":2970,"date":"2021-05-16T20:59:51","date_gmt":"2021-05-16T18:59:51","guid":{"rendered":"https:\/\/www.lumist.si\/?post_type=product&#038;p=2970"},"modified":"2026-03-29T22:44:04","modified_gmt":"2026-03-29T20:44:04","slug":"pasta-pasijonka-200-gr","status":"publish","type":"product","link":"https:\/\/www.lumist.si\/hr\/proizvod\/pasta-pasijonka-200-gr\/","title":{"rendered":"Pasta od marakuje"},"content":{"rendered":"<p><strong>PASTA PASIJONKA<\/strong><\/p>\n<p><strong>Dreidoppel vo\u0107ne paste<\/strong> koriste se za automatizaciju raznih pekarskih proizvoda:<br \/>\n\u2013 \u0160lag, krem sirevi<br \/>\n\u2013 Punjenja, kreme od maslaca i pjene<br \/>\n\u2013 Tijesto za torte i kola\u010de<br \/>\n\u2013 Ganache, fondan i sladoled.<\/p>\n<p><strong>Prednosti kori\u0161tenja paste<\/strong>:<br \/>\n\u2713 Intenzivna aroma<br \/>\n\u2713 Izuzetan okus i postojana kvaliteta<br \/>\n\u2713 Termostabilan<br \/>\n\u2713 Uvijek dostupni<br \/>\n\u2713 Dugi rok trajanja<\/p>\n<p>Pastu jednostavno dodajte slatkom vrhnju, kremi, fondantu, biskvitu ili \u010dokoladi i upotrijebite je za izradu nadjeva, glazura, nadjeva, pralina, cupcakesa,...<\/p>\n<p>Od 2016. imaju sve paste <strong>&quot;\u010dista oznaka&quot;<\/strong> v skladu z naslednjimi merili: brez konzervansov, brez umetnih barvil, brez drugih dodatkov (razen citronske kisline E 330 *), samo naravni okusi in kratek seznami sestavin. Pasta pasijonka je brez E-a.<\/p>\n<p>S etiketom<strong> \u201c\u010cISTA ETIKETA\u201d:<\/strong><br \/>\n\u2013 Brez glutena.<br \/>\n\u2013 Veganski<br \/>\n\u2013 Bez umjetnih boja i aroma<br \/>\n\u2013 Bez aditiva<br \/>\n\u2013 Bez palminog ulja<br \/>\n\u2013 Halal, ko\u0161er<\/p>\n<p><strong>Doziranje i upotreba<\/strong>: 50 g paste od marakuje: 1000 g baze.<\/p>\n<p>Prije upotrebe pastu dobro promije\u0161ajte!<\/p>\n<p>Neto te\u017eina: 200 g (prepakirano).<br \/>\nNeto te\u017eina: 1 kg (originalno pakiranje).<\/p>\n<p>\u010cuvati na suhom i hladnom mjestu na 15-20 C.<\/p>","protected":false},"excerpt":{"rendered":"<p><strong>Pasta Pasijonka 200 gr.<\/strong><\/p>\n<p><strong>Pasta od marakuje autenti\u010dnog je, svje\u017eeg vo\u0107nog okusa i atraktivne tropsko \u017eute boje u kremama i nadjevima, a savr\u0161ena je u kombinaciji s bijelom \u010dokoladom.<\/strong> Pastu koristite za aromatiziranje svih vrsta krema, \u010dokolade, glazura, preljeva, nadjeva, tijesta i sladoleda. Otporan je na temperaturu prilikom pe\u010denja i osigurava autenti\u010dan okus i boju.<\/p>\n<p>Od 2016. imaju sve paste <strong>&quot;\u010dista oznaka&quot;<\/strong> v skladu z naslednjimi merili: brez konzervansov, brez umetnih barvil, brez drugih dodatkov (razen citronske kisline E 330 *), samo naravni okusi in kratek seznami sestavin. Pasta pasijonka je brez E-a.<\/p>\n<p>S etiketom<strong> \u201c\u010cISTA ETIKETA\u201d:<\/strong><br \/>\n\u2013 Brez glutena.<br \/>\n\u2013 Veganski<br \/>\n\u2013 Bez umjetnih boja i aroma<br \/>\n\u2013 Bez aditiva<br \/>\n\u2013 Bez palminog ulja<br \/>\n\u2013 Halal, ko\u0161er<\/p>\n<p><strong>Doziranje i upotreba<\/strong>: 50 g paste od marakuje: 1000 g baze.<\/p>\n<p>&nbsp;<\/p>","protected":false},"featured_media":13232,"comment_status":"open","ping_status":"closed","template":"","meta":{"om_disable_all_campaigns":false,"inline_featured_image":false,"_monsterinsights_skip_tracking":false,"_monsterinsights_sitenote_active":false,"_monsterinsights_sitenote_note":"","_monsterinsights_sitenote_category":0},"product_brand":[],"product_cat":[345,291],"product_tag":[],"class_list":{"0":"post-2970","1":"product","2":"type-product","3":"status-publish","4":"has-post-thumbnail","6":"product_cat-paste-in-arome","7":"product_cat-koncentrirane-paste","8":"pa_okus-pasijonka","9":"pa_teza-1-kg","10":"pa_teza-200g","11":"pa_znamka-dreidoppel","13":"first","14":"instock","15":"taxable","16":"shipping-taxable","17":"purchasable","18":"product-type-variable","19":"has-default-attributes"},"aioseo_notices":[],"_links":{"self":[{"href":"https:\/\/www.lumist.si\/hr\/wp-json\/wp\/v2\/product\/2970","targetHints":{"allow":["GET"]}}],"collection":[{"href":"https:\/\/www.lumist.si\/hr\/wp-json\/wp\/v2\/product"}],"about":[{"href":"https:\/\/www.lumist.si\/hr\/wp-json\/wp\/v2\/types\/product"}],"replies":[{"embeddable":true,"href":"https:\/\/www.lumist.si\/hr\/wp-json\/wp\/v2\/comments?post=2970"}],"wp:featuredmedia":[{"embeddable":true,"href":"https:\/\/www.lumist.si\/hr\/wp-json\/wp\/v2\/media\/13232"}],"wp:attachment":[{"href":"https:\/\/www.lumist.si\/hr\/wp-json\/wp\/v2\/media?parent=2970"}],"wp:term":[{"taxonomy":"product_brand","embeddable":true,"href":"https:\/\/www.lumist.si\/hr\/wp-json\/wp\/v2\/product_brand?post=2970"},{"taxonomy":"product_cat","embeddable":true,"href":"https:\/\/www.lumist.si\/hr\/wp-json\/wp\/v2\/product_cat?post=2970"},{"taxonomy":"product_tag","embeddable":true,"href":"https:\/\/www.lumist.si\/hr\/wp-json\/wp\/v2\/product_tag?post=2970"}],"curies":[{"name":"wp","href":"https:\/\/api.w.org\/{rel}","templated":true}]}}