{"id":3530,"date":"2021-06-16T16:09:22","date_gmt":"2021-06-16T14:09:22","guid":{"rendered":"https:\/\/www.lumist.si\/?post_type=product&#038;p=3530"},"modified":"2026-03-06T07:07:39","modified_gmt":"2026-03-06T06:07:39","slug":"francoski-vafelj","status":"publish","type":"product","link":"https:\/\/www.lumist.si\/hr\/proizvod\/francoski-vafelj\/","title":{"rendered":"Francoski vafelj, Feuilletine"},"content":{"rendered":"<div class=\"woocommerce-product-details__short-description\">\n<p><strong>Francoski vafelj, Feuilletine<\/strong><\/p>\n<p><strong>Paillet\u00e9 Feuilletine<\/strong>\u00a0je francuski hrskavi vafel. \u010cokoladu, gianduju, nougat i praline pomije\u0161ajte u paste ili posipajte po kremama, pjenama, sladoledima i drugim slasticama koje se poslu\u017euju u \u010da\u0161ama.<\/p>\n<p>Ova hrskava mje\u0161avina zdrobljenih originalnih francuskih &quot;gauffres dentelles&quot; spremna je za dodavanje lagane hrskavosti va\u0161im desertima. Mo\u017eete ga pomije\u0161ati s pastama od \u010dokolade, gianduje, nugata i pralina i dodati da\u0161ak hrskavosti ovim kola\u010dima i slasticama. Tako\u0111er odli\u010dan kao dodatak nadjevu, jer \u0107e Paillet\u00e9 Feuilletine ostati hrskav.<\/p>\n<p>Mo\u017eete ga posipati po kremama, pjenama, sladoledima i drugim slasticama koje se poslu\u017euju u \u010da\u0161ama.<br \/>\nNe preporu\u010duje se mije\u0161anje u vrhnje, mlije\u010dne proizvode ili teku\u0107e baze jer Paillet\u00e9 Feuilletine mo\u017ee upiti vlagu i postati mekan i vla\u017ean.<\/p>\n<p><strong>Skladi\u0161tenje<\/strong>: \u010cuvati na tamnom i suhom mjestu, pri relativnoj vla\u017enosti ispod 70% i dalje od izvora topline.<\/p>\n<\/div>\n<div class=\"product_meta\"><span class=\"sku_wrapper\">\u0160ifra:\u00a0<span class=\"sku\">Ni na voljo<\/span><\/span><span class=\"posted_in\">Kategoriji:\u00a0<a href=\"https:\/\/www.lumist.si\/hr\/kategorija-proizvoda\/posipi-in-prelivi\/hrustljavi-posipi\/\" rel=\"tag\">Hrskavi posipi<\/a>,\u00a0<a href=\"https:\/\/www.lumist.si\/hr\/kategorija-proizvoda\/posipi-in-prelivi\/\" rel=\"tag\">POSIPI I PRELJEVI<\/a><\/span><\/div>\n<div class=\"woocommerce-tabs wc-tabs-wrapper\"><\/div>","protected":false},"excerpt":{"rendered":"<p><strong>Francoski Vafelj, Feuillletine<\/strong><br \/>\n<strong>Paillet\u00e9 Feuilletine<\/strong> je francuski hrskavi vafel. \u010cokoladu, gianduju, nougat i praline pomije\u0161ajte u paste ili posipajte po kremama, pjenama, sladoledima i drugim slasticama koje se poslu\u017euju u \u010da\u0161ama.<\/p>\n<p>Ova hrskava mje\u0161avina zdrobljenih originalnih francuskih &quot;gauffres dentelles&quot; spremna je za dodavanje lagane hrskavosti va\u0161im desertima. Mo\u017eete ga pomije\u0161ati s pastama od \u010dokolade, gianduje, nugata i pralina i dodati da\u0161ak hrskavosti ovim kola\u010dima i slasticama. Tako\u0111er odli\u010dan kao dodatak nadjevu, jer \u0107e Paillet\u00e9 Feuilletine ostati hrskav.<\/p>\n<p>&nbsp;<\/p>","protected":false},"featured_media":8954,"comment_status":"open","ping_status":"closed","template":"","meta":{"om_disable_all_campaigns":false,"inline_featured_image":false,"_monsterinsights_skip_tracking":false,"_monsterinsights_sitenote_active":false,"_monsterinsights_sitenote_note":"","_monsterinsights_sitenote_category":0},"product_brand":[],"product_cat":[117,346],"product_tag":[],"class_list":{"0":"post-3530","1":"product","2":"type-product","3":"status-publish","4":"has-post-thumbnail","6":"product_cat-dekoracija-sladic","7":"product_cat-hrustljavi-posipi","8":"pa_teza-100-g","9":"pa_znamka-barbara-luijckx","11":"first","12":"instock","13":"taxable","14":"shipping-taxable","15":"purchasable","16":"product-type-variable","17":"has-default-attributes"},"aioseo_notices":[],"_links":{"self":[{"href":"https:\/\/www.lumist.si\/hr\/wp-json\/wp\/v2\/product\/3530","targetHints":{"allow":["GET"]}}],"collection":[{"href":"https:\/\/www.lumist.si\/hr\/wp-json\/wp\/v2\/product"}],"about":[{"href":"https:\/\/www.lumist.si\/hr\/wp-json\/wp\/v2\/types\/product"}],"replies":[{"embeddable":true,"href":"https:\/\/www.lumist.si\/hr\/wp-json\/wp\/v2\/comments?post=3530"}],"wp:featuredmedia":[{"embeddable":true,"href":"https:\/\/www.lumist.si\/hr\/wp-json\/wp\/v2\/media\/8954"}],"wp:attachment":[{"href":"https:\/\/www.lumist.si\/hr\/wp-json\/wp\/v2\/media?parent=3530"}],"wp:term":[{"taxonomy":"product_brand","embeddable":true,"href":"https:\/\/www.lumist.si\/hr\/wp-json\/wp\/v2\/product_brand?post=3530"},{"taxonomy":"product_cat","embeddable":true,"href":"https:\/\/www.lumist.si\/hr\/wp-json\/wp\/v2\/product_cat?post=3530"},{"taxonomy":"product_tag","embeddable":true,"href":"https:\/\/www.lumist.si\/hr\/wp-json\/wp\/v2\/product_tag?post=3530"}],"curies":[{"name":"wp","href":"https:\/\/api.w.org\/{rel}","templated":true}]}}