{"id":3649,"date":"2021-07-04T11:42:24","date_gmt":"2021-07-04T09:42:24","guid":{"rendered":"https:\/\/www.lumist.si\/?post_type=product&#038;p=3649"},"modified":"2026-03-12T23:24:20","modified_gmt":"2026-03-12T22:24:20","slug":"valrhona-framboise-malina","status":"publish","type":"product","link":"https:\/\/www.lumist.si\/hr\/proizvod\/valrhona-framboise-malina\/","title":{"rendered":"Valrhona Framboise (malina)"},"content":{"rendered":"<p><strong>Valrhona\u00a0 Framboise,<\/strong> ima \u017eivahan i luksuzan okus svje\u017eih malina s glatkom teksturom i svestrano\u0161\u0107u \u010dokolade. Dehidrirane maline pomije\u0161ane su s kakao maslacem, \u0161e\u0107erom i lecitinom te je nastao potpuno jedinstven proizvod sa svom svje\u017einom maline u obliku \u010dokolade.<\/p>\n<p>VALRHONA FRAMBOISE \u2013 MALINA<br \/>\nValrhona Inspiration Framboise ima \u017eivahan i luksuzan okus svje\u017eih malina s glatkom teksturom i svestrano\u0161\u0107u \u010dokolade. Dehidrirane maline pomije\u0161ane su s kakao maslacem, \u0161e\u0107erom i lecitinom te je nastao potpuno jedinstven proizvod sa svom svje\u017einom maline u obliku \u010dokolade.<\/p>\n<p>Mo\u017ee se koristiti za praline i \u010dokoladice, posebno je izvrstan za preljeve, kreme, mousse i ganache, tako\u0111er odli\u010dan za izradu sladoleda i sorbeta.<\/p>\n<p>Inspiration je inovativna nova linija kuverture globalnog brenda Valrhone, kreirana u potpunosti od prirodnih sastojaka intenzivnog okusa i boje.<\/p>\n<p>Sastav: 35% kakao (min), 52% \u0161e\u0107er, 36% mast.<\/p>\n<p>Prijedlozi za mije\u0161anje s okusima: limun, li\u010di, pistacija, paprika, komora\u010d, hibiskus, pasta od badema, kola\u010di\u0107i.<\/p>\n<p>Sastojci: \u0161e\u0107er, kakao maslac 35,9%, 11,5 % malina u prahu, emulgator (sojin lecitin).<\/p>\n<p>Mo\u017ee se koristiti za praline i \u010dokoladice, posebno je izvrstan za preljeve, kreme, mousse i ganache, tako\u0111er odli\u010dan za izradu sladoleda i sorbeta.<\/p>\n<p>Neto prepakirano: 200 g.<\/p>","protected":false},"excerpt":{"rendered":"<p><strong>Valrhona\u00a0 Framboise,<\/strong> ima \u017eivahan i luksuzan okus svje\u017eih malina s glatkom teksturom i svestrano\u0161\u0107u \u010dokolade. Dehidrirane maline pomije\u0161ane su s kakao maslacem, \u0161e\u0107erom i lecitinom te je nastao potpuno jedinstven proizvod sa svom svje\u017einom maline u obliku \u010dokolade.<\/p>\n<p>Mo\u017ee se koristiti za praline i \u010dokoladice, posebno je izvrstan za preljeve, kreme, mousse i ganache, tako\u0111er odli\u010dan za izradu sladoleda i sorbeta.<\/p>\n<p>Inspiration je inovativna nova linija kuverture globalnog brenda Valrhone, kreirana u potpunosti od prirodnih sastojaka intenzivnog okusa i boje.<\/p>\n<p>Sastav: 35% kakao (min), 52% \u0161e\u0107er, 36% mast.<\/p>\n<p>&nbsp;<\/p>","protected":false},"featured_media":7593,"comment_status":"open","ping_status":"closed","template":"","meta":{"om_disable_all_campaigns":false,"inline_featured_image":false,"_monsterinsights_skip_tracking":false,"_monsterinsights_sitenote_active":false,"_monsterinsights_sitenote_note":"","_monsterinsights_sitenote_category":0},"product_brand":[],"product_cat":[109,168],"product_tag":[],"class_list":{"0":"post-3649","1":"product","2":"type-product","3":"status-publish","4":"has-post-thumbnail","6":"product_cat-cokolada-in-kakav","7":"product_cat-valrhona-cokolada","8":"pa_okus-malina","9":"pa_teza-200-g","10":"pa_znamka-valrhona","12":"first","13":"instock","14":"taxable","15":"shipping-taxable","16":"purchasable","17":"product-type-variable","18":"has-default-attributes"},"aioseo_notices":[],"_links":{"self":[{"href":"https:\/\/www.lumist.si\/hr\/wp-json\/wp\/v2\/product\/3649","targetHints":{"allow":["GET"]}}],"collection":[{"href":"https:\/\/www.lumist.si\/hr\/wp-json\/wp\/v2\/product"}],"about":[{"href":"https:\/\/www.lumist.si\/hr\/wp-json\/wp\/v2\/types\/product"}],"replies":[{"embeddable":true,"href":"https:\/\/www.lumist.si\/hr\/wp-json\/wp\/v2\/comments?post=3649"}],"wp:featuredmedia":[{"embeddable":true,"href":"https:\/\/www.lumist.si\/hr\/wp-json\/wp\/v2\/media\/7593"}],"wp:attachment":[{"href":"https:\/\/www.lumist.si\/hr\/wp-json\/wp\/v2\/media?parent=3649"}],"wp:term":[{"taxonomy":"product_brand","embeddable":true,"href":"https:\/\/www.lumist.si\/hr\/wp-json\/wp\/v2\/product_brand?post=3649"},{"taxonomy":"product_cat","embeddable":true,"href":"https:\/\/www.lumist.si\/hr\/wp-json\/wp\/v2\/product_cat?post=3649"},{"taxonomy":"product_tag","embeddable":true,"href":"https:\/\/www.lumist.si\/hr\/wp-json\/wp\/v2\/product_tag?post=3649"}],"curies":[{"name":"wp","href":"https:\/\/api.w.org\/{rel}","templated":true}]}}