{"id":3662,"date":"2021-07-04T12:49:22","date_gmt":"2021-07-04T10:49:22","guid":{"rendered":"https:\/\/www.lumist.si\/?post_type=product&#038;p=3662"},"modified":"2026-03-04T05:33:30","modified_gmt":"2026-03-04T04:33:30","slug":"valrhona-passion","status":"publish","type":"product","link":"https:\/\/www.lumist.si\/hr\/proizvod\/valrhona-passion\/","title":{"rendered":"Valrhona Passion \/Pasijonka\/"},"content":{"rendered":"<p><strong>Valrhona\u00a0 Passion<\/strong> couverture spaja tropski okus marakuje s jedinstvenom teksturom \u010dokolade. Dehidrirani prirodni sok od marakuje pomije\u0161an je s kakaovim maslacem, \u0161e\u0107erom i lecitinom kako bi se dobio potpuno jedinstven proizvod sa svom svje\u017einom marakuje u obliku \u010dokolade.<\/p>\n<p>VALRHONA INSPIRATION PASSION<\/p>\n<p>Inspiration je nova inovativna linija kuvertura globalnog brenda Valrhone, kreirana u potpunosti od prirodnih sastojaka intenzivnog okusa i boje.<\/p>\n<p>Sastav: 32% kakao (min), 66% \u0161e\u0107er, 33% mast.<\/p>\n<p>Prijedlozi za mije\u0161anje s okusima: kokos, limun, cilantro, menta, zvjezdasti anis, vanilija, nugat, cvijet naran\u010de, verbena, \u010daj od bijelog jasmina.<\/p>\n<p>Koristi se za praline, preljeve, kreme, mousse i ganache, a izuzetan je u izradi sladoleda i sorbeta. Inspiration je nova inovativna linija kuvertura globalnog brenda Valrhone, kreirana u potpunosti od prirodnih sastojaka intenzivnog okusa i boje.<\/p>\n<p>Sastav: 32% kakao (min), 66% \u0161e\u0107er, 33% mast.<\/p>\n<p>Prijedlozi za mije\u0161anje s okusima: kokos, limun, cilantro, menta, zvjezdasti anis, vanilija, nugat, cvijet naran\u010de, verbena, \u010daj od bijelog jasmina.<\/p>\n<p><strong>Skladi\u0161tenje<\/strong>: \u010cuvati na suhom i hladnom mjestu (15-20 \u00b0C), dalje od izvora topline, za\u0161ti\u0107eno od izravne sun\u010deve svjetlosti i neugodnih mirisa. Sobna temperatura ne smije prelaziti 25 \u00b0C. Nakon upotrebe vre\u0107icu dobro zatvoriti.<\/p>\n<p><strong>Neto te\u017eina: 200 g.<\/strong><\/p>","protected":false},"excerpt":{"rendered":"<p><strong>Valrhona\u00a0 Passion<\/strong><\/p>\n<p>couverture spaja tropski okus marakuje s jedinstvenom teksturom \u010dokolade. Dehidrirani prirodni sok od marakuje pomije\u0161an je s kakaovim maslacem, \u0161e\u0107erom i lecitinom kako bi se dobio potpuno jedinstven proizvod sa svom svje\u017einom marakuje u obliku \u010dokolade.<\/p>\n<p>Koristi se za praline, preljeve, kreme, mousse i ganache, a izuzetan je i u proizvodnji sladoleda i sorbeta.<\/p>\n<p>&nbsp;<\/p>\n<p>&nbsp;<\/p>","protected":false},"featured_media":13578,"comment_status":"open","ping_status":"closed","template":"","meta":{"om_disable_all_campaigns":false,"inline_featured_image":false,"_monsterinsights_skip_tracking":false,"_monsterinsights_sitenote_active":false,"_monsterinsights_sitenote_note":"","_monsterinsights_sitenote_category":0},"product_brand":[],"product_cat":[109,168],"product_tag":[],"class_list":{"0":"post-3662","1":"product","2":"type-product","3":"status-publish","4":"has-post-thumbnail","6":"product_cat-cokolada-in-kakav","7":"product_cat-valrhona-cokolada","8":"pa_okus-pasijonka","9":"pa_teza-200-g","10":"pa_znamka-valrhona","12":"first","13":"instock","14":"taxable","15":"shipping-taxable","16":"purchasable","17":"product-type-variable","18":"has-default-attributes"},"aioseo_notices":[],"_links":{"self":[{"href":"https:\/\/www.lumist.si\/hr\/wp-json\/wp\/v2\/product\/3662","targetHints":{"allow":["GET"]}}],"collection":[{"href":"https:\/\/www.lumist.si\/hr\/wp-json\/wp\/v2\/product"}],"about":[{"href":"https:\/\/www.lumist.si\/hr\/wp-json\/wp\/v2\/types\/product"}],"replies":[{"embeddable":true,"href":"https:\/\/www.lumist.si\/hr\/wp-json\/wp\/v2\/comments?post=3662"}],"wp:featuredmedia":[{"embeddable":true,"href":"https:\/\/www.lumist.si\/hr\/wp-json\/wp\/v2\/media\/13578"}],"wp:attachment":[{"href":"https:\/\/www.lumist.si\/hr\/wp-json\/wp\/v2\/media?parent=3662"}],"wp:term":[{"taxonomy":"product_brand","embeddable":true,"href":"https:\/\/www.lumist.si\/hr\/wp-json\/wp\/v2\/product_brand?post=3662"},{"taxonomy":"product_cat","embeddable":true,"href":"https:\/\/www.lumist.si\/hr\/wp-json\/wp\/v2\/product_cat?post=3662"},{"taxonomy":"product_tag","embeddable":true,"href":"https:\/\/www.lumist.si\/hr\/wp-json\/wp\/v2\/product_tag?post=3662"}],"curies":[{"name":"wp","href":"https:\/\/api.w.org\/{rel}","templated":true}]}}