{"id":3677,"date":"2021-07-04T14:39:47","date_gmt":"2021-07-04T12:39:47","guid":{"rendered":"https:\/\/www.lumist.si\/?post_type=product&#038;p=3677"},"modified":"2026-02-13T15:29:13","modified_gmt":"2026-02-13T14:29:13","slug":"valrhona-caramelia-36","status":"publish","type":"product","link":"https:\/\/www.lumist.si\/hr\/proizvod\/valrhona-caramelia-36\/","title":{"rendered":"Valrhona Caramelia 36%"},"content":{"rendered":"<p><strong>VALRHONA CARAMELIA<\/strong><\/p>\n<p>Valrhona Caramelia 36% mlije\u010dna \u010dokolada je meka, bogata i luksuzna, s bogatim, mlije\u010dnim okusom i uvjerljivim okusom slatkog, slanog maslaca. Koristi se za mousseove, kreme i ganachee, a izuzetan je i u oblikovanju, sladoledima i sorbetima.<\/p>\n<p>Sastojci: kakao 36% (min), mlijeko 33%, \u0161e\u0107er 50%, mast 38%.<\/p>\n<p>Tali\u0161te: 45 \/ 48C 113 \/ 118F<br \/>\nKristalizacija: 27 \/ 28C 81 \/ 82F<br \/>\nObrada: 29 \/ 30C 84 \/ 86F<\/p>\n<p>Prijedlozi za kombinaciju: citrusi, egzoti\u010dno vo\u0107e, lje\u0161njaci, kikiriki, kardamom, kava, \u0111umbir, mu\u0161katni ora\u0161\u010di\u0107, kola\u010di\u0107i, slani maslac, sezam, peciva.<\/p>\n<p>Sastojci: \u0161e\u0107er, kakao maslac, karamela (obrano mlijeko, sirutka (mlijeko), \u0161e\u0107er, maslac (mlijeko), aroma), punomasno mlijeko u prahu, zrna kakaovca, emulgator (sojin lecitin).<\/p>\n<p><em>Nutritivne napomene: Sadr\u017ei soju i mlije\u010dne proizvode; mo\u017ee sadr\u017eavati tragove ora\u0161astih plodova. Ko\u0161er certificiran.<\/em><\/p>","protected":false},"excerpt":{"rendered":"<p><strong>VALRHONA CARAMELIA<\/strong><\/p>\n<p>Valrhona Caramelia 36% mlije\u010dna \u010dokolada je meka, bogata i luksuzna, s bogatim, mlije\u010dnim okusom i uvjerljivim okusom slatkog, slanog maslaca. Koristi se za mousseove, kreme i ganachee, a izuzetan je i u oblikovanju, sladoledima i sorbetima.<\/p>\n<p>Sastojci: kakao 36% (min), mlijeko 33%, \u0161e\u0107er 50%, mast 38%.<\/p>\n<p>&nbsp;<\/p>","protected":false},"featured_media":13575,"comment_status":"open","ping_status":"closed","template":"","meta":{"om_disable_all_campaigns":false,"inline_featured_image":false,"_monsterinsights_skip_tracking":false,"_monsterinsights_sitenote_active":false,"_monsterinsights_sitenote_note":"","_monsterinsights_sitenote_category":0},"product_brand":[],"product_cat":[382,168],"product_tag":[],"class_list":{"0":"post-3677","1":"product","2":"type-product","3":"status-publish","4":"has-post-thumbnail","6":"product_cat-cokolade-za-peko","7":"product_cat-valrhona-cokolada","8":"pa_teza-200-g","10":"first","11":"instock","12":"taxable","13":"shipping-taxable","14":"purchasable","15":"product-type-variable","16":"has-default-attributes"},"aioseo_notices":[],"_links":{"self":[{"href":"https:\/\/www.lumist.si\/hr\/wp-json\/wp\/v2\/product\/3677","targetHints":{"allow":["GET"]}}],"collection":[{"href":"https:\/\/www.lumist.si\/hr\/wp-json\/wp\/v2\/product"}],"about":[{"href":"https:\/\/www.lumist.si\/hr\/wp-json\/wp\/v2\/types\/product"}],"replies":[{"embeddable":true,"href":"https:\/\/www.lumist.si\/hr\/wp-json\/wp\/v2\/comments?post=3677"}],"wp:featuredmedia":[{"embeddable":true,"href":"https:\/\/www.lumist.si\/hr\/wp-json\/wp\/v2\/media\/13575"}],"wp:attachment":[{"href":"https:\/\/www.lumist.si\/hr\/wp-json\/wp\/v2\/media?parent=3677"}],"wp:term":[{"taxonomy":"product_brand","embeddable":true,"href":"https:\/\/www.lumist.si\/hr\/wp-json\/wp\/v2\/product_brand?post=3677"},{"taxonomy":"product_cat","embeddable":true,"href":"https:\/\/www.lumist.si\/hr\/wp-json\/wp\/v2\/product_cat?post=3677"},{"taxonomy":"product_tag","embeddable":true,"href":"https:\/\/www.lumist.si\/hr\/wp-json\/wp\/v2\/product_tag?post=3677"}],"curies":[{"name":"wp","href":"https:\/\/api.w.org\/{rel}","templated":true}]}}