{"id":3998,"date":"2021-10-02T11:48:02","date_gmt":"2021-10-02T09:48:02","guid":{"rendered":"https:\/\/www.lumist.si\/?post_type=product&#038;p=3998"},"modified":"2026-04-10T16:23:28","modified_gmt":"2026-04-10T14:23:28","slug":"cokoladna-krogla-crno-bakrena-blesceca","status":"publish","type":"product","link":"https:\/\/www.lumist.si\/hr\/proizvod\/cokoladna-krogla-crno-bakrena-blesceca\/","title":{"rendered":"\u010cokoladna krogla \u010drno bakrena, \u00d8 2,7 cm"},"content":{"rendered":"<p><strong>\u010cokoladna krogla \u010drno bakrena<\/strong><\/p>\n<p>\u0160uplja, vrlo svijetla \u010dokoladna kugla <strong>u sjajnoj, crnoj bakrenoj boji<\/strong>. Izra\u0111ena je od izvrsne bijele \u010dokolade i zbog svoje lako\u0107e pogodna je za ukra\u0161avanje i najfinijih slastica.<\/p>\n<p><strong>Koli\u010dina:<\/strong> 12 kom<br \/>\n<strong>Veli\u010dina:<\/strong> \u00d8 27 mm<br \/>\n<strong>Ukus<\/strong>: Bijela \u010dokolada<br \/>\n<strong>Boja:<\/strong><strong> Crni bakar - sjajan<br \/>\nOblik: lopta<br \/>\nPrimjena: univerzalna<\/strong><\/p>\n<p>\u010cuvati na temperaturi od 18\u00b0C do 22\u00b0C, dalje od izvora sun\u010deve svjetlosti.<\/p>","protected":false},"excerpt":{"rendered":"<p><strong>\u010cokoladna krogla \u010drno bakrena<\/strong><\/p>\n<p>\u0160uplja, vrlo svijetla \u010dokoladna kugla <strong>u sjajnoj, crnoj bakrenoj boji<\/strong>. Izra\u0111ena je od izvrsne bijele \u010dokolade i zbog svoje lako\u0107e pogodna je za ukra\u0161avanje i najfinijih slastica.<\/p>\n<p>&nbsp;<\/p>","protected":false},"featured_media":9293,"comment_status":"open","ping_status":"closed","template":"","meta":{"om_disable_all_campaigns":false,"inline_featured_image":false,"_monsterinsights_skip_tracking":false,"_monsterinsights_sitenote_active":false,"_monsterinsights_sitenote_note":"","_monsterinsights_sitenote_category":0},"product_brand":[],"product_cat":[117,118],"product_tag":[],"class_list":{"0":"post-3998","1":"product","2":"type-product","3":"status-publish","4":"has-post-thumbnail","6":"product_cat-dekoracija-sladic","7":"product_cat-cokoladne-krogle","8":"pa_kolicina-12-kom","10":"first","11":"instock","12":"taxable","13":"shipping-taxable","14":"purchasable","15":"product-type-variable","16":"has-default-attributes"},"aioseo_notices":[],"_links":{"self":[{"href":"https:\/\/www.lumist.si\/hr\/wp-json\/wp\/v2\/product\/3998","targetHints":{"allow":["GET"]}}],"collection":[{"href":"https:\/\/www.lumist.si\/hr\/wp-json\/wp\/v2\/product"}],"about":[{"href":"https:\/\/www.lumist.si\/hr\/wp-json\/wp\/v2\/types\/product"}],"replies":[{"embeddable":true,"href":"https:\/\/www.lumist.si\/hr\/wp-json\/wp\/v2\/comments?post=3998"}],"wp:featuredmedia":[{"embeddable":true,"href":"https:\/\/www.lumist.si\/hr\/wp-json\/wp\/v2\/media\/9293"}],"wp:attachment":[{"href":"https:\/\/www.lumist.si\/hr\/wp-json\/wp\/v2\/media?parent=3998"}],"wp:term":[{"taxonomy":"product_brand","embeddable":true,"href":"https:\/\/www.lumist.si\/hr\/wp-json\/wp\/v2\/product_brand?post=3998"},{"taxonomy":"product_cat","embeddable":true,"href":"https:\/\/www.lumist.si\/hr\/wp-json\/wp\/v2\/product_cat?post=3998"},{"taxonomy":"product_tag","embeddable":true,"href":"https:\/\/www.lumist.si\/hr\/wp-json\/wp\/v2\/product_tag?post=3998"}],"curies":[{"name":"wp","href":"https:\/\/api.w.org\/{rel}","templated":true}]}}