{"id":4049,"date":"2021-10-08T16:30:38","date_gmt":"2021-10-08T14:30:38","guid":{"rendered":"https:\/\/www.lumist.si\/?post_type=product&#038;p=4049"},"modified":"2026-03-29T22:48:12","modified_gmt":"2026-03-29T20:48:12","slug":"pasta-limeta","status":"publish","type":"product","link":"https:\/\/www.lumist.si\/hr\/proizvod\/pasta-limeta\/","title":{"rendered":"Pasta od limete"},"content":{"rendered":"<p><strong>\u00a0<\/strong><strong>Pasta od limete<\/strong><\/p>\n<p><strong>Vo\u0107na i osvje\u017eavaju\u0107a pasta od limete! <\/strong>Paste su namijenjene za aromatiziranje nadjeva, tijesta, glazura, \u010dokolade, sladoleda i napitaka. Otporan je na temperaturu prilikom pe\u010denja i osigurava autenti\u010dan okus i boju.<\/p>\n<p><strong>Dreidoppel vo\u0107ne paste<\/strong> koriste se za automatizaciju raznih pekarskih proizvoda:<br \/>\n&#8211; Stepena smetana, kremni siri<br \/>\n&#8211; Nadevi, maslene kreme in pene<br \/>\n&#8211; Testo za torte in peciva<br \/>\n&#8211; Ganache, fondanti in sladoled.<\/p>\n<p><strong>Prednosti kori\u0161tenja paste<\/strong>:<br \/>\n\u2713 Intenzivna aroma<br \/>\n\u2713 Izuzetan okus i postojana kvaliteta<br \/>\n\u2713 Termostabilna<br \/>\n\u2713 Uvijek dostupni<br \/>\n\u2713 Dugi rok trajanja<\/p>\n<p>Pastu jednostavno dodajte slatkom vrhnju, kremi, fondantu, biskvitu ili \u010dokoladi i upotrijebite je za izradu nadjeva, glazura, nadjeva, pralina, cupcakesa,...<\/p>\n<p><strong>Doziranje i upotreba<\/strong>: 30 \u2013 50 g paste limeta : 1000 g osnove.<\/p>\n<p>Prije upotrebe pastu dobro promije\u0161ajte!<\/p>\n<p>S etiketom<strong> \u201c\u010cISTA ETIKETA\u201d:<\/strong><br \/>\n- Bez glutena<br \/>\n\u2013 Veganski<br \/>\n\u2013 Bez umjetnih boja i aroma<br \/>\n\u2013 Bez aditiva<br \/>\n\u2013 Bez palminog ulja<br \/>\n\u2013 Halal, ko\u0161er<\/p>\n<p>Neto te\u017eina: 200 g (prepakirano).<br \/>\nNeto te\u017eina: 1 kg (originalno pakiranje).<\/p>\n<p>Hraniti v suhem in hladnem prostoru na 15-20 C<\/p>","protected":false},"excerpt":{"rendered":"<p><strong>Pasta od limete<\/strong><\/p>\n<p><strong>Vo\u0107na i osvje\u017eavaju\u0107a pasta od limete! <\/strong>Paste so namenjene aromatiziranju nadevov, testa, glazur, \u010dokolade, sladoleda ter pija\u010d. Je temperaturno odporna pri peki in zagotavlja avtenti\u010den okus in barvo<\/p>\n<p>S etiketom<strong> \u201c\u010cISTA ETIKETA\u201d:<\/strong><br \/>\n- Bez glutena<br \/>\n\u2013 Veganski<br \/>\n\u2013 Bez umjetnih boja i aroma<br \/>\n\u2013 Bez aditiva<br \/>\n\u2013 Bez palminog ulja<br \/>\n\u2013 Halal, ko\u0161er<\/p>\n<p>&nbsp;<\/p>","protected":false},"featured_media":13201,"comment_status":"open","ping_status":"closed","template":"","meta":{"om_disable_all_campaigns":false,"inline_featured_image":false,"_monsterinsights_skip_tracking":false,"_monsterinsights_sitenote_active":false,"_monsterinsights_sitenote_note":"","_monsterinsights_sitenote_category":0},"product_brand":[],"product_cat":[345,291,333],"product_tag":[],"class_list":{"0":"post-4049","1":"product","2":"type-product","3":"status-publish","4":"has-post-thumbnail","6":"product_cat-paste-in-arome","7":"product_cat-koncentrirane-paste","8":"product_cat-vegan","9":"pa_okus-limeta","10":"pa_teza-200-g","11":"pa_znamka-dreidoppel","13":"first","14":"instock","15":"taxable","16":"shipping-taxable","17":"purchasable","18":"product-type-variable","19":"has-default-attributes"},"aioseo_notices":[],"_links":{"self":[{"href":"https:\/\/www.lumist.si\/hr\/wp-json\/wp\/v2\/product\/4049","targetHints":{"allow":["GET"]}}],"collection":[{"href":"https:\/\/www.lumist.si\/hr\/wp-json\/wp\/v2\/product"}],"about":[{"href":"https:\/\/www.lumist.si\/hr\/wp-json\/wp\/v2\/types\/product"}],"replies":[{"embeddable":true,"href":"https:\/\/www.lumist.si\/hr\/wp-json\/wp\/v2\/comments?post=4049"}],"wp:featuredmedia":[{"embeddable":true,"href":"https:\/\/www.lumist.si\/hr\/wp-json\/wp\/v2\/media\/13201"}],"wp:attachment":[{"href":"https:\/\/www.lumist.si\/hr\/wp-json\/wp\/v2\/media?parent=4049"}],"wp:term":[{"taxonomy":"product_brand","embeddable":true,"href":"https:\/\/www.lumist.si\/hr\/wp-json\/wp\/v2\/product_brand?post=4049"},{"taxonomy":"product_cat","embeddable":true,"href":"https:\/\/www.lumist.si\/hr\/wp-json\/wp\/v2\/product_cat?post=4049"},{"taxonomy":"product_tag","embeddable":true,"href":"https:\/\/www.lumist.si\/hr\/wp-json\/wp\/v2\/product_tag?post=4049"}],"curies":[{"name":"wp","href":"https:\/\/api.w.org\/{rel}","templated":true}]}}