{"id":4179,"date":"2021-10-28T21:27:51","date_gmt":"2021-10-28T19:27:51","guid":{"rendered":"https:\/\/www.lumist.si\/?post_type=product&#038;p=4179"},"modified":"2026-03-18T10:35:59","modified_gmt":"2026-03-18T09:35:59","slug":"malinova-krema-fond-royal","status":"publish","type":"product","link":"https:\/\/www.lumist.si\/hr\/proizvod\/malinova-krema-fond-royal\/","title":{"rendered":".Malinova krema, Fond royal"},"content":{"rendered":"<p><strong>Malinova krema Fond Royal<\/strong> je stabilizirana kremna osnova v prahu, namenjena pripravi \u010dvrstih, gladkih in lepo rezljivih malin0vih krema, moussev, premazov in polnil. Zaradi vsebnosti \u017eelatine zagotavlja stabilnost kreme, prepre\u010duje razlivanje nadeva in omogo\u010da natan\u010dne, \u010diste reze sladic.<\/p>\n<p>Je zasnovana za enostavno uporabo \u2013 zme\u0161a se s sladko smetano ali drugo osnovo, brez potrebe po dodatkih. Kon\u010dna krema navdu\u0161uje z naravnim, sve\u017eim in izrazitim malinovim okusom ter optimalno \u010dvrstostjo.<\/p>\n<p><strong>Vsebuje<br \/>\n<\/strong>&#8211; liofilizirane ko\u0161\u010dke malin<br \/>\n&#8211; liofiliziran prah malin<br \/>\n<strong>&#8211; <\/strong>\u017eelatina<strong><br \/>\n&#8211; <\/strong>uravnote\u017eeno razmerje sladkorja<\/p>\n<p><strong>Doziranje<br \/>\n&#8211; <\/strong>1000 ml sladke smetane<strong><br \/>\n&#8211; <\/strong>200 g Fond Royal Malina<strong><br \/>\n&#8211; <\/strong>250 ml hladne vode<\/p>\n<p><strong>Postopek priprave<br \/>\n<\/strong>Sladko smetano stepajte do mehkih vrhov (ne do konca). Fond Royal malinovo kremo zme\u0161ajte s hladno vodo. Me\u0161alnik nastavite na najni\u017ejo hitrost in z nekaj obrati ne\u017eno vme\u0161ajte pripravljeno me\u0161anico v smetano. Po \u017eelji lahko dodate <a href=\"https:\/\/www.lumist.si\/hr\/proizvod\/pasta-malina\/\">malinovo pasto<\/a> za \u0161e bolj intenziven okus. Maso le nekajkrat obrnite, da se sestavine enakomerno pove\u017eejo. Pripravljeno kremo nadevajte na podlago in postavite na hladno.<\/p>\n<p>Fond Royal \u2013 Clean Label<\/p>\n<p>\u2713 brez umetnih barvil<br \/>\n\u2713 brez modificiranega \u0161kroba in drugih dodatkov<br \/>\n\u2713 le naravne arome in kratek seznam sestavin<\/p>\n<p><strong>Skladi\u0161tenje<br \/>\n<\/strong>Hraniti v suhem prostoru, za\u0161\u010diteno pred neposrednimi viri toplote.<\/p>","protected":false},"excerpt":{"rendered":"<p><strong>Malinova krema Fond Royal<\/strong> je stabilizirana kremna osnova v prahu, namenjena pripravi \u010dvrstih, gladkih in lepo rezljivih malinovih krema, moussev, premazov in polnil. Zaradi vsebnosti \u017eelatine zagotavlja stabilnost kreme, prepre\u010duje razlivanje nadeva in omogo\u010da natan\u010dne, \u010diste reze sladic.<\/p>\n<p>Je zasnovana za enostavno uporabo \u2013 zme\u0161a se s sladko smetano ali drugo osnovo, brez potrebe po dodatkih. Kon\u010dna krema navdu\u0161uje z naravnim, sve\u017eim in izrazitim malinovim okusom ter optimalno \u010dvrstostjo.<\/p>\n<p>&nbsp;<\/p>","protected":false},"featured_media":4214,"comment_status":"open","ping_status":"closed","template":"","meta":{"om_disable_all_campaigns":false,"inline_featured_image":false,"_monsterinsights_skip_tracking":false,"_monsterinsights_sitenote_active":false,"_monsterinsights_sitenote_note":"","_monsterinsights_sitenote_category":0},"product_brand":[],"product_cat":[121,262,164],"product_tag":[],"class_list":{"0":"post-4179","1":"product","2":"type-product","3":"status-publish","4":"has-post-thumbnail","6":"product_cat-kreme-polnila","7":"product_cat-kreme-polnila-in-namazi","8":"product_cat-mesanice-za-kreme","9":"pa_okus-malina","10":"pa_teza-1-kg","11":"pa_teza-200g","12":"pa_znamka-dreidoppel","14":"first","15":"instock","16":"taxable","17":"shipping-taxable","18":"purchasable","19":"product-type-variable","20":"has-default-attributes"},"aioseo_notices":[],"_links":{"self":[{"href":"https:\/\/www.lumist.si\/hr\/wp-json\/wp\/v2\/product\/4179","targetHints":{"allow":["GET"]}}],"collection":[{"href":"https:\/\/www.lumist.si\/hr\/wp-json\/wp\/v2\/product"}],"about":[{"href":"https:\/\/www.lumist.si\/hr\/wp-json\/wp\/v2\/types\/product"}],"replies":[{"embeddable":true,"href":"https:\/\/www.lumist.si\/hr\/wp-json\/wp\/v2\/comments?post=4179"}],"wp:featuredmedia":[{"embeddable":true,"href":"https:\/\/www.lumist.si\/hr\/wp-json\/wp\/v2\/media\/4214"}],"wp:attachment":[{"href":"https:\/\/www.lumist.si\/hr\/wp-json\/wp\/v2\/media?parent=4179"}],"wp:term":[{"taxonomy":"product_brand","embeddable":true,"href":"https:\/\/www.lumist.si\/hr\/wp-json\/wp\/v2\/product_brand?post=4179"},{"taxonomy":"product_cat","embeddable":true,"href":"https:\/\/www.lumist.si\/hr\/wp-json\/wp\/v2\/product_cat?post=4179"},{"taxonomy":"product_tag","embeddable":true,"href":"https:\/\/www.lumist.si\/hr\/wp-json\/wp\/v2\/product_tag?post=4179"}],"curies":[{"name":"wp","href":"https:\/\/api.w.org\/{rel}","templated":true}]}}