{"id":4188,"date":"2021-10-28T21:36:59","date_gmt":"2021-10-28T19:36:59","guid":{"rendered":"https:\/\/www.lumist.si\/?post_type=product&#038;p=4188"},"modified":"2026-02-13T08:20:52","modified_gmt":"2026-02-13T07:20:52","slug":"cokoladna-krema-fond-royal","status":"publish","type":"product","link":"https:\/\/www.lumist.si\/hr\/proizvod\/cokoladna-krema-fond-royal\/","title":{"rendered":".\u010cokoladna krema, Fond Royal"},"content":{"rendered":"<p data-start=\"192\" data-end=\"426\"><strong data-start=\"192\" data-end=\"222\">\u010cokoladna krema Fond Royal<\/strong> je stabilizator v prahu za pripravo krem, moussev, premazov in polnil vseh vrst. Zaradi vsebnosti \u017eelatine poskrbi, da se krema ne razleze, da je nadev stabilen in da se sladice lepo ter natan\u010dno re\u017eejo.<\/p>\n<p data-start=\"428\" data-end=\"748\"><strong>Vsebuje vrhunski temni kakav<\/strong>, ki kremo obogati z naravnim, polnim in izrazitim \u010dokoladnim okusom. Me\u0161anica je zasnovana za preprosto uporabo \u2013 zme\u0161a se s sladko smetano ali drugo osnovo, brez potrebe po dodajanju drugih sestavin. Rezultat je kakovostna, gladka in \u010dvrsta \u010dokoladna krema z odli\u010dnimi rezalnimi lastnostmi.<\/p>\n<p><strong>Vsebuje<\/strong><\/p>\n<ul>\n<li><span dir=\"auto\" style=\"vertical-align: inherit;\"><span dir=\"auto\" style=\"vertical-align: inherit;\">100 % temni kakav vrhunskega razreda<\/span><\/span><\/li>\n<li>\u017eelatina<\/li>\n<li>uravnote\u017eeno razmerje sladkorja<\/li>\n<\/ul>\n<p><strong><span dir=\"auto\" style=\"vertical-align: inherit;\"><span dir=\"auto\" style=\"vertical-align: inherit;\">Doziranje<\/span><\/span><\/strong><\/p>\n<ul>\n<li>1000 ml sladke smetane<\/li>\n<li><span dir=\"auto\" style=\"vertical-align: inherit;\"><span dir=\"auto\" style=\"vertical-align: inherit;\">200 g kremne \u010dokolade Fond Royal<\/span><\/span><\/li>\n<li><span dir=\"auto\" style=\"vertical-align: inherit;\"><span dir=\"auto\" style=\"vertical-align: inherit;\">250 ml mla\u010dne vode<\/span><\/span><\/li>\n<\/ul>\n<p data-start=\"993\" data-end=\"1331\"><strong>Postopek priprave<br \/>\n<\/strong>Sladko smetano stepajte do mehkih vrhov (ne do konca). Fond Royal \u010dokoladno kremo zme\u0161ajte s hladno vodo. Me\u0161alnik nastavite na najni\u017ejo hitrost in z nekaj obrati ne\u017eno vme\u0161ajte pripravljeno me\u0161anico v smetano. Maso le nekajkrat obrnite, da se sestavine enakomerno pove\u017eejo. Pripravljeno kremo nadevajte na podlago in postavite na hladno.<\/p>\n<p data-start=\"1338\" data-end=\"1377\"><strong data-start=\"1342\" data-end=\"1377\"><span dir=\"auto\" style=\"vertical-align: inherit;\"><span dir=\"auto\" style=\"vertical-align: inherit;\">Fond Royal \u2013 \u010cista etiketa (CL)<\/span><\/span><\/strong><\/p>\n<p data-start=\"1378\" data-end=\"1498\">\u2713 brez umetnih barvil<br data-start=\"1399\" data-end=\"1402\" \/>\u2713 brez modificiranega \u0161kroba in drugih dodatkov<br data-start=\"1449\" data-end=\"1452\" \/>\u2713 le naravne arome in kratek seznam sestavin<\/p>\n<p data-start=\"1378\" data-end=\"1498\"><strong>Skladi\u0161tenje<br \/>\n<\/strong>Hraniti v suhem prostoru, za\u0161\u010diteno pred neposrednimi viri toplote.<\/p>","protected":false},"excerpt":{"rendered":"<p data-start=\"192\" data-end=\"426\"><strong data-start=\"192\" data-end=\"222\"><span dir=\"auto\" style=\"vertical-align: inherit;\"><span dir=\"auto\" style=\"vertical-align: inherit;\">\u010cokoladna krema Fond Royal<\/span><\/span><\/strong><span dir=\"auto\" style=\"vertical-align: inherit;\"><span dir=\"auto\" style=\"vertical-align: inherit;\"> je stabilizator v prahu za pripravo krem, moussev, premazov in polnil vseh vrst. Zaradi vsebnosti \u017eelatine poskrbi, da se krema ne razleze, da je nadev stabilen in da se sladice lepo ter natan\u010dno re\u017eejo.<\/span><\/span><\/p>\n<p data-start=\"1378\" data-end=\"1498\">","protected":false},"featured_media":4211,"comment_status":"open","ping_status":"closed","template":"","meta":{"om_disable_all_campaigns":false,"inline_featured_image":false,"_monsterinsights_skip_tracking":false,"_monsterinsights_sitenote_active":false,"_monsterinsights_sitenote_note":"","_monsterinsights_sitenote_category":0},"product_brand":[],"product_cat":[121,262,164],"product_tag":[],"class_list":{"0":"post-4188","1":"product","2":"type-product","3":"status-publish","4":"has-post-thumbnail","6":"product_cat-kreme-polnila","7":"product_cat-kreme-polnila-in-namazi","8":"product_cat-mesanice-za-kreme","9":"pa_teza-1-kg","10":"pa_teza-200g","11":"pa_znamka-dreidoppel","13":"first","14":"instock","15":"taxable","16":"shipping-taxable","17":"purchasable","18":"product-type-variable","19":"has-default-attributes"},"aioseo_notices":[],"_links":{"self":[{"href":"https:\/\/www.lumist.si\/hr\/wp-json\/wp\/v2\/product\/4188","targetHints":{"allow":["GET"]}}],"collection":[{"href":"https:\/\/www.lumist.si\/hr\/wp-json\/wp\/v2\/product"}],"about":[{"href":"https:\/\/www.lumist.si\/hr\/wp-json\/wp\/v2\/types\/product"}],"replies":[{"embeddable":true,"href":"https:\/\/www.lumist.si\/hr\/wp-json\/wp\/v2\/comments?post=4188"}],"wp:featuredmedia":[{"embeddable":true,"href":"https:\/\/www.lumist.si\/hr\/wp-json\/wp\/v2\/media\/4211"}],"wp:attachment":[{"href":"https:\/\/www.lumist.si\/hr\/wp-json\/wp\/v2\/media?parent=4188"}],"wp:term":[{"taxonomy":"product_brand","embeddable":true,"href":"https:\/\/www.lumist.si\/hr\/wp-json\/wp\/v2\/product_brand?post=4188"},{"taxonomy":"product_cat","embeddable":true,"href":"https:\/\/www.lumist.si\/hr\/wp-json\/wp\/v2\/product_cat?post=4188"},{"taxonomy":"product_tag","embeddable":true,"href":"https:\/\/www.lumist.si\/hr\/wp-json\/wp\/v2\/product_tag?post=4188"}],"curies":[{"name":"wp","href":"https:\/\/api.w.org\/{rel}","templated":true}]}}