{"id":4194,"date":"2021-10-28T21:46:20","date_gmt":"2021-10-28T19:46:20","guid":{"rendered":"https:\/\/www.lumist.si\/?post_type=product&#038;p=4194"},"modified":"2026-01-12T18:46:08","modified_gmt":"2026-01-12T17:46:08","slug":"pomarancna-krema-fond-royal","status":"publish","type":"product","link":"https:\/\/www.lumist.si\/hr\/proizvod\/pomarancna-krema-fond-royal\/","title":{"rendered":".Pomaran\u010dna krema, Fond Royal"},"content":{"rendered":"<p><strong>\u00a0Pomaran\u010dna krema, Fond Royal<\/strong><\/p>\n<p>za izdelavo krem, mousse, polnil ter premazov za vse vrste sladic. Pomaran\u010dna krema Fond Royal vsebuje:<\/p>\n<p>\u2022 <strong>liofilizirani sok od naran\u010de<\/strong>,<br \/>\n\u2022 <strong>\u017eelatina<\/strong> i<br \/>\n\u2022 <strong>pravi omjer \u0161e\u0107era<\/strong>.<\/p>\n<p>Vrlo je jednostavan za kori\u0161tenje, a sadr\u017eaj \u017eelatine osigurava postojanost kreme i lijepo rezanje slastice. Rezultat je kvalitetna i ukusna krema.<\/p>\n<p>Za na\u0161u naljepnicu <strong>Royal Fund \u2013 Clean Label<\/strong> karakterizira:<\/p>\n<p><strong>\u2713 odsustvo umjetnih boja,<br \/>\n\u2713 odsustvo modificiranog \u0161kroba i drugih aditiva,<br \/>\n\u2713 sadr\u017ei samo prirodne arome i ima kratak popis sastojaka.<\/strong><\/p>\n<p><strong>Kraljevski fond<\/strong> je pra\u0161kasti stabilizator za kreme, premaze, pjene i punila svih vrsta. Zbog sadr\u017eaja \u017eelatine, Fond royal osigurava da se krema ne razlije, nadjev je stabilan, a slastica se lijepo re\u017ee. <strong>Orange fond royal<\/strong> sadr\u017ei liofilizirane komadi\u0107e i prah liofilizirane maline. Uz mje\u0161avinu fond royala, kreme ili bilo koje druge baze, nema potrebe dodavati ni\u0161ta drugo. Krema \u0107e pri rezanju imati prirodan, karakteristi\u010dan i pun okus te dobru \u010dvrsto\u0107u.<\/p>\n<p><strong>Doziranje<\/strong>: 200 g Fond Royal + 250 ml hladne vode na 1000 ml slatkog vrhnja.<\/p>\n<p><strong>Postupak<\/strong>: U zdjeli umutite \u010dvrsto vrhnje dok se ne formiraju mekani vrhovi (ne do kraja). Fondant od kraljevske naran\u010de pomije\u0161ajte s hladnom vodom. Stavite mikser na najmanju brzinu i uz samo nekoliko okretaja umije\u0161ajte pripremljeni Fond Royal. Po \u017eelji mo\u017eete i dodati <strong><a href=\"https:\/\/www.lumist.si\/hr\/proizvod\/pasta-pomaranca\/\">pasta od naran\u010de<\/a><\/strong>, koji \u0107e dodatno obogatiti kremu. Smjesu samo nekoliko puta okrenite, tek toliko da se sastojci ravnomjerno sjedine. Pripremljenu kremu izlijte na podlogu i ohladite.<\/p>\n<p><strong>Skladi\u0161tenje<\/strong>: \u010cuvati na suhom mjestu, daleko od izravnih izvora topline.<\/p>","protected":false},"excerpt":{"rendered":"<p><strong>\u00a0Pomaran\u010dna krema, Fond Royal<\/strong><\/p>\n<p>za izdelavo krem, mousse, polnil ter premazov za vse vrste sladic. Pomaran\u010dni Fond Royal vsebuje:<\/p>\n<p>\u2022 <strong>liofilizirani sok od naran\u010de<\/strong>,<br \/>\n\u2022 <strong>\u017eelatina<\/strong> i<br \/>\n\u2022 <strong>pravi omjer \u0161e\u0107era<\/strong>.<\/p>\n<p>Vrlo je jednostavan za kori\u0161tenje, a sadr\u017eaj \u017eelatine osigurava postojanost kreme i lijepo rezanje slastice. Rezultat je kvalitetna i ukusna krema.<\/p>\n<p>&nbsp;<\/p>","protected":false},"featured_media":7599,"comment_status":"open","ping_status":"closed","template":"","meta":{"om_disable_all_campaigns":false,"inline_featured_image":false,"_monsterinsights_skip_tracking":false,"_monsterinsights_sitenote_active":false,"_monsterinsights_sitenote_note":"","_monsterinsights_sitenote_category":0},"product_brand":[],"product_cat":[121,262,164],"product_tag":[],"class_list":{"0":"post-4194","1":"product","2":"type-product","3":"status-publish","4":"has-post-thumbnail","6":"product_cat-kreme-polnila","7":"product_cat-kreme-polnila-in-namazi","8":"product_cat-mesanice-za-kreme","9":"pa_okus-pomaranca","10":"pa_teza-1-kg","11":"pa_teza-200g","12":"pa_znamka-dreidoppel","14":"first","15":"instock","16":"taxable","17":"shipping-taxable","18":"purchasable","19":"product-type-variable","20":"has-default-attributes"},"aioseo_notices":[],"_links":{"self":[{"href":"https:\/\/www.lumist.si\/hr\/wp-json\/wp\/v2\/product\/4194","targetHints":{"allow":["GET"]}}],"collection":[{"href":"https:\/\/www.lumist.si\/hr\/wp-json\/wp\/v2\/product"}],"about":[{"href":"https:\/\/www.lumist.si\/hr\/wp-json\/wp\/v2\/types\/product"}],"replies":[{"embeddable":true,"href":"https:\/\/www.lumist.si\/hr\/wp-json\/wp\/v2\/comments?post=4194"}],"wp:featuredmedia":[{"embeddable":true,"href":"https:\/\/www.lumist.si\/hr\/wp-json\/wp\/v2\/media\/7599"}],"wp:attachment":[{"href":"https:\/\/www.lumist.si\/hr\/wp-json\/wp\/v2\/media?parent=4194"}],"wp:term":[{"taxonomy":"product_brand","embeddable":true,"href":"https:\/\/www.lumist.si\/hr\/wp-json\/wp\/v2\/product_brand?post=4194"},{"taxonomy":"product_cat","embeddable":true,"href":"https:\/\/www.lumist.si\/hr\/wp-json\/wp\/v2\/product_cat?post=4194"},{"taxonomy":"product_tag","embeddable":true,"href":"https:\/\/www.lumist.si\/hr\/wp-json\/wp\/v2\/product_tag?post=4194"}],"curies":[{"name":"wp","href":"https:\/\/api.w.org\/{rel}","templated":true}]}}