{"id":4265,"date":"2021-10-31T14:06:11","date_gmt":"2021-10-31T13:06:11","guid":{"rendered":"https:\/\/www.lumist.si\/?post_type=product&#038;p=4265"},"modified":"2025-10-12T17:19:54","modified_gmt":"2025-10-12T15:19:54","slug":"kodri-bela-cokolada","status":"publish","type":"product","link":"https:\/\/www.lumist.si\/hr\/proizvod\/kodri-bela-cokolada\/","title":{"rendered":"Kovr\u010de od bijele \u010dokolade"},"content":{"rendered":"<p><strong>Kovr\u010de od bijele \u010dokolade<\/strong><\/p>\n<p>Okrasni \u010dokoladni posip v obliki majhnih kodrov, velikosti\u00a0 9 x 5 mm.<br \/>\nKodri imajo fino, lahko strukturo, kot nala\u0161\u010d za okrasitev tort, pi\u0161kotov, tort, sladoleda in sladic.<\/p>\n<p><strong>Tip<\/strong>: \u010cokoladni ukrasi<br \/>\n<strong>Veli\u010dina<\/strong>: 9 x 5 mm<br \/>\n<strong>Ukus<\/strong>: bijela \u010dokolada<br \/>\n<strong>Kori\u0161tenje<\/strong>: univerzalno<\/p>\n<p><strong>Skladi\u0161tenje<\/strong>: Kovr\u010de su vrlo osjetljive na visoke temperature (lako se tope), stoga ih \u010duvajte u suhom i hladnom, dobro zatvorenom pakiranju i za\u0161titite od sun\u010deve svjetlosti.<\/p>","protected":false},"excerpt":{"rendered":"<p><strong>Kovr\u010de od bijele \u010dokolade<\/strong><\/p>\n<p>Okrasni \u010dokoladni posip v obliki majhnih kodrov, velikosti\u00a0 9 x 5 mm.<br \/>\nKodri imajo fino, lahko strukturo, kot nala\u0161\u010d za okrasitev tort, pi\u0161kotov, tort, sladoleda in sladic.<\/p>\n<p>&nbsp;<\/p>","protected":false},"featured_media":1531,"comment_status":"open","ping_status":"closed","template":"","meta":{"om_disable_all_campaigns":false,"inline_featured_image":false,"_monsterinsights_skip_tracking":false,"_monsterinsights_sitenote_active":false,"_monsterinsights_sitenote_note":"","_monsterinsights_sitenote_category":0},"product_brand":[],"product_cat":[117,93],"product_tag":[],"class_list":{"0":"post-4265","1":"product","2":"type-product","3":"status-publish","4":"has-post-thumbnail","6":"product_cat-dekoracija-sladic","7":"product_cat-cokoladni-kodri","8":"pa_teza-100-g","9":"pa_teza-500-g","10":"pa_znamka-barbara-luijckx","12":"first","13":"instock","14":"taxable","15":"shipping-taxable","16":"purchasable","17":"product-type-variable","18":"has-default-attributes"},"aioseo_notices":[],"_links":{"self":[{"href":"https:\/\/www.lumist.si\/hr\/wp-json\/wp\/v2\/product\/4265","targetHints":{"allow":["GET"]}}],"collection":[{"href":"https:\/\/www.lumist.si\/hr\/wp-json\/wp\/v2\/product"}],"about":[{"href":"https:\/\/www.lumist.si\/hr\/wp-json\/wp\/v2\/types\/product"}],"replies":[{"embeddable":true,"href":"https:\/\/www.lumist.si\/hr\/wp-json\/wp\/v2\/comments?post=4265"}],"wp:featuredmedia":[{"embeddable":true,"href":"https:\/\/www.lumist.si\/hr\/wp-json\/wp\/v2\/media\/1531"}],"wp:attachment":[{"href":"https:\/\/www.lumist.si\/hr\/wp-json\/wp\/v2\/media?parent=4265"}],"wp:term":[{"taxonomy":"product_brand","embeddable":true,"href":"https:\/\/www.lumist.si\/hr\/wp-json\/wp\/v2\/product_brand?post=4265"},{"taxonomy":"product_cat","embeddable":true,"href":"https:\/\/www.lumist.si\/hr\/wp-json\/wp\/v2\/product_cat?post=4265"},{"taxonomy":"product_tag","embeddable":true,"href":"https:\/\/www.lumist.si\/hr\/wp-json\/wp\/v2\/product_tag?post=4265"}],"curies":[{"name":"wp","href":"https:\/\/api.w.org\/{rel}","templated":true}]}}