{"id":4268,"date":"2021-10-31T14:40:34","date_gmt":"2021-10-31T13:40:34","guid":{"rendered":"https:\/\/www.lumist.si\/?post_type=product&#038;p=4268"},"modified":"2026-03-11T18:22:56","modified_gmt":"2026-03-11T17:22:56","slug":"kodri-jagoda","status":"publish","type":"product","link":"https:\/\/www.lumist.si\/hr\/proizvod\/kodri-jagoda\/","title":{"rendered":"Kovr\u010de jagoda"},"content":{"rendered":"<p><strong>Kovr\u010de jagoda <\/strong>so\u00a0 izdelani iz najfinej\u0161e bele \u010dokolade so okrasni posip v obliki majhnih kodri imajo fino, lahko strukturo.Kot nala\u0161\u010d za okrasitev tort, pi\u0161kotov, tort, sladoleda in sladic. Dobro se obnesejo tudi pri okra\u0161evanju izdelkov z maso.<\/p>\n<p><strong>Tip: <\/strong>\u010cokoladni ukrasi<br \/>\n<strong>Veli\u010dina: <\/strong>9 x 5 mm<br \/>\n<strong>Ukus:<\/strong> bijela \u010dokolada s aromom i okusom jagode<br \/>\n<strong>Upotreba:<\/strong> univerzalno<br \/>\n<strong>Skladi\u0161tenje:<\/strong> Kovr\u010de su vrlo osjetljive na visoke temperature (lako se tope) pa ih \u010duvajte u suhom i hladnom, dobro zatvorenom pakiranju i za\u0161titite od sun\u010deve svjetlosti.<\/p>","protected":false},"excerpt":{"rendered":"<p><strong>Kovr\u010de jagoda<\/strong>\u00a0so\u00a0 izdelani iz najfinej\u0161e bele \u010dokolade so okrasni posip v obliki majhnih kodrov, imajo fino, lahko strukturo. Kot nala\u0161\u010d za okrasitev tort, pi\u0161kotov, tort, sladoleda in sladic. Dobro se obnesejo tudi pri okra\u0161evanju izdelkov z maso.<\/p>\n<p>&nbsp;<\/p>","protected":false},"featured_media":1529,"comment_status":"open","ping_status":"closed","template":"","meta":{"om_disable_all_campaigns":false,"inline_featured_image":false,"_monsterinsights_skip_tracking":false,"_monsterinsights_sitenote_active":false,"_monsterinsights_sitenote_note":"","_monsterinsights_sitenote_category":0},"product_brand":[],"product_cat":[117,93],"product_tag":[],"class_list":{"0":"post-4268","1":"product","2":"type-product","3":"status-publish","4":"has-post-thumbnail","6":"product_cat-dekoracija-sladic","7":"product_cat-cokoladni-kodri","8":"pa_okus-jagoda","9":"pa_teza-100-g","10":"pa_teza-500-g","11":"pa_znamka-barbara-luijckx","13":"first","14":"instock","15":"taxable","16":"shipping-taxable","17":"purchasable","18":"product-type-variable","19":"has-default-attributes"},"aioseo_notices":[],"_links":{"self":[{"href":"https:\/\/www.lumist.si\/hr\/wp-json\/wp\/v2\/product\/4268","targetHints":{"allow":["GET"]}}],"collection":[{"href":"https:\/\/www.lumist.si\/hr\/wp-json\/wp\/v2\/product"}],"about":[{"href":"https:\/\/www.lumist.si\/hr\/wp-json\/wp\/v2\/types\/product"}],"replies":[{"embeddable":true,"href":"https:\/\/www.lumist.si\/hr\/wp-json\/wp\/v2\/comments?post=4268"}],"wp:featuredmedia":[{"embeddable":true,"href":"https:\/\/www.lumist.si\/hr\/wp-json\/wp\/v2\/media\/1529"}],"wp:attachment":[{"href":"https:\/\/www.lumist.si\/hr\/wp-json\/wp\/v2\/media?parent=4268"}],"wp:term":[{"taxonomy":"product_brand","embeddable":true,"href":"https:\/\/www.lumist.si\/hr\/wp-json\/wp\/v2\/product_brand?post=4268"},{"taxonomy":"product_cat","embeddable":true,"href":"https:\/\/www.lumist.si\/hr\/wp-json\/wp\/v2\/product_cat?post=4268"},{"taxonomy":"product_tag","embeddable":true,"href":"https:\/\/www.lumist.si\/hr\/wp-json\/wp\/v2\/product_tag?post=4268"}],"curies":[{"name":"wp","href":"https:\/\/api.w.org\/{rel}","templated":true}]}}