{"id":4883,"date":"2022-02-13T09:09:36","date_gmt":"2022-02-13T08:09:36","guid":{"rendered":"https:\/\/www.lumist.si\/?post_type=product&#038;p=4883"},"modified":"2026-01-22T21:57:14","modified_gmt":"2026-01-22T20:57:14","slug":"valrhona-fraise-jagoda","status":"publish","type":"product","link":"https:\/\/www.lumist.si\/hr\/proizvod\/valrhona-fraise-jagoda\/","title":{"rendered":"Valrhona Fraise (jagoda)"},"content":{"rendered":"<p><strong><span dir=\"auto\" style=\"vertical-align: inherit;\">Valrhona\u00a0 Fraise \/Jagoda\/<\/span><\/strong>kuvertura kremaste teksture i slatkog, intenzivnog okusa prave jagode. Dehidrirane jagode pomije\u0161ane su s kakao maslacem, \u0161e\u0107erom i lecitinom te je nastao potpuno jedinstven proizvod sa svom svje\u017einom jagode u obliku \u010dokolade.<\/p>\n<p>Koristi se za preljeve, kreme, mousse i ganache, a izuzetan je i u izradi sladoleda i sorbeta.<\/p>\n<p><span dir=\"auto\" style=\"vertical-align: inherit;\">NAVDIH VALRHONA\u00a0 FRAISE \/JAGODA\/<\/span><\/p>\n<p>Valrhona Fraise, kuvertura s kremasto teksturo ter sladkim, intenzivnim okusom pravih jagod. Dehidrirane jagode so zme\u0161ali s kakavovim maslom, sladkorjem in lecitinom in ustvarili popolnoma unikaten izdelek z vso sve\u017eino jagod v obliki \u010dokolade.Uporablja se za oblive, kreme, mousse in ganache, izjemna pa je pri izdelavi sladoleda in sorbejev.<\/p>\n<p>Inspiration je nova inovativna linija kuvertura globalnog brenda Valrhone, kreirana u potpunosti od prirodnih sastojaka intenzivnog okusa i boje.<\/p>\n<p>Prijedlozi za mije\u0161anje s okusima: kokos, limun, anis, cilantro, menta, vanilija, nugat, cvijet naran\u010de, verbena, \u010daj od bijelog jasmina, kakao.<\/p>\n<p>Sastojci: \u0161e\u0107er, kakao maslac 37,9%, jagoda u prahu 14,2%, glukozni sirup, emulgator (sojin lecitin).<\/p>\n<p><em>Nutritivne napomene: Sadr\u017ei soju. Mo\u017ee sadr\u017eavati tragove glutena i mlijeka.<\/em><br \/>\n\u010cuvati na suhom i tamnom mjestu, dalje od izvora topline.<\/p>\n<p><span dir=\"auto\" style=\"vertical-align: inherit;\">Neto predpakirano: 200 g.<\/span><\/p>","protected":false},"excerpt":{"rendered":"<p><strong><span dir=\"auto\" style=\"vertical-align: inherit;\">Valrhona\u00a0 Fraise \/Jagoda\/<\/span><\/strong>kuvertura kremaste teksture i slatkog, intenzivnog okusa prave jagode. Dehidrirane jagode pomije\u0161ane su s kakao maslacem, \u0161e\u0107erom i lecitinom te je nastao potpuno jedinstven proizvod sa svom svje\u017einom jagode u obliku \u010dokolade.<\/p>\n<p>Koristi se za preljeve, kreme, mousse i ganache, a izuzetan je i u izradi sladoleda i sorbeta.<\/p>\n<p>&nbsp;<\/p>","protected":false},"featured_media":7572,"comment_status":"open","ping_status":"closed","template":"","meta":{"om_disable_all_campaigns":false,"inline_featured_image":false,"_monsterinsights_skip_tracking":false,"_monsterinsights_sitenote_active":false,"_monsterinsights_sitenote_note":"","_monsterinsights_sitenote_category":0},"product_brand":[],"product_cat":[109,168],"product_tag":[],"class_list":{"0":"post-4883","1":"product","2":"type-product","3":"status-publish","4":"has-post-thumbnail","6":"product_cat-cokolada-in-kakav","7":"product_cat-valrhona-cokolada","8":"pa_okus-jagoda","9":"pa_teza-200-g","10":"pa_znamka-valrhona","12":"first","13":"instock","14":"taxable","15":"shipping-taxable","16":"purchasable","17":"product-type-variable","18":"has-default-attributes"},"aioseo_notices":[],"_links":{"self":[{"href":"https:\/\/www.lumist.si\/hr\/wp-json\/wp\/v2\/product\/4883","targetHints":{"allow":["GET"]}}],"collection":[{"href":"https:\/\/www.lumist.si\/hr\/wp-json\/wp\/v2\/product"}],"about":[{"href":"https:\/\/www.lumist.si\/hr\/wp-json\/wp\/v2\/types\/product"}],"replies":[{"embeddable":true,"href":"https:\/\/www.lumist.si\/hr\/wp-json\/wp\/v2\/comments?post=4883"}],"wp:featuredmedia":[{"embeddable":true,"href":"https:\/\/www.lumist.si\/hr\/wp-json\/wp\/v2\/media\/7572"}],"wp:attachment":[{"href":"https:\/\/www.lumist.si\/hr\/wp-json\/wp\/v2\/media?parent=4883"}],"wp:term":[{"taxonomy":"product_brand","embeddable":true,"href":"https:\/\/www.lumist.si\/hr\/wp-json\/wp\/v2\/product_brand?post=4883"},{"taxonomy":"product_cat","embeddable":true,"href":"https:\/\/www.lumist.si\/hr\/wp-json\/wp\/v2\/product_cat?post=4883"},{"taxonomy":"product_tag","embeddable":true,"href":"https:\/\/www.lumist.si\/hr\/wp-json\/wp\/v2\/product_tag?post=4883"}],"curies":[{"name":"wp","href":"https:\/\/api.w.org\/{rel}","templated":true}]}}