{"id":5005,"date":"2022-03-13T19:37:35","date_gmt":"2022-03-13T18:37:35","guid":{"rendered":"https:\/\/www.lumist.si\/?post_type=product&#038;p=5005"},"modified":"2025-10-13T21:04:52","modified_gmt":"2025-10-13T19:04:52","slug":"cokoladni-fan-marble","status":"publish","type":"product","link":"https:\/\/www.lumist.si\/hr\/proizvod\/cokoladni-fan-marble\/","title":{"rendered":"\u010cokoladni Fan Marble 20 kos"},"content":{"rendered":"<p><strong>\u010cokoladni fan marble<\/strong><\/p>\n<p>Mramorni ukrasi u obliku lepeze idealni su za ukra\u0161avanje svih vrsta slastica. Napravljen od vrhunske belgijske \u010dokolade.<\/p>\n<p><strong>Koli\u010dina:<\/strong> 20 kom<br \/>\n<strong>Dimenzija:<\/strong> 30 x 50 mm<br \/>\n<strong>Ukus:<\/strong> tamna \u010dokolada, bijela \u010dokolada<br \/>\n<strong>Format:<\/strong> ventilator<br \/>\n<strong>Upotreba:<\/strong> univerzalno, ro\u0111endan, maj\u010din dan, vjen\u010danje, kr\u0161tenje<\/p>\n<p>\u010cuvajte na temperaturi od 15\u00b0C do 20\u00b0C, dalje od izvora sun\u010deve svjetlosti.<\/p>","protected":false},"excerpt":{"rendered":"<p><strong>\u010cokoladni fan marble<\/strong><\/p>\n<p>Mramorni ukrasi u obliku lepeze idealni su za ukra\u0161avanje svih vrsta slastica. Napravljen od vrhunske belgijske \u010dokolade.<\/p>\n<p>&nbsp;<\/p>","protected":false},"featured_media":5008,"comment_status":"open","ping_status":"closed","template":"","meta":{"om_disable_all_campaigns":false,"inline_featured_image":false,"_monsterinsights_skip_tracking":false,"_monsterinsights_sitenote_active":false,"_monsterinsights_sitenote_note":"","_monsterinsights_sitenote_category":0},"product_brand":[],"product_cat":[117,27],"product_tag":[],"class_list":{"0":"post-5005","1":"product","2":"type-product","3":"status-publish","4":"has-post-thumbnail","6":"product_cat-dekoracija-sladic","7":"product_cat-cokoladni-okraski","8":"pa_kolicina-20-kos","9":"pa_znamka-barbara-luijckx","11":"first","12":"instock","13":"taxable","14":"shipping-taxable","15":"purchasable","16":"product-type-variable","17":"has-default-attributes"},"aioseo_notices":[],"_links":{"self":[{"href":"https:\/\/www.lumist.si\/hr\/wp-json\/wp\/v2\/product\/5005","targetHints":{"allow":["GET"]}}],"collection":[{"href":"https:\/\/www.lumist.si\/hr\/wp-json\/wp\/v2\/product"}],"about":[{"href":"https:\/\/www.lumist.si\/hr\/wp-json\/wp\/v2\/types\/product"}],"replies":[{"embeddable":true,"href":"https:\/\/www.lumist.si\/hr\/wp-json\/wp\/v2\/comments?post=5005"}],"wp:featuredmedia":[{"embeddable":true,"href":"https:\/\/www.lumist.si\/hr\/wp-json\/wp\/v2\/media\/5008"}],"wp:attachment":[{"href":"https:\/\/www.lumist.si\/hr\/wp-json\/wp\/v2\/media?parent=5005"}],"wp:term":[{"taxonomy":"product_brand","embeddable":true,"href":"https:\/\/www.lumist.si\/hr\/wp-json\/wp\/v2\/product_brand?post=5005"},{"taxonomy":"product_cat","embeddable":true,"href":"https:\/\/www.lumist.si\/hr\/wp-json\/wp\/v2\/product_cat?post=5005"},{"taxonomy":"product_tag","embeddable":true,"href":"https:\/\/www.lumist.si\/hr\/wp-json\/wp\/v2\/product_tag?post=5005"}],"curies":[{"name":"wp","href":"https:\/\/api.w.org\/{rel}","templated":true}]}}