{"id":5145,"date":"2022-04-13T19:51:27","date_gmt":"2022-04-13T17:51:27","guid":{"rendered":"https:\/\/www.lumist.si\/?post_type=product&#038;p=5145"},"modified":"2026-03-11T18:18:26","modified_gmt":"2026-03-11T17:18:26","slug":"popki-damascanske-vrtnice-25g","status":"publish","type":"product","link":"https:\/\/www.lumist.si\/hr\/proizvod\/popki-damascanske-vrtnice-25g\/","title":{"rendered":"Popki dama\u0161\u010danske vrtnice 25 g"},"content":{"rendered":"<p><strong>Popki dama\u0161\u010danske vrtnice\u00a0<\/strong><\/p>\n<p>U\u017eitni posu\u0161eni brsti dama\u0161\u010danske vrtnice bodo zaradi svoje \u010dutne arome ugajali ne le o\u010dem, temve\u010d tudi vohalnim in oku\u0161alnim brbon\u010dicam. Za okrasitev tort, sladic in pija\u010d ali za pripravo okusnega vrtni\u010dnega \u010daja. Listi so bogati z <strong>vitamini C<\/strong>, <strong>B<\/strong> i <strong>E<\/strong>.<\/p>\n<p>\u2713 <strong>Sastav<\/strong>: posu\u0161eni popki Dama\u0161\u010danske vrtnice 100%<br \/>\n\u2713 <strong>Botani\u010dki naziv<\/strong>: <span class=\"ILfuVd\" lang=\"en\"><span class=\"hgKElc\">Rosa damascena<\/span><\/span>.<br \/>\n\u2713 <strong>100% prirodna kvaliteta<\/strong>, bez \u0161tetnih tvari\/kemikalija\/te\u0161kih metala.<br \/>\n\u2713 <strong>Pakiranje<\/strong>: 25 g.<\/p>\n<p>Dama\u0161\u010danska ru\u017ea (Rosa \u00d7 damascena), tako\u0111er poznata kao bugarska ru\u017ea, turska ru\u017ea, taifska ru\u017ea, arapska ru\u017ea i ispahanska ru\u017ea, je ru\u017ei\u010dasta ru\u017ea koja je kultivirani hibrid za koji se vjeruje da je nastao u Iranu i kri\u017eanac je izme\u0111u dvije razli\u010dite vrste od ru\u017ea.<\/p>\n<p><strong>Mogu\u0107nosti kori\u0161tenja jestivog cvije\u0107a<\/strong>:<br \/>\n\u2013 Dekoracija torti, slastica, koktela, salata i suhih jela<br \/>\n\u2013 Prirodne prehrambene boje<br \/>\n\u2013 Za\u010dini za salate, umake<br \/>\n\u2013 \u010cajni naparak<br \/>\n\u2013 Pribor za svije\u0107e<br \/>\n\u2013 Mogu se zamrznuti u kockama leda ili dodati u \u017eele<br \/>\n- Mljevene latice dodajte u namaze i maslac, pala\u010dinke i vafle.<\/p>\n<p><em>Iako su pakirani pa\u017eljivo, imajte na umu da su latice i \u010da\u0161ice nevjerojatno krhke zbog su\u0161enja i da \u0107e do\u0107i do prirodnog odvajanja latica.<\/em><\/p>\n<p><strong>\u010cuvati na suhom i tamnom mjestu, daleko od izvora topline i jakih mirisa<\/strong>.<\/p>","protected":false},"excerpt":{"rendered":"<p><strong>Popki dama\u0161\u010danske vrtnice\u00a0<\/strong><\/p>\n<p>U\u017eitni posu\u0161eni brsti dama\u0161\u010danske vrtnice bodo zaradi svoje \u010dutne arome ugajali ne le o\u010dem, temve\u010d tudi vohalnim in oku\u0161alnim brbon\u010dicam. Za okrasitev tort, sladic in pija\u010d ali za pripravo okusnega vrtni\u010dnega \u010daja. Listi so bogati z <strong>vitamini C<\/strong>, <strong>B<\/strong> i <strong>E<\/strong>.<\/p>\n<p>\u2713 <strong>Sastav<\/strong>: posu\u0161eni popki Dama\u0161\u010danske vrtnice 100%<br \/>\n\u2713 <strong>Botani\u010dki naziv<\/strong>: <span class=\"ILfuVd\" lang=\"en\"><span class=\"hgKElc\">Rosa damascena<\/span><\/span>.<br \/>\n\u2713 <strong>100% prirodna kvaliteta<\/strong>, bez \u0161tetnih tvari\/kemikalija\/te\u0161kih metala.<br \/>\n\u2713 <strong>Pakiranje<\/strong>: 25 g.<\/p>\n<p>&nbsp;<\/p>","protected":false},"featured_media":15836,"comment_status":"open","ping_status":"closed","template":"","meta":{"om_disable_all_campaigns":false,"inline_featured_image":false,"_monsterinsights_skip_tracking":false,"_monsterinsights_sitenote_active":false,"_monsterinsights_sitenote_note":"","_monsterinsights_sitenote_category":0},"product_brand":[],"product_cat":[193],"product_tag":[],"class_list":{"0":"post-5145","1":"product","2":"type-product","3":"status-publish","4":"has-post-thumbnail","6":"product_cat-jedilno-cvetje","7":"pa_teza-25-g","9":"first","10":"instock","11":"taxable","12":"shipping-taxable","13":"purchasable","14":"product-type-variable","15":"has-default-attributes"},"aioseo_notices":[],"_links":{"self":[{"href":"https:\/\/www.lumist.si\/hr\/wp-json\/wp\/v2\/product\/5145","targetHints":{"allow":["GET"]}}],"collection":[{"href":"https:\/\/www.lumist.si\/hr\/wp-json\/wp\/v2\/product"}],"about":[{"href":"https:\/\/www.lumist.si\/hr\/wp-json\/wp\/v2\/types\/product"}],"replies":[{"embeddable":true,"href":"https:\/\/www.lumist.si\/hr\/wp-json\/wp\/v2\/comments?post=5145"}],"wp:featuredmedia":[{"embeddable":true,"href":"https:\/\/www.lumist.si\/hr\/wp-json\/wp\/v2\/media\/15836"}],"wp:attachment":[{"href":"https:\/\/www.lumist.si\/hr\/wp-json\/wp\/v2\/media?parent=5145"}],"wp:term":[{"taxonomy":"product_brand","embeddable":true,"href":"https:\/\/www.lumist.si\/hr\/wp-json\/wp\/v2\/product_brand?post=5145"},{"taxonomy":"product_cat","embeddable":true,"href":"https:\/\/www.lumist.si\/hr\/wp-json\/wp\/v2\/product_cat?post=5145"},{"taxonomy":"product_tag","embeddable":true,"href":"https:\/\/www.lumist.si\/hr\/wp-json\/wp\/v2\/product_tag?post=5145"}],"curies":[{"name":"wp","href":"https:\/\/api.w.org\/{rel}","templated":true}]}}