{"id":5276,"date":"2022-05-09T07:22:39","date_gmt":"2022-05-09T05:22:39","guid":{"rendered":"https:\/\/www.lumist.si\/?post_type=product&#038;p=5276"},"modified":"2026-01-10T19:48:13","modified_gmt":"2026-01-10T18:48:13","slug":"jagodna-krema-fond-royal","status":"publish","type":"product","link":"https:\/\/www.lumist.si\/hr\/proizvod\/jagodna-krema-fond-royal\/","title":{"rendered":".Jagodna krema, Fond royal"},"content":{"rendered":"<p><strong>Jagodna krema,Fond Royal<\/strong> je pra\u0161kasti stabilizator za kreme, premaze, pjene i punila svih vrsta. Zbog sadr\u017eaja \u017eelatine, Fond royal osigurava da se krema ne razlije, nadjev je stabilan, a slastica se lijepo re\u017ee. <strong>Jagodna krema fond royal <\/strong>\u00a0vsebuje liofilizirane ko\u0161\u010dke in prah jagod. Z me\u0161anico fond royala smetani ali kak\u0161ni drugi osnovi ni potrebno dodati prav ni\u010desar ve\u010d. Krema bo imela naraven, zna\u010dilen in poln okus ter dobro \u010dvrstost pri rezanju.<\/p>\n<p>Vsebuje:<\/p>\n<p>\u2022 <strong>liofilizirani komadi\u0107i jagoda<\/strong>,<br \/>\n\u2022 <strong>liofilizirani prah jagoda<\/strong>,<br \/>\n\u2022 <strong>\u017eelatina<\/strong> i<br \/>\n\u2022 <strong>pravi omjer \u0161e\u0107era<\/strong>.<\/p>\n<p><strong>Doziranje<\/strong>: 200 g Jagodna krema Fond Royal + 250 ml hladne vode na 1000 ml sladke smetane<\/p>\n<p><strong>Postupak<\/strong>: U zdjeli umutite \u010dvrsto vrhnje dok se ne formiraju mekani vrhovi (ali ne do kraja). Fond Royal pomije\u0161ajte s hladnom vodom. Stavite mikser na najmanju brzinu i uz samo nekoliko okretaja umije\u0161ajte pripremljeni Fond Royal. Po \u017eelji mo\u017eete i dodati <a href=\"https:\/\/www.lumist.si\/hr\/proizvod\/pasta-jagoda\/\" target=\"_blank\" rel=\"noopener\"><strong>pasta od jagoda<\/strong><\/a>, koji \u0107e dodatno obogatiti kremu. Smjesu samo nekoliko puta okrenite, tek toliko da se sastojci ravnomjerno sjedine. Pripremljenu kremu izlijte na podlogu i ohladite.<\/p>\n<p>Za na\u0161u naljepnicu <strong>Royal Fund \u2013 Clean Label<\/strong> karakterizira:<\/p>\n<p><strong>\u2713 odsustvo umjetnih boja,<br \/>\n\u2713 odsustvo modificiranog \u0161kroba i drugih aditiva,<br \/>\n\u2713 sadr\u017ei samo prirodne arome i ima kratak popis sastojaka.<\/strong><\/p>\n<p><strong>Skladi\u0161tenje<\/strong>: \u010cuvati na suhom mjestu daleko od izravnih izvora topline.<\/p>\n<p>&nbsp;<\/p>","protected":false},"excerpt":{"rendered":"<p><strong>Jagodna krema,Fond Royal<\/strong> je pra\u0161kasti stabilizator za kreme, premaze, pjene i punila svih vrsta. Zbog sadr\u017eaja \u017eelatine, Fond royal osigurava da se krema ne razlije, nadjev je stabilan, a slastica se lijepo re\u017ee. <strong>Jagodna krema fond royal <\/strong>\u00a0vsebuje liofilizirane ko\u0161\u010dke in prah jagod. Z me\u0161anico fond royala smetani ali kak\u0161ni drugi osnovi ni potrebno dodati prav ni\u010desar ve\u010d. Krema bo imela naraven, zna\u010dilen in poln okus ter dobro \u010dvrstost pri rezanju.<\/p>\n<p>&nbsp;<\/p>","protected":false},"featured_media":8762,"comment_status":"open","ping_status":"closed","template":"","meta":{"om_disable_all_campaigns":false,"inline_featured_image":false,"_monsterinsights_skip_tracking":false,"_monsterinsights_sitenote_active":false,"_monsterinsights_sitenote_note":"","_monsterinsights_sitenote_category":0},"product_brand":[],"product_cat":[121,262,164],"product_tag":[],"class_list":{"0":"post-5276","1":"product","2":"type-product","3":"status-publish","4":"has-post-thumbnail","6":"product_cat-kreme-polnila","7":"product_cat-kreme-polnila-in-namazi","8":"product_cat-mesanice-za-kreme","9":"pa_okus-jagoda","10":"pa_teza-1-kg","11":"pa_teza-200g","12":"pa_znamka-dreidoppel","14":"first","15":"instock","16":"taxable","17":"shipping-taxable","18":"purchasable","19":"product-type-variable","20":"has-default-attributes"},"aioseo_notices":[],"_links":{"self":[{"href":"https:\/\/www.lumist.si\/hr\/wp-json\/wp\/v2\/product\/5276","targetHints":{"allow":["GET"]}}],"collection":[{"href":"https:\/\/www.lumist.si\/hr\/wp-json\/wp\/v2\/product"}],"about":[{"href":"https:\/\/www.lumist.si\/hr\/wp-json\/wp\/v2\/types\/product"}],"replies":[{"embeddable":true,"href":"https:\/\/www.lumist.si\/hr\/wp-json\/wp\/v2\/comments?post=5276"}],"wp:featuredmedia":[{"embeddable":true,"href":"https:\/\/www.lumist.si\/hr\/wp-json\/wp\/v2\/media\/8762"}],"wp:attachment":[{"href":"https:\/\/www.lumist.si\/hr\/wp-json\/wp\/v2\/media?parent=5276"}],"wp:term":[{"taxonomy":"product_brand","embeddable":true,"href":"https:\/\/www.lumist.si\/hr\/wp-json\/wp\/v2\/product_brand?post=5276"},{"taxonomy":"product_cat","embeddable":true,"href":"https:\/\/www.lumist.si\/hr\/wp-json\/wp\/v2\/product_cat?post=5276"},{"taxonomy":"product_tag","embeddable":true,"href":"https:\/\/www.lumist.si\/hr\/wp-json\/wp\/v2\/product_tag?post=5276"}],"curies":[{"name":"wp","href":"https:\/\/api.w.org\/{rel}","templated":true}]}}