{"id":5472,"date":"2022-05-25T06:02:53","date_gmt":"2022-05-25T04:02:53","guid":{"rendered":"https:\/\/www.lumist.si\/?post_type=product&#038;p=5472"},"modified":"2026-01-10T08:27:19","modified_gmt":"2026-01-10T07:27:19","slug":"carobna-krema-cokolada-450g","status":"publish","type":"product","link":"https:\/\/www.lumist.si\/hr\/proizvod\/carobna-krema-cokolada-450g\/","title":{"rendered":"x\u010carobna krema, \u010cokolada   450 g"},"content":{"rendered":"<p>Mje\u0161avina <strong>FunCakes Enchanted Cream\u00ae<\/strong> savr\u0161en je za punjenje i prekrivanje torti i ostalih peciva. Puno je lak\u0161a od mnogih drugih krema, ali zadr\u017eava gusto\u0107u i \u010dvrsto\u0107u za izuzetno precizno i stabilno premazivanje torti. \u010carobna krema je napravljena u nekoliko minuta. Zahvaljuju\u0107i izrazito bijeloj boji, mo\u017ee se jako dobro bojati prehrambenim bojama.<\/p>\n<p>Lako \u0107ete ga pripremiti u samo nekoliko minuta. Samo dodajte vodu i\/ili mlijeko, promije\u0161ajte i spremno je za upotrebu.<\/p>\n<p><strong>priprema:<\/strong> Za 1 porciju Enchanted Cream\u00ae: Mije\u0161ajte 150 g mje\u0161avine, 100 ml mlijeka i 100 ml vode 3 minute velikom brzinom. Dodajte arome, boje ili pastu po \u017eelji. Kremu mo\u017eete koristiti odmah. Dobivenu kremu mo\u017eete dr\u017eati u hladnjaku nekoliko dana, promije\u0161ajte prije ponovne upotrebe. Po \u017eelji smjesu mo\u017eete pripremiti samo s mlijekom (200 ml) ili samo s vodom (200 ml). Jedna porcija Enchanted Cream\u00ae dovoljna je za punjenje dva kora i prekrivanje 1 torte \u00d825 cm ili kao nadjev za cca. 24-30 kola\u010di\u0107a.<\/p>\n<p><strong>Sadr\u017eaj<\/strong>: 450 g.<\/p>\n<p><strong>Skladi\u0161tenje<\/strong>: \u010duvati na hladnom i suhom mjestu. Ovaj proizvod ima: Halal certifikat.<\/p>","protected":false},"excerpt":{"rendered":"<p>Mje\u0161avina <strong>FunCakes Enchanted Cream\u00ae<\/strong> savr\u0161en je za punjenje i prekrivanje torti i ostalih peciva. Puno je lak\u0161a od mnogih drugih krema, ali zadr\u017eava gusto\u0107u i \u010dvrsto\u0107u za izuzetno precizno i stabilno premazivanje torti. \u010carobna krema je napravljena u nekoliko minuta. Zahvaljuju\u0107i izrazito bijeloj boji, mo\u017ee se jako dobro bojati prehrambenim bojama.<\/p>\n<p>&nbsp;<\/p>","protected":false},"featured_media":5473,"comment_status":"open","ping_status":"closed","template":"","meta":{"om_disable_all_campaigns":false,"inline_featured_image":false,"_monsterinsights_skip_tracking":false,"_monsterinsights_sitenote_active":false,"_monsterinsights_sitenote_note":"","_monsterinsights_sitenote_category":0},"product_brand":[],"product_cat":[164,365],"product_tag":[],"class_list":{"0":"post-5472","1":"product","2":"type-product","3":"status-publish","4":"has-post-thumbnail","6":"product_cat-mesanice-za-kreme","7":"product_cat-v-akciji","8":"pa_znamka-fun-cakes","10":"first","11":"outofstock","12":"sale","13":"taxable","14":"shipping-taxable","15":"purchasable","16":"product-type-simple"},"aioseo_notices":[],"_links":{"self":[{"href":"https:\/\/www.lumist.si\/hr\/wp-json\/wp\/v2\/product\/5472","targetHints":{"allow":["GET"]}}],"collection":[{"href":"https:\/\/www.lumist.si\/hr\/wp-json\/wp\/v2\/product"}],"about":[{"href":"https:\/\/www.lumist.si\/hr\/wp-json\/wp\/v2\/types\/product"}],"replies":[{"embeddable":true,"href":"https:\/\/www.lumist.si\/hr\/wp-json\/wp\/v2\/comments?post=5472"}],"wp:featuredmedia":[{"embeddable":true,"href":"https:\/\/www.lumist.si\/hr\/wp-json\/wp\/v2\/media\/5473"}],"wp:attachment":[{"href":"https:\/\/www.lumist.si\/hr\/wp-json\/wp\/v2\/media?parent=5472"}],"wp:term":[{"taxonomy":"product_brand","embeddable":true,"href":"https:\/\/www.lumist.si\/hr\/wp-json\/wp\/v2\/product_brand?post=5472"},{"taxonomy":"product_cat","embeddable":true,"href":"https:\/\/www.lumist.si\/hr\/wp-json\/wp\/v2\/product_cat?post=5472"},{"taxonomy":"product_tag","embeddable":true,"href":"https:\/\/www.lumist.si\/hr\/wp-json\/wp\/v2\/product_tag?post=5472"}],"curies":[{"name":"wp","href":"https:\/\/api.w.org\/{rel}","templated":true}]}}