{"id":5815,"date":"2022-06-15T18:13:56","date_gmt":"2022-06-15T16:13:56","guid":{"rendered":"https:\/\/www.lumist.si\/?post_type=product&#038;p=5815"},"modified":"2026-01-21T18:28:31","modified_gmt":"2026-01-21T17:28:31","slug":"cvetni-listi-potonike-15g","status":"publish","type":"product","link":"https:\/\/www.lumist.si\/hr\/proizvod\/cvetni-listi-potonike-15g\/","title":{"rendered":"Latice bo\u017eura, 15 g"},"content":{"rendered":"<p><strong>Cvetni listi potonike<\/strong><\/p>\n<p>Bo\u017eur (flos paeoniae) je cvijet sa <strong>velika<\/strong>, <strong>elegantan<\/strong>, <strong>ru\u017ei\u010daste latice<\/strong>. Ovo cvije\u0107e se smatra mirisnim, romanti\u010dnim i nostalgi\u010dnim.<\/p>\n<p>\u2713 <strong>Sastav<\/strong>: 100% latice bo\u017eura.<br \/>\n\u2713 <strong>Botani\u010dki naziv<\/strong>:Paeoniae cvijet<br \/>\n\u2713 <strong>100% prirodna kvaliteta<\/strong>, bez \u0161tetnih tvari\/kemikalija\/te\u0161kih metala.<br \/>\n\u2713 <strong>pakirano:<\/strong> 10 Mr.<\/p>\n<p>Jestivo cvije\u0107e je lijep i prirodan ukras koji svaka kuhinja treba imati. Ukrasit \u0107e va\u0161a jela, od glavnih jela i juha, preko salata i predjela, do slastica i svadbenih torti. Sadr\u017ee vitamine, mineralne soli i izvor su flavonoida koji u ljudskom tijelu djeluju kao antioksidansi.<\/p>\n<p><strong>\u010cuvati na suhom i tamnom mjestu, daleko od topline i jakih mirisa.<\/strong><\/p>","protected":false},"excerpt":{"rendered":"<p><strong>Cvetni listi potonike<\/strong><\/p>\n<p>Bo\u017eur (flos paeoniae) je cvijet sa <strong>velika<\/strong>, <strong>elegantan<\/strong>, <strong>ru\u017ei\u010daste latice<\/strong>. Ovo cvije\u0107e se smatra mirisnim, romanti\u010dnim i nostalgi\u010dnim.<\/p>\n<p>\u2713 <strong>Sastav<\/strong>: 100% latice bo\u017eura.<br \/>\n\u2713 <strong>Botani\u010dki naziv<\/strong>:Paeoniae cvijet<br \/>\n\u2713 <strong>100% prirodna kvaliteta<\/strong>, bez \u0161tetnih tvari\/kemikalija\/te\u0161kih metala.<\/p>","protected":false},"featured_media":8652,"comment_status":"open","ping_status":"closed","template":"","meta":{"om_disable_all_campaigns":false,"inline_featured_image":false,"_monsterinsights_skip_tracking":false,"_monsterinsights_sitenote_active":false,"_monsterinsights_sitenote_note":"","_monsterinsights_sitenote_category":0},"product_brand":[],"product_cat":[193],"product_tag":[],"class_list":{"0":"post-5815","1":"product","2":"type-product","3":"status-publish","4":"has-post-thumbnail","6":"product_cat-jedilno-cvetje","7":"pa_teza-15-g","9":"first","10":"instock","11":"taxable","12":"shipping-taxable","13":"purchasable","14":"product-type-variable","15":"has-default-attributes"},"aioseo_notices":[],"_links":{"self":[{"href":"https:\/\/www.lumist.si\/hr\/wp-json\/wp\/v2\/product\/5815","targetHints":{"allow":["GET"]}}],"collection":[{"href":"https:\/\/www.lumist.si\/hr\/wp-json\/wp\/v2\/product"}],"about":[{"href":"https:\/\/www.lumist.si\/hr\/wp-json\/wp\/v2\/types\/product"}],"replies":[{"embeddable":true,"href":"https:\/\/www.lumist.si\/hr\/wp-json\/wp\/v2\/comments?post=5815"}],"wp:featuredmedia":[{"embeddable":true,"href":"https:\/\/www.lumist.si\/hr\/wp-json\/wp\/v2\/media\/8652"}],"wp:attachment":[{"href":"https:\/\/www.lumist.si\/hr\/wp-json\/wp\/v2\/media?parent=5815"}],"wp:term":[{"taxonomy":"product_brand","embeddable":true,"href":"https:\/\/www.lumist.si\/hr\/wp-json\/wp\/v2\/product_brand?post=5815"},{"taxonomy":"product_cat","embeddable":true,"href":"https:\/\/www.lumist.si\/hr\/wp-json\/wp\/v2\/product_cat?post=5815"},{"taxonomy":"product_tag","embeddable":true,"href":"https:\/\/www.lumist.si\/hr\/wp-json\/wp\/v2\/product_tag?post=5815"}],"curies":[{"name":"wp","href":"https:\/\/api.w.org\/{rel}","templated":true}]}}