{"id":5956,"date":"2022-06-24T10:50:30","date_gmt":"2022-06-24T08:50:30","guid":{"rendered":"https:\/\/www.lumist.si\/?post_type=product&#038;p=5956"},"modified":"2025-10-04T22:14:56","modified_gmt":"2025-10-04T20:14:56","slug":"cvet-roznate-koruznice-10g","status":"publish","type":"product","link":"https:\/\/www.lumist.si\/hr\/proizvod\/cvet-roznate-koruznice-10g\/","title":{"rendered":"Cvet ro\u017enate koruznice,10 g"},"content":{"rendered":"<p><strong>Cvet ro\u017enate koruznice <\/strong><\/p>\n<p>s svojo neverjetno roza barvo predstavljajo popoln dodatek k va\u0161im sladicam, solatam ter ostalim jedem ali napitkom. Uporabite jih tudi v \u010dajnih me\u0161anicah, darilih ali izdelkih za kopanje.<\/p>\n<p><strong>\u2713 Sastav<\/strong>: ru\u017ei\u010dasta latica razli\u010dka 100%.<br \/>\n<strong>\u2713 Botani\u010dki naziv<\/strong>: clitoria ternatea.<br \/>\n<strong>\u2713 100% prirodna kvaliteta<\/strong>, bez \u0161tetnih tvari\/kemikalija\/te\u0161kih metala.<br \/>\n\u2713 Pakirano: 15 g.<\/p>\n<p>Oni izazivaju divljenje, inspiriraju i fasciniraju. Cijenjeni su zbog svojih estetskih kvaliteta. Mame zanimljivom aromom i atraktivnom bojom, a dodaju i zanimljiv okus. Ovo su cvjetne latice. <strong>\u201crazli\u010dak ru\u017ei\u010dasta\u201d<\/strong> \u2013 potpuno prirodno. Opseg njihove upotrebe je vrlo \u0161irok. Oni nisu samo nekonvencionalan ukras, ve\u0107 i vrijedan dodatak jelima.<\/p>\n<p><strong>Mogu\u0107e upotrebe jestivog cvije\u0107a:<\/strong><br \/>\n\u2013 Dekoracija torti, slastica, koktela, salata i suhih jela<br \/>\n\u2013 Prirodne prehrambene boje<br \/>\n\u2013 Za\u010dini za salate, umake<br \/>\n\u2013 \u010cajni naparak<br \/>\n\u2013 Pribor za svije\u0107e<br \/>\n\u2013 Mogu se zamrznuti u kockama leda ili dodati u \u017eele<br \/>\n\u2013 Mljevene latice cvije\u0107a dodajte u namaze i maslac, pala\u010dinke i vafle<\/p>\n<p><strong>\u010cuvati na suhom i tamnom mjestu, daleko od izvora topline i jakih mirisa.<\/strong><\/p>","protected":false},"excerpt":{"rendered":"<p><strong>Cvet ro\u017enate koruznice <\/strong>s svojo neverjetno roza barvo predstavljajo popoln dodatek k va\u0161im sladicam, solatam ter ostalim jedem ali napitkom. Uporabite jih tudi v \u010dajnih me\u0161anicah, darilih ali izdelkih za kopanje.<\/p>\n<p><strong>\u2713 Sastav<\/strong>: ru\u017ei\u010dasta latica razli\u010dka 100%.<br \/>\n<strong>\u2713 Botani\u010dki naziv<\/strong>: clitoria ternatea.<br \/>\n<strong>\u2713 100% prirodna kvaliteta<\/strong>, bez \u0161tetnih tvari\/kemikalija\/te\u0161kih metala.<\/p>","protected":false},"featured_media":6454,"comment_status":"open","ping_status":"closed","template":"","meta":{"om_disable_all_campaigns":false,"inline_featured_image":false,"_monsterinsights_skip_tracking":false,"_monsterinsights_sitenote_active":false,"_monsterinsights_sitenote_note":"","_monsterinsights_sitenote_category":0},"product_brand":[],"product_cat":[193],"product_tag":[],"class_list":{"0":"post-5956","1":"product","2":"type-product","3":"status-publish","4":"has-post-thumbnail","6":"product_cat-jedilno-cvetje","7":"pa_teza-10-g","9":"first","10":"instock","11":"taxable","12":"shipping-taxable","13":"purchasable","14":"product-type-variable","15":"has-default-attributes"},"aioseo_notices":[],"_links":{"self":[{"href":"https:\/\/www.lumist.si\/hr\/wp-json\/wp\/v2\/product\/5956","targetHints":{"allow":["GET"]}}],"collection":[{"href":"https:\/\/www.lumist.si\/hr\/wp-json\/wp\/v2\/product"}],"about":[{"href":"https:\/\/www.lumist.si\/hr\/wp-json\/wp\/v2\/types\/product"}],"replies":[{"embeddable":true,"href":"https:\/\/www.lumist.si\/hr\/wp-json\/wp\/v2\/comments?post=5956"}],"wp:featuredmedia":[{"embeddable":true,"href":"https:\/\/www.lumist.si\/hr\/wp-json\/wp\/v2\/media\/6454"}],"wp:attachment":[{"href":"https:\/\/www.lumist.si\/hr\/wp-json\/wp\/v2\/media?parent=5956"}],"wp:term":[{"taxonomy":"product_brand","embeddable":true,"href":"https:\/\/www.lumist.si\/hr\/wp-json\/wp\/v2\/product_brand?post=5956"},{"taxonomy":"product_cat","embeddable":true,"href":"https:\/\/www.lumist.si\/hr\/wp-json\/wp\/v2\/product_cat?post=5956"},{"taxonomy":"product_tag","embeddable":true,"href":"https:\/\/www.lumist.si\/hr\/wp-json\/wp\/v2\/product_tag?post=5956"}],"curies":[{"name":"wp","href":"https:\/\/api.w.org\/{rel}","templated":true}]}}