{"id":6315,"date":"2022-07-22T09:19:08","date_gmt":"2022-07-22T07:19:08","guid":{"rendered":"https:\/\/www.lumist.si\/?post_type=product&#038;p=6315"},"modified":"2026-03-02T09:08:27","modified_gmt":"2026-03-02T08:08:27","slug":"acetatna-folija-za-veckratno-uporabo-10cmx5m","status":"publish","type":"product","link":"https:\/\/www.lumist.si\/hr\/proizvod\/acetatna-folija-za-veckratno-uporabo-10cmx5m\/","title":{"rendered":"Acetatna folija, 10 cm x 5 m"},"content":{"rendered":"","protected":false},"excerpt":{"rendered":"<p><strong>Acetatna folija za vi\u0161ekratnu upotrebu<\/strong> za oblikovanje visokih slastica i za jednostavno va\u0111enje iz posuda i modela.<\/p>\n<p>Dimenzije: 10 cm x 5 m.<br \/>\nBoja: prozirna.<br \/>\nMaterijal: PVC, siguran za hranu.<br \/>\nNije prikladno za pe\u0107nicu i perilicu posu\u0111a.<br \/>\nUpute za \u010di\u0161\u0107enje: Prije prve i nakon svake upotrebe operite u toploj vodi i osu\u0161ite.<\/p>\n<p>&nbsp;<\/p>","protected":false},"featured_media":15010,"comment_status":"open","ping_status":"closed","template":"","meta":{"om_disable_all_campaigns":false,"inline_featured_image":false,"_monsterinsights_skip_tracking":false,"_monsterinsights_sitenote_active":false,"_monsterinsights_sitenote_note":"","_monsterinsights_sitenote_category":0},"product_brand":[],"product_cat":[415],"product_tag":[152],"class_list":{"0":"post-6315","1":"product","2":"type-product","3":"status-publish","4":"has-post-thumbnail","6":"product_cat-pripomocki","7":"product_tag-novosti","9":"first","10":"instock","11":"taxable","12":"shipping-taxable","13":"purchasable","14":"product-type-simple"},"aioseo_notices":[],"_links":{"self":[{"href":"https:\/\/www.lumist.si\/hr\/wp-json\/wp\/v2\/product\/6315","targetHints":{"allow":["GET"]}}],"collection":[{"href":"https:\/\/www.lumist.si\/hr\/wp-json\/wp\/v2\/product"}],"about":[{"href":"https:\/\/www.lumist.si\/hr\/wp-json\/wp\/v2\/types\/product"}],"replies":[{"embeddable":true,"href":"https:\/\/www.lumist.si\/hr\/wp-json\/wp\/v2\/comments?post=6315"}],"wp:featuredmedia":[{"embeddable":true,"href":"https:\/\/www.lumist.si\/hr\/wp-json\/wp\/v2\/media\/15010"}],"wp:attachment":[{"href":"https:\/\/www.lumist.si\/hr\/wp-json\/wp\/v2\/media?parent=6315"}],"wp:term":[{"taxonomy":"product_brand","embeddable":true,"href":"https:\/\/www.lumist.si\/hr\/wp-json\/wp\/v2\/product_brand?post=6315"},{"taxonomy":"product_cat","embeddable":true,"href":"https:\/\/www.lumist.si\/hr\/wp-json\/wp\/v2\/product_cat?post=6315"},{"taxonomy":"product_tag","embeddable":true,"href":"https:\/\/www.lumist.si\/hr\/wp-json\/wp\/v2\/product_tag?post=6315"}],"curies":[{"name":"wp","href":"https:\/\/api.w.org\/{rel}","templated":true}]}}