{"id":6497,"date":"2022-08-11T22:01:58","date_gmt":"2022-08-11T20:01:58","guid":{"rendered":"https:\/\/www.lumist.si\/?post_type=product&#038;p=6497"},"modified":"2026-03-02T09:01:07","modified_gmt":"2026-03-02T08:01:07","slug":"silikomart-popiscle-palcke-mini","status":"publish","type":"product","link":"https:\/\/www.lumist.si\/hr\/proizvod\/silikomart-popiscle-palcke-mini\/","title":{"rendered":"Pal\u010dke, 11 cm (Silikomart), 20 kos"},"content":{"rendered":"","protected":false},"excerpt":{"rendered":"<p>SILIKOMART POPSICLE LESENE PAL\u010cKE<br \/>\nTe mini lesene pal\u010dke znamke Silikomart so idealne za tortice na pal\u010dkah, sladoledne lu\u010dke, itd.<\/p>\n<p>Mere: 11 x 1 x 0,2 cm.<br \/>\nVsebuje: 100 kos.<\/p>","protected":false},"featured_media":6498,"comment_status":"open","ping_status":"closed","template":"","meta":{"om_disable_all_campaigns":false,"inline_featured_image":false,"_monsterinsights_skip_tracking":false,"_monsterinsights_sitenote_active":false,"_monsterinsights_sitenote_note":"","_monsterinsights_sitenote_category":0},"product_brand":[],"product_cat":[415],"product_tag":[],"class_list":{"0":"post-6497","1":"product","2":"type-product","3":"status-publish","4":"has-post-thumbnail","6":"product_cat-pripomocki","8":"first","9":"instock","10":"taxable","11":"shipping-taxable","12":"purchasable","13":"product-type-simple"},"aioseo_notices":[],"_links":{"self":[{"href":"https:\/\/www.lumist.si\/hr\/wp-json\/wp\/v2\/product\/6497","targetHints":{"allow":["GET"]}}],"collection":[{"href":"https:\/\/www.lumist.si\/hr\/wp-json\/wp\/v2\/product"}],"about":[{"href":"https:\/\/www.lumist.si\/hr\/wp-json\/wp\/v2\/types\/product"}],"replies":[{"embeddable":true,"href":"https:\/\/www.lumist.si\/hr\/wp-json\/wp\/v2\/comments?post=6497"}],"wp:featuredmedia":[{"embeddable":true,"href":"https:\/\/www.lumist.si\/hr\/wp-json\/wp\/v2\/media\/6498"}],"wp:attachment":[{"href":"https:\/\/www.lumist.si\/hr\/wp-json\/wp\/v2\/media?parent=6497"}],"wp:term":[{"taxonomy":"product_brand","embeddable":true,"href":"https:\/\/www.lumist.si\/hr\/wp-json\/wp\/v2\/product_brand?post=6497"},{"taxonomy":"product_cat","embeddable":true,"href":"https:\/\/www.lumist.si\/hr\/wp-json\/wp\/v2\/product_cat?post=6497"},{"taxonomy":"product_tag","embeddable":true,"href":"https:\/\/www.lumist.si\/hr\/wp-json\/wp\/v2\/product_tag?post=6497"}],"curies":[{"name":"wp","href":"https:\/\/api.w.org\/{rel}","templated":true}]}}