{"id":6805,"date":"2022-09-27T15:30:13","date_gmt":"2022-09-27T13:30:13","guid":{"rendered":"https:\/\/www.lumist.si\/?post_type=product&#038;p=6805"},"modified":"2025-10-13T20:17:36","modified_gmt":"2025-10-13T18:17:36","slug":"jedilne-barve-sugarflair-okra-22g","status":"publish","type":"product","link":"https:\/\/www.lumist.si\/hr\/proizvod\/jedilne-barve-sugarflair-okra-22g\/","title":{"rendered":"Jedilne barve, Sugarflair Okra 22 g"},"content":{"rendered":"<p><strong>Jedilne barve, Sugarflair Okra<\/strong><\/p>\n<p>Univerzalne paste <strong>Boja Sugarflair<\/strong>s za bojanje marcipana, fondana, tijesta, \u010dokolade, nadjeva, puterkrema,...<\/p>\n<p><strong>upute<\/strong>: bojajte u malim koli\u010dinama nanose\u0107i pastu vrhom \u0161tapi\u0107a ili \u010da\u010dkalice, zatim dobro gnje\u010dite ili promije\u0161ajte dok ne dobijete \u017eeljenu boju. Za bogatiju nijansu dodajte vi\u0161e boje. Sugarflair &quot;French Rose&quot; univerzalna boja je svestrana jer je prikladna za bojanje marcipana, fondana, tijesta, \u010dokolade i nadjeva.<\/p>\n<p><strong>\u2713<\/strong> Prikladno za svu hranu na bazi vode i ulja.<\/p>\n<p><strong>Boja:<\/strong> Oker \u2013 oker.<br \/>\n<strong>Sadr\u017eaj:<\/strong> 22 grama.<\/p>\n<p>\u010cuvati na suhom i tamnom mjestu, daleko od izvora sun\u010deve svjetlosti.<\/p>","protected":false},"excerpt":{"rendered":"<p>Jedilne barve, Sugarflai, Okra<\/p>\n<p>Univerzalne paste <strong>Boja Sugarflair<\/strong>s za bojanje marcipana, fondana, tijesta, \u010dokolade, nadjeva, puterkrema,...<\/p>\n<p>&nbsp;<\/p>","protected":false},"featured_media":8882,"comment_status":"open","ping_status":"closed","template":"","meta":{"om_disable_all_campaigns":false,"inline_featured_image":false,"_monsterinsights_skip_tracking":false,"_monsterinsights_sitenote_active":false,"_monsterinsights_sitenote_note":"","_monsterinsights_sitenote_category":0},"product_brand":[],"product_cat":[124,257],"product_tag":[],"class_list":{"0":"post-6805","1":"product","2":"type-product","3":"status-publish","4":"has-post-thumbnail","6":"product_cat-jedilne-barve-in-blescice","7":"product_cat-jedilne-barve","8":"pa_znamka-sugarflair","10":"first","11":"instock","12":"taxable","13":"shipping-taxable","14":"purchasable","15":"product-type-simple"},"aioseo_notices":[],"_links":{"self":[{"href":"https:\/\/www.lumist.si\/hr\/wp-json\/wp\/v2\/product\/6805","targetHints":{"allow":["GET"]}}],"collection":[{"href":"https:\/\/www.lumist.si\/hr\/wp-json\/wp\/v2\/product"}],"about":[{"href":"https:\/\/www.lumist.si\/hr\/wp-json\/wp\/v2\/types\/product"}],"replies":[{"embeddable":true,"href":"https:\/\/www.lumist.si\/hr\/wp-json\/wp\/v2\/comments?post=6805"}],"wp:featuredmedia":[{"embeddable":true,"href":"https:\/\/www.lumist.si\/hr\/wp-json\/wp\/v2\/media\/8882"}],"wp:attachment":[{"href":"https:\/\/www.lumist.si\/hr\/wp-json\/wp\/v2\/media?parent=6805"}],"wp:term":[{"taxonomy":"product_brand","embeddable":true,"href":"https:\/\/www.lumist.si\/hr\/wp-json\/wp\/v2\/product_brand?post=6805"},{"taxonomy":"product_cat","embeddable":true,"href":"https:\/\/www.lumist.si\/hr\/wp-json\/wp\/v2\/product_cat?post=6805"},{"taxonomy":"product_tag","embeddable":true,"href":"https:\/\/www.lumist.si\/hr\/wp-json\/wp\/v2\/product_tag?post=6805"}],"curies":[{"name":"wp","href":"https:\/\/api.w.org\/{rel}","templated":true}]}}