{"id":6813,"date":"2022-09-27T17:54:59","date_gmt":"2022-09-27T15:54:59","guid":{"rendered":"https:\/\/www.lumist.si\/?post_type=product&#038;p=6813"},"modified":"2025-10-14T08:04:31","modified_gmt":"2025-10-14T06:04:31","slug":"jedilne-barve-sugarflair-magenta-25g","status":"publish","type":"product","link":"https:\/\/www.lumist.si\/hr\/proizvod\/jedilne-barve-sugarflair-magenta-25g\/","title":{"rendered":"Jedilne barve Sugarflair , Magenta 25 g"},"content":{"rendered":"<p><strong>Jedilne barve Sugarflair, Magenta 25 g<\/strong><\/p>\n<p>Koncentrirane paste u boji<strong>\u00a0Sugarflair Spectral<\/strong>\u00a0za bojanje marcipana, fondanta, glazura i svih namirnica na bazi vode.<\/p>\n<p>Sugarflair barve za \u017eivila so zelo mo\u010dna barvila, narejena v obliki gela. Barvo s konico pal\u010dke ali zobotrebca previdno in postopoma dodajajte, glede na \u017eeljen odtenek. Dose\u017eete lahko najne\u017enej\u0161e pastelne barve, medtem ko dodajanje ve\u010d paste zagotavlja \u017eivahne barve, ne da bi spremenili konsistenco izdelka.<\/p>\n<p><strong>Upute:<\/strong> bojajte u malim koli\u010dinama nano\u0161enjem paste vrhom \u0161tapi\u0107a ili \u010da\u010dkalice, zatim dobro gnje\u010dite ili promije\u0161ajte dok ne dobijete \u017eeljenu boju. Dodajte vi\u0161e boje za bogatiju nijansu. <strong>The Spectral Sugarflair \u201cMagenta\u201d<\/strong> pogodan je za bojanje marcipana, fondanta i glazura te svih namirnica na bazi vode.<\/p>\n<p>Barva: Magenta.<br \/>\nSadr\u017eaj: 25 grama.<\/p>\n<p>Prikladno za svu hranu na bazi vode.<\/p>\n<p>\u010cuvati na suhom i tamnom mjestu, daleko od izvora sun\u010deve svjetlosti.<\/p>","protected":false},"excerpt":{"rendered":"<p><strong>Jedilne barve Sugarflair, Magenta 25 g<\/strong><\/p>\n<p>Koncentrirane paste u boji<strong> Sugarflair Spectral<\/strong> za bojanje marcipana, fondanta, glazura i svih namirnica na bazi vode.<\/p>\n<p>&nbsp;<\/p>","protected":false},"featured_media":8862,"comment_status":"open","ping_status":"closed","template":"","meta":{"om_disable_all_campaigns":false,"inline_featured_image":false,"_monsterinsights_skip_tracking":false,"_monsterinsights_sitenote_active":false,"_monsterinsights_sitenote_note":"","_monsterinsights_sitenote_category":0},"product_brand":[],"product_cat":[124,257],"product_tag":[],"class_list":{"0":"post-6813","1":"product","2":"type-product","3":"status-publish","4":"has-post-thumbnail","6":"product_cat-jedilne-barve-in-blescice","7":"product_cat-jedilne-barve","9":"first","10":"instock","11":"taxable","12":"shipping-taxable","13":"purchasable","14":"product-type-simple"},"aioseo_notices":[],"_links":{"self":[{"href":"https:\/\/www.lumist.si\/hr\/wp-json\/wp\/v2\/product\/6813","targetHints":{"allow":["GET"]}}],"collection":[{"href":"https:\/\/www.lumist.si\/hr\/wp-json\/wp\/v2\/product"}],"about":[{"href":"https:\/\/www.lumist.si\/hr\/wp-json\/wp\/v2\/types\/product"}],"replies":[{"embeddable":true,"href":"https:\/\/www.lumist.si\/hr\/wp-json\/wp\/v2\/comments?post=6813"}],"wp:featuredmedia":[{"embeddable":true,"href":"https:\/\/www.lumist.si\/hr\/wp-json\/wp\/v2\/media\/8862"}],"wp:attachment":[{"href":"https:\/\/www.lumist.si\/hr\/wp-json\/wp\/v2\/media?parent=6813"}],"wp:term":[{"taxonomy":"product_brand","embeddable":true,"href":"https:\/\/www.lumist.si\/hr\/wp-json\/wp\/v2\/product_brand?post=6813"},{"taxonomy":"product_cat","embeddable":true,"href":"https:\/\/www.lumist.si\/hr\/wp-json\/wp\/v2\/product_cat?post=6813"},{"taxonomy":"product_tag","embeddable":true,"href":"https:\/\/www.lumist.si\/hr\/wp-json\/wp\/v2\/product_tag?post=6813"}],"curies":[{"name":"wp","href":"https:\/\/api.w.org\/{rel}","templated":true}]}}