{"id":6830,"date":"2022-09-27T22:33:46","date_gmt":"2022-09-27T20:33:46","guid":{"rendered":"https:\/\/www.lumist.si\/?post_type=product&#038;p=6830"},"modified":"2025-09-28T20:28:16","modified_gmt":"2025-09-28T18:28:16","slug":"jedilne-barve-sugarflair-zlato-roznata","status":"publish","type":"product","link":"https:\/\/www.lumist.si\/hr\/proizvod\/jedilne-barve-sugarflair-zlato-roznata\/","title":{"rendered":"Jedilne barve Sugarflair , Zlato ro\u017enata, 35 g"},"content":{"rendered":"<p><strong>JEDILNE BARVE SUGARFLAIR,\u00a0 ZLATO RO\u017dNATA-<\/strong> <em>bez E171<\/em><\/p>\n<p>Barvanje \u010dokolade \u0161e nikoli ni bilo la\u017eje s jedilne barve Sugarflair Zlato Ro\u017enato . Barve so narejene iz obarvanega kakavovega masla in so posebej zasnovane za dodajanje \u017eivahnosti va\u0161im \u010dokoladnim izdelkom. So vsestranske in enostavne za uporabo. Preprosto jih ne\u017eno segrejte v mikrovalovni pe\u010dici, nato pa jih dodajte temperirani \u010dokoladi ali pa s \u010dopi\u010dem prema\u017eite po modelu za \u010dokolado ali na acetatni plo\u0161\u010di ustvarite \u010dudovite vzorce.<\/p>\n<p><strong>Upozorenje:<\/strong> bijeli, okrugli tragovi koji se pojavljuju na boji u posudi mogli bi izazvati uzbunu zbog &quot;sli\u010dnosti plijesni&quot;, bijelih tragova na kakao \u010dokoladi. Jam\u010dimo da ove oznake nisu plijesan i prirodni su proces odvajanja poznat kao cvjetanje kakao maslaca ili &quot;cvjetanje masno\u0107e&quot;. Ako ponovno otopite \u010dokoladnu boju, mrlje \u0107e nestati i boja \u0107e djelovati kako se o\u010dekuje.<\/p>\n<p>\u010cuvati na suhom i tamnom mjestu, daleko od izvora sun\u010deve svjetlosti.<\/p>\n<p>Svojim \u010dokoladnim izdelkom podarite ro\u017enato zlat videz s kvalitetno jedilne barve\u00a0 <strong>Sugarflair, zlato ro\u017enata.<\/strong>\u00a0Odli\u010dna tudi za barvanje kalupov ali detajlov na \u010dokoladi.Idealne so za me\u0161anje z belo \u010dokolado. Barvo segrejte v mikrovalovki ali vro\u010di vodni kopeli in jo enostavno vme\u0161ajte v temperirano belo \u010dokolado; najprej manj\u0161o koli\u010dino barve in nato glede na \u017eeljeno intenziteto, dodajajte barvo po malem ter postopoma, svetujemo s konico zobotrebca.<\/p>\n<p><strong>Upute za uporabu<\/strong>: Skinite poklopac i zagrijavajte u mikrovalnoj pe\u0107nici na punoj snazi (800 W) u intervalima od 10 sekundi dok se sadr\u017eaj ne po\u010dne topiti. Dobro promije\u0161ajte i ponovite dok se potpuno ne otopi. Druga mogu\u0107nost je otopiti boju stavljanjem lonca u toplu vodu.<\/p>\n<p><strong>Karakteristike:<\/strong><br \/>\n\u2713 Zlato ro\u017enata<br \/>\n\u2713 Boje se postupno razvijaju, stoga preporu\u010dujemo da obojite kremu i ostavite je da odstoji preko no\u0107i.<br \/>\n\u2713 100% jestivo, bez E171<br \/>\n\u2713 Certificirani ko\u0161er, pogodan za vegetarijance i vegane, bez glutena<\/p>\n<p><strong>Neto sadr\u017eaj<\/strong>: 35 Mr.<\/p>\n<p>\u010cuvati na suhom i tamnom mjestu, na sobnoj temperaturi.<br \/>\nUpotrijebiti najmanje do datuma otisnutog na pakiranju.<\/p>","protected":false},"excerpt":{"rendered":"<p><strong>JEDILNE BARVE SUGARFLAIR,\u00a0 ZLATO RO\u017dNATA-<\/strong> <em>bez E171<\/em><\/p>\n<p>Barvanje \u010dokolade \u0161e nikoli ni bilo la\u017eje s jedilne barve Sugarflair Zlato Ro\u017enato. Barve so narejene iz obarvanega kakavovega masla in so posebej zasnovane za dodajanje \u017eivahnosti va\u0161im \u010dokoladnim izdelkom. So vsestranske in enostavne za uporabo. Preprosto jih ne\u017eno segrejte v mikrovalovni pe\u010dici, nato pa jih dodajte temperirani \u010dokoladi ali pa s \u010dopi\u010dem prema\u017eite po modelu za \u010dokolado ali na acetatni plo\u0161\u010di ustvarite \u010dudovite vzorce.<\/p>\n<p>&nbsp;<\/p>","protected":false},"featured_media":6831,"comment_status":"open","ping_status":"closed","template":"","meta":{"om_disable_all_campaigns":false,"inline_featured_image":false,"_monsterinsights_skip_tracking":false,"_monsterinsights_sitenote_active":false,"_monsterinsights_sitenote_note":"","_monsterinsights_sitenote_category":0},"product_brand":[],"product_cat":[124,257],"product_tag":[],"class_list":{"0":"post-6830","1":"product","2":"type-product","3":"status-publish","4":"has-post-thumbnail","6":"product_cat-jedilne-barve-in-blescice","7":"product_cat-jedilne-barve","8":"pa_znamka-sugarflair","10":"first","11":"instock","12":"taxable","13":"shipping-taxable","14":"purchasable","15":"product-type-simple"},"aioseo_notices":[],"_links":{"self":[{"href":"https:\/\/www.lumist.si\/hr\/wp-json\/wp\/v2\/product\/6830","targetHints":{"allow":["GET"]}}],"collection":[{"href":"https:\/\/www.lumist.si\/hr\/wp-json\/wp\/v2\/product"}],"about":[{"href":"https:\/\/www.lumist.si\/hr\/wp-json\/wp\/v2\/types\/product"}],"replies":[{"embeddable":true,"href":"https:\/\/www.lumist.si\/hr\/wp-json\/wp\/v2\/comments?post=6830"}],"wp:featuredmedia":[{"embeddable":true,"href":"https:\/\/www.lumist.si\/hr\/wp-json\/wp\/v2\/media\/6831"}],"wp:attachment":[{"href":"https:\/\/www.lumist.si\/hr\/wp-json\/wp\/v2\/media?parent=6830"}],"wp:term":[{"taxonomy":"product_brand","embeddable":true,"href":"https:\/\/www.lumist.si\/hr\/wp-json\/wp\/v2\/product_brand?post=6830"},{"taxonomy":"product_cat","embeddable":true,"href":"https:\/\/www.lumist.si\/hr\/wp-json\/wp\/v2\/product_cat?post=6830"},{"taxonomy":"product_tag","embeddable":true,"href":"https:\/\/www.lumist.si\/hr\/wp-json\/wp\/v2\/product_tag?post=6830"}],"curies":[{"name":"wp","href":"https:\/\/api.w.org\/{rel}","templated":true}]}}