{"id":6980,"date":"2022-10-16T16:25:50","date_gmt":"2022-10-16T14:25:50","guid":{"rendered":"https:\/\/www.lumist.si\/?post_type=product&#038;p=6980"},"modified":"2026-01-19T10:00:05","modified_gmt":"2026-01-19T09:00:05","slug":"pick-up-stick-crno-zlata","status":"publish","type":"product","link":"https:\/\/www.lumist.si\/hr\/proizvod\/pick-up-stick-crno-zlata\/","title":{"rendered":"Pick Up Stick, \u010drno zlata 19 kos"},"content":{"rendered":"<p>Pick Up Stick, \u010drno zlata<\/p>\n<p>Elegantna zlatno crna <strong>&quot;Pokupiti&quot;<\/strong> ukrasni \u0161tapi\u0107i za sve, pa i najfinije slastice. Od tamne \u010dokolade, sa zlatotiskom.<\/p>\n<p><strong>Koli\u010dina<\/strong>: 19 kom<br \/>\n<strong>Dimenzija:<\/strong> 12 cm<br \/>\n<strong>Ukus<\/strong>: tamna \u010dokolada<br \/>\n<strong>Oblik<\/strong>: patuljak<br \/>\n<strong>Svrha:<\/strong> za Maj\u010din dan, ro\u0111endan, Bo\u017ei\u0107, kr\u0161tenje.<\/p>\n<p><strong>Skladi\u0161tenje:<\/strong><br \/>\n\u010cokoladne pal\u010dke so ob\u010dutljive na visoke temperature in se hitro stopijo, zato jih hranite v hladnem in suhem prostoru, stran od neposredne svetlobe, v tesno zaprti embala\u017ei. Tako bodo ohranili svojo obliko, sijaj in krhkost.<\/p>","protected":false},"excerpt":{"rendered":"<p><strong>Pick Up Stick, \u010crno zlata<\/strong><\/p>\n<p>Elegantna zlatno crna <strong>&quot;Pokupiti&quot;<\/strong> ukrasni \u0161tapi\u0107i za sve, pa i najfinije slastice. Od tamne \u010dokolade, sa zlatotiskom.<\/p>\n<p>&nbsp;<\/p>","protected":false},"featured_media":6982,"comment_status":"open","ping_status":"closed","template":"","meta":{"om_disable_all_campaigns":false,"inline_featured_image":false,"_monsterinsights_skip_tracking":false,"_monsterinsights_sitenote_active":false,"_monsterinsights_sitenote_note":"","_monsterinsights_sitenote_category":0},"product_brand":[],"product_cat":[117,27],"product_tag":[],"class_list":{"0":"post-6980","1":"product","2":"type-product","3":"status-publish","4":"has-post-thumbnail","6":"product_cat-dekoracija-sladic","7":"product_cat-cokoladni-okraski","8":"pa_kolicina-19-kos","10":"first","11":"instock","12":"taxable","13":"shipping-taxable","14":"purchasable","15":"product-type-simple"},"aioseo_notices":[],"_links":{"self":[{"href":"https:\/\/www.lumist.si\/hr\/wp-json\/wp\/v2\/product\/6980","targetHints":{"allow":["GET"]}}],"collection":[{"href":"https:\/\/www.lumist.si\/hr\/wp-json\/wp\/v2\/product"}],"about":[{"href":"https:\/\/www.lumist.si\/hr\/wp-json\/wp\/v2\/types\/product"}],"replies":[{"embeddable":true,"href":"https:\/\/www.lumist.si\/hr\/wp-json\/wp\/v2\/comments?post=6980"}],"wp:featuredmedia":[{"embeddable":true,"href":"https:\/\/www.lumist.si\/hr\/wp-json\/wp\/v2\/media\/6982"}],"wp:attachment":[{"href":"https:\/\/www.lumist.si\/hr\/wp-json\/wp\/v2\/media?parent=6980"}],"wp:term":[{"taxonomy":"product_brand","embeddable":true,"href":"https:\/\/www.lumist.si\/hr\/wp-json\/wp\/v2\/product_brand?post=6980"},{"taxonomy":"product_cat","embeddable":true,"href":"https:\/\/www.lumist.si\/hr\/wp-json\/wp\/v2\/product_cat?post=6980"},{"taxonomy":"product_tag","embeddable":true,"href":"https:\/\/www.lumist.si\/hr\/wp-json\/wp\/v2\/product_tag?post=6980"}],"curies":[{"name":"wp","href":"https:\/\/api.w.org\/{rel}","templated":true}]}}