{"id":7249,"date":"2022-11-23T20:18:13","date_gmt":"2022-11-23T19:18:13","guid":{"rendered":"https:\/\/www.lumist.si\/?post_type=product&#038;p=7249"},"modified":"2026-01-04T20:38:29","modified_gmt":"2026-01-04T19:38:29","slug":"extra-bel-fondant-renshaw-250-g","status":"publish","type":"product","link":"https:\/\/www.lumist.si\/hr\/proizvod\/extra-bel-fondant-renshaw-250-g\/","title":{"rendered":"White extra Fondan za prekrivanje - Renshaw, 250 g"},"content":{"rendered":"<p>R01952<\/p>","protected":false},"excerpt":{"rendered":"<p><strong>Cena za paket 250 g &#8211; 3,40 \u20ac z ddv.<\/strong><\/p>\n<p>FONDANT PRO &#8211; Extra bel, Renshaw<\/p>\n<p>Renshaw fondant pro extra je posebej oblikovan, tako da je izjemno \u010dvrst in ekstra elasti\u010den.<br \/>\nFondant z okusom vanilije, ki prihaja iz Zdru\u017eenega kraljestva (UK) je zelo elasti\u010den, a \u010dvrst in se ne lepi. Zaradi gladkega zaklju\u010dka je idealen za prekrivanje tort, lahko pa se uporablja tudi za izdelavo \u010dudovitih okraskov.<\/p>\n<p>Potrebujete cca. 500 gramov fondanta za prekrivanje okrogle torte s premerom 24-26 cm ali kvadratne torte 20&#215;20 cm.<\/p>\n<p>Sestavine: sladkor, glukozni sirup, palmovo olje, voda, vla\u017eilec: E422, emulgator: E471, stabilizator: E413, E466, konzervans: E202, naravna aroma.<\/p>\n<p>Lahko vsebuje sledi: jajc, soje, mleka, ore\u0161\u010dkov, \u017eveplovega dioksida in sulfitov (E220-E228) v koncentracijah nad 10 mg\/kg ali 10 mg\/l, izra\u017eenih kot SO2.<\/p>\n<p>Ta izdelek ima: certifikat ko\u0161er, certifikat halal, primeren za vegetarijance, primeren za vegane.<\/p>\n<p>Neto vsebina: 250g.<\/p>","protected":false},"featured_media":7250,"comment_status":"open","ping_status":"closed","template":"","meta":{"om_disable_all_campaigns":false,"inline_featured_image":false,"_monsterinsights_skip_tracking":false,"_monsterinsights_sitenote_active":false,"_monsterinsights_sitenote_note":"","_monsterinsights_sitenote_category":0},"product_brand":[],"product_cat":[365],"product_tag":[],"class_list":{"0":"post-7249","1":"product","2":"type-product","3":"status-publish","4":"has-post-thumbnail","6":"product_cat-v-akciji","8":"first","9":"instock","10":"sale","11":"taxable","12":"shipping-taxable","13":"purchasable","14":"product-type-simple"},"aioseo_notices":[],"_links":{"self":[{"href":"https:\/\/www.lumist.si\/hr\/wp-json\/wp\/v2\/product\/7249","targetHints":{"allow":["GET"]}}],"collection":[{"href":"https:\/\/www.lumist.si\/hr\/wp-json\/wp\/v2\/product"}],"about":[{"href":"https:\/\/www.lumist.si\/hr\/wp-json\/wp\/v2\/types\/product"}],"replies":[{"embeddable":true,"href":"https:\/\/www.lumist.si\/hr\/wp-json\/wp\/v2\/comments?post=7249"}],"wp:featuredmedia":[{"embeddable":true,"href":"https:\/\/www.lumist.si\/hr\/wp-json\/wp\/v2\/media\/7250"}],"wp:attachment":[{"href":"https:\/\/www.lumist.si\/hr\/wp-json\/wp\/v2\/media?parent=7249"}],"wp:term":[{"taxonomy":"product_brand","embeddable":true,"href":"https:\/\/www.lumist.si\/hr\/wp-json\/wp\/v2\/product_brand?post=7249"},{"taxonomy":"product_cat","embeddable":true,"href":"https:\/\/www.lumist.si\/hr\/wp-json\/wp\/v2\/product_cat?post=7249"},{"taxonomy":"product_tag","embeddable":true,"href":"https:\/\/www.lumist.si\/hr\/wp-json\/wp\/v2\/product_tag?post=7249"}],"curies":[{"name":"wp","href":"https:\/\/api.w.org\/{rel}","templated":true}]}}